{"id":23,"date":"2022-05-24T00:42:28","date_gmt":"2022-05-24T00:42:28","guid":{"rendered":"https:\/\/www.blmovil.com\/verifimovil\/?page_id=23"},"modified":"2022-06-06T23:26:58","modified_gmt":"2022-06-06T23:26:58","slug":"funcionalidades","status":"publish","type":"page","link":"https:\/\/www.blmovil.com\/verifimovil\/funcionalidades\/","title":{"rendered":"Funcionalidades"},"content":{"rendered":"\n<h1 class=\"has-text-align-center wp-block-heading\">Funcionalidades de Verifim\u00f3vil<\/h1>\n\n\n\n<p class=\"has-text-align-justify\">Verifimovil es la \u00fanica plataforma desarrollada espec\u00edficamente para la gesti\u00f3n de su verificentro, que permite automatizar la captura de datos evitando errores, facturar de forma autom\u00e1tica los servicios, gestionar clientes de cr\u00e9dito, controlar los ingresos y hologramas, generando reportes de estado en tiempo real.<\/p>\n\n\n\n<div style=\"height:30px\" aria-hidden=\"true\" class=\"wp-block-spacer\"><\/div>\n\n\n\n<div class=\"wp-block-columns is-layout-flex wp-container-core-columns-is-layout-28f84493 wp-block-columns-is-layout-flex\">\n<div class=\"wp-block-column is-layout-flow wp-block-column-is-layout-flow\">\n<div class=\"wp-block-uagb-info-box uagb-infobox__outer-wrap uagb-block-f113b33a\"><div class=\"uagb-infobox__content-wrap uagb-infobox uagb-infobox-has-image uagb-infobox-icon-above-title uagb-infobox-image-valign-top uagb-infobox-enable-border-radius \"><div class=\"uagb-ifb-left-right-wrap\"><div class=\"uagb-ifb-content\"><div class=\"uagb-ifb-image-icon-content uagb-ifb-imgicon-wrap\"><div class=\"uagb-ifb-image\"><div class=\"uagb-ifb-image-content\"><img decoding=\"async\" class=\"uagb-ifb-img-src\" src=\"https:\/\/www.blmovil.com\/verifimovil\/wp-content\/uploads\/sites\/22\/2022\/05\/codigo-qr-1-150x150.png\" alt=\"Captura de Datos\"\/><\/div><\/div><\/div><div class=\"uagb-ifb-title-wrap\"><h3 class=\"uagb-ifb-title\">Captura de Datos Automatizada<\/h3><\/div><div class=\"uagb-ifb-separator-parent\"><div class=\"uagb-ifb-separator\"><\/div><\/div><div class=\"uagb-ifb-text-wrap\"><p class=\"uagb-ifb-desc\">Verifimovil captura los datos del veh\u00edculo, de las verificaciones y fiscales de la persona extrayendo la informaci\u00f3n directamente desde los c\u00f3digos QR. Esto consigue una captura m\u00e1s veloz y exenta de errores.<\/p><\/div><\/div><\/div><\/div><\/div>\n<\/div>\n\n\n\n<div class=\"wp-block-column is-layout-flow wp-block-column-is-layout-flow\">\n<div class=\"wp-block-uagb-info-box uagb-infobox__outer-wrap uagb-block-046dd013\"><div class=\"uagb-infobox__content-wrap uagb-infobox uagb-infobox-has-image uagb-infobox-icon-above-title uagb-infobox-image-valign-top uagb-infobox-enable-border-radius \"><div class=\"uagb-ifb-left-right-wrap\"><div class=\"uagb-ifb-content\"><div class=\"uagb-ifb-image-icon-content uagb-ifb-imgicon-wrap\"><div class=\"uagb-ifb-image\"><div class=\"uagb-ifb-image-content\"><img decoding=\"async\" class=\"uagb-ifb-img-src\" src=\"https:\/\/www.blmovil.com\/verifimovil\/wp-content\/uploads\/sites\/22\/2022\/05\/factura-150x150.png\" alt=\"Facturaci\u00f3n Electr\u00f3nica\"\/><\/div><\/div><\/div><div class=\"uagb-ifb-title-wrap\"><h3 class=\"uagb-ifb-title\">Facturaci\u00f3n Electr\u00f3nica<\/h3><\/div><div class=\"uagb-ifb-separator-parent\"><div class=\"uagb-ifb-separator\"><\/div><\/div><div class=\"uagb-ifb-text-wrap\"><p class=\"uagb-ifb-desc\">El sistema genera de forma autom\u00e1tica la factura (CFDI 4.0) de un servicio particular, la de los clientes de cr\u00e9dito y las de P\u00fablico en General con un s\u00f3lo click, a partir de los datos capturados en el sistema<\/p><\/div><\/div><\/div><\/div><\/div>\n<\/div>\n<\/div>\n\n\n\n<div class=\"wp-block-columns is-layout-flex wp-container-core-columns-is-layout-28f84493 wp-block-columns-is-layout-flex\">\n<div class=\"wp-block-column is-layout-flow wp-block-column-is-layout-flow\">\n<div class=\"wp-block-uagb-info-box uagb-infobox__outer-wrap uagb-block-1f2ac807\"><div class=\"uagb-infobox__content-wrap uagb-infobox uagb-infobox-has-image uagb-infobox-icon-above-title uagb-infobox-image-valign-top uagb-infobox-enable-border-radius \"><div class=\"uagb-ifb-left-right-wrap\"><div class=\"uagb-ifb-content\"><div class=\"uagb-ifb-image-icon-content uagb-ifb-imgicon-wrap\"><div class=\"uagb-ifb-image\"><div class=\"uagb-ifb-image-content\"><img decoding=\"async\" class=\"uagb-ifb-img-src\" src=\"https:\/\/www.blmovil.com\/verifimovil\/wp-content\/uploads\/sites\/22\/2022\/05\/pago-mehotd-150x150.png\" alt=\"Clientes de Cr\u00e9dito\"\/><\/div><\/div><\/div><div class=\"uagb-ifb-title-wrap\"><h3 class=\"uagb-ifb-title\">Gesti\u00f3n de Clientes de Cr\u00e9dito<\/h3><\/div><div class=\"uagb-ifb-separator-parent\"><div class=\"uagb-ifb-separator\"><\/div><\/div><div class=\"uagb-ifb-text-wrap\"><p class=\"uagb-ifb-desc\">Verifimovil, le permite que llegue a acuerdo con grandes clientes o flotas, de forma que el veh\u00edculo pueda verificar y posteriormente se env\u00ede la factura correspondiente de uno a varios servicios. Controle asimismo el estado de pago de todas estas facturas.<\/p><\/div><\/div><\/div><\/div><\/div>\n<\/div>\n\n\n\n<div class=\"wp-block-column is-layout-flow wp-block-column-is-layout-flow\">\n<div class=\"wp-block-uagb-info-box uagb-infobox__outer-wrap uagb-block-4379a444\"><div class=\"uagb-infobox__content-wrap uagb-infobox uagb-infobox-has-image uagb-infobox-icon-above-title uagb-infobox-image-valign-top uagb-infobox-enable-border-radius \"><div class=\"uagb-ifb-left-right-wrap\"><div class=\"uagb-ifb-content\"><div class=\"uagb-ifb-image-icon-content uagb-ifb-imgicon-wrap\"><div class=\"uagb-ifb-image\"><div class=\"uagb-ifb-image-content\"><img decoding=\"async\" class=\"uagb-ifb-img-src\" src=\"https:\/\/www.blmovil.com\/verifimovil\/wp-content\/uploads\/sites\/22\/2022\/05\/lucro-150x150.png\" alt=\"Control Econ\u00f3mico\"\/><\/div><\/div><\/div><div class=\"uagb-ifb-title-wrap\"><h3 class=\"uagb-ifb-title\">Control de Ingresos<\/h3><\/div><div class=\"uagb-ifb-separator-parent\"><div class=\"uagb-ifb-separator\"><\/div><\/div><div class=\"uagb-ifb-text-wrap\"><p class=\"uagb-ifb-desc\">Verifimovil controla cada ingreso identificando el motivo, servicio, holograma, etc. y cada movimiento de dinero del verificentro, controle lo que paga cada usuario, el cambio que se le devuelve y los movimientos de todas las cajas.<\/p><\/div><\/div><\/div><\/div><\/div>\n<\/div>\n<\/div>\n\n\n\n<div class=\"wp-block-columns is-layout-flex wp-container-core-columns-is-layout-28f84493 wp-block-columns-is-layout-flex\">\n<div class=\"wp-block-column is-layout-flow wp-block-column-is-layout-flow\">\n<div class=\"wp-block-uagb-info-box uagb-infobox__outer-wrap uagb-block-3b0fd709\"><div class=\"uagb-infobox__content-wrap uagb-infobox uagb-infobox-has-image uagb-infobox-icon-above-title uagb-infobox-image-valign-top uagb-infobox-enable-border-radius \"><div class=\"uagb-ifb-left-right-wrap\"><div class=\"uagb-ifb-content\"><div class=\"uagb-ifb-image-icon-content uagb-ifb-imgicon-wrap\"><div class=\"uagb-ifb-image\"><div class=\"uagb-ifb-image-content\"><img decoding=\"async\" class=\"uagb-ifb-img-src\" src=\"https:\/\/www.blmovil.com\/verifimovil\/wp-content\/uploads\/sites\/22\/2022\/05\/escaner-de-codigo-de-barras-150x150.png\" alt=\"Control de Hologramas\"\/><\/div><\/div><\/div><div class=\"uagb-ifb-title-wrap\"><h3 class=\"uagb-ifb-title\">Inventario de Hologramas<\/h3><\/div><div class=\"uagb-ifb-separator-parent\"><div class=\"uagb-ifb-separator\"><\/div><\/div><div class=\"uagb-ifb-text-wrap\"><p class=\"uagb-ifb-desc\">Click here to change this text. Lorem ipsum dolor sit amet, consectetur adipiscing elit. Ut elit tellus, luctus nec ullamcorper mattis, pulvinar dapibus leo.<\/p><\/div><\/div><\/div><\/div><\/div>\n<\/div>\n\n\n\n<div class=\"wp-block-column is-layout-flow wp-block-column-is-layout-flow\">\n<div class=\"wp-block-uagb-info-box uagb-infobox__outer-wrap uagb-block-c352b76a\"><div class=\"uagb-infobox__content-wrap uagb-infobox uagb-infobox-has-image uagb-infobox-icon-above-title uagb-infobox-image-valign-top uagb-infobox-enable-border-radius \"><div class=\"uagb-ifb-left-right-wrap\"><div class=\"uagb-ifb-content\"><div class=\"uagb-ifb-image-icon-content uagb-ifb-imgicon-wrap\"><div class=\"uagb-ifb-image\"><div class=\"uagb-ifb-image-content\"><img decoding=\"async\" class=\"uagb-ifb-img-src\" src=\"https:\/\/www.blmovil.com\/verifimovil\/wp-content\/uploads\/sites\/22\/2022\/05\/analitica-150x150.png\" alt=\"Reportes en tiempo real\"\/><\/div><\/div><\/div><div class=\"uagb-ifb-title-wrap\"><span class=\"uagb-ifb-title-prefix\">Prefix<\/span><h3 class=\"uagb-ifb-title\">Reportes en Tiempo Real<\/h3><\/div><div class=\"uagb-ifb-separator-parent\"><div class=\"uagb-ifb-separator\"><\/div><\/div><div class=\"uagb-ifb-text-wrap\"><p class=\"uagb-ifb-desc\">Con informaci\u00f3n hay conocimiento, y el conocimiento es poder. La toma de decisiones es m\u00e1s sencilla y orientada con los datos. Verifimovil tiene un m\u00f3dulo de reporter\u00eda que le da en tiempo real datos de producci\u00f3n, ingresos y productividad desde cualquier lugar.<\/p><\/div><\/div><\/div><\/div><\/div>\n<\/div>\n<\/div>\n","protected":false},"excerpt":{"rendered":"<p>Funcionalidades de Verifim\u00f3vil Verifimovil es la \u00fanica plataforma desarrollada espec\u00edficamente para la gesti\u00f3n de su verificentro, que permite automatizar la captura de datos evitando errores, facturar de forma autom\u00e1tica los servicios, gestionar clientes de cr\u00e9dito, controlar los ingresos y hologramas, generando reportes de estado en tiempo real.<\/p>\n","protected":false},"author":1,"featured_media":0,"parent":0,"menu_order":0,"comment_status":"closed","ping_status":"closed","template":"","meta":{"_acf_changed":false,"_uag_custom_page_level_css":"","_trash_the_other_posts":false,"_editorskit_title_hidden":true,"_editorskit_reading_time":1,"_editorskit_is_block_options_detached":false,"_editorskit_block_options_position":"{}","site-sidebar-layout":"default","site-content-layout":"","ast-site-content-layout":"default","site-content-style":"default","site-sidebar-style":"default","ast-global-header-display":"","ast-banner-title-visibility":"","ast-main-header-display":"","ast-hfb-above-header-display":"","ast-hfb-below-header-display":"","ast-hfb-mobile-header-display":"","site-post-title":"","ast-breadcrumbs-content":"","ast-featured-img":"","footer-sml-layout":"","ast-disable-related-posts":"","theme-transparent-header-meta":"","adv-header-id-meta":"","stick-header-meta":"","header-above-stick-meta":"","header-main-stick-meta":"","header-below-stick-meta":"","astra-migrate-meta-layouts":"default","ast-page-background-enabled":"default","ast-page-background-meta":{"desktop":{"background-color":"var(--ast-global-color-4)","background-image":"","background-repeat":"repeat","background-position":"center center","background-size":"auto","background-attachment":"scroll","background-type":"","background-media":"","overlay-type":"","overlay-color":"","overlay-opacity":"","overlay-gradient":""},"tablet":{"background-color":"","background-image":"","background-repeat":"repeat","background-position":"center center","background-size":"auto","background-attachment":"scroll","background-type":"","background-media":"","overlay-type":"","overlay-color":"","overlay-opacity":"","overlay-gradient":""},"mobile":{"background-color":"","background-image":"","background-repeat":"repeat","background-position":"center center","background-size":"auto","background-attachment":"scroll","background-type":"","background-media":"","overlay-type":"","overlay-color":"","overlay-opacity":"","overlay-gradient":""}},"ast-content-background-meta":{"desktop":{"background-color":"var(--ast-global-color-5)","background-image":"","background-repeat":"repeat","background-position":"center center","background-size":"auto","background-attachment":"scroll","background-type":"","background-media":"","overlay-type":"","overlay-color":"","overlay-opacity":"","overlay-gradient":""},"tablet":{"background-color":"var(--ast-global-color-5)","background-image":"","background-repeat":"repeat","background-position":"center center","background-size":"auto","background-attachment":"scroll","background-type":"","background-media":"","overlay-type":"","overlay-color":"","overlay-opacity":"","overlay-gradient":""},"mobile":{"background-color":"var(--ast-global-color-5)","background-image":"","background-repeat":"repeat","background-position":"center center","background-size":"auto","background-attachment":"scroll","background-type":"","background-media":"","overlay-type":"","overlay-color":"","overlay-opacity":"","overlay-gradient":""}},"episode_type":"","audio_file":"","podmotor_file_id":"","podmotor_episode_id":"","cover_image":"","cover_image_id":"","duration":"","filesize":"","filesize_raw":"","date_recorded":"","explicit":"","block":"","itunes_episode_number":"","itunes_title":"","itunes_season_number":"","itunes_episode_type":"","footnotes":""},"class_list":["post-23","page","type-page","status-publish","hentry"],"acf":[],"yoast_head":"<!-- This site is optimized with the Yoast SEO plugin v27.3 - https:\/\/yoast.com\/product\/yoast-seo-wordpress\/ -->\n<title>Funcionalidades -<\/title>\n<meta name=\"robots\" content=\"index, follow, max-snippet:-1, max-image-preview:large, max-video-preview:-1\" \/>\n<link rel=\"canonical\" href=\"https:\/\/www.blmovil.com\/verifimovil\/funcionalidades\/\" \/>\n<meta property=\"og:locale\" content=\"es_MX\" \/>\n<meta property=\"og:type\" content=\"article\" \/>\n<meta property=\"og:title\" content=\"Funcionalidades -\" \/>\n<meta property=\"og:description\" content=\"Funcionalidades de Verifim\u00f3vil Verifimovil es la \u00fanica plataforma desarrollada espec\u00edficamente para la gesti\u00f3n de su verificentro, que permite automatizar la captura de datos evitando errores, facturar de forma autom\u00e1tica los servicios, gestionar clientes de cr\u00e9dito, controlar los ingresos y hologramas, generando reportes de estado en tiempo real.\" \/>\n<meta property=\"og:url\" content=\"https:\/\/www.blmovil.com\/verifimovil\/funcionalidades\/\" \/>\n<meta property=\"article:modified_time\" content=\"2022-06-06T23:26:58+00:00\" \/>\n<meta property=\"og:image\" content=\"https:\/\/www.blmovil.com\/verifimovil\/wp-content\/uploads\/sites\/22\/2022\/05\/codigo-qr-1-150x150.png\" \/>\n<meta name=\"twitter:card\" content=\"summary_large_image\" \/>\n<meta name=\"twitter:label1\" content=\"Tiempo de lectura\" \/>\n\t<meta name=\"twitter:data1\" content=\"3 minutos\" \/>\n<script type=\"application\/ld+json\" class=\"yoast-schema-graph\">{\"@context\":\"https:\\\/\\\/schema.org\",\"@graph\":[{\"@type\":\"WebPage\",\"@id\":\"https:\\\/\\\/www.blmovil.com\\\/verifimovil\\\/funcionalidades\\\/\",\"url\":\"https:\\\/\\\/www.blmovil.com\\\/verifimovil\\\/funcionalidades\\\/\",\"name\":\"Funcionalidades -\",\"isPartOf\":{\"@id\":\"https:\\\/\\\/www.blmovil.com\\\/verifimovil\\\/#website\"},\"primaryImageOfPage\":{\"@id\":\"https:\\\/\\\/www.blmovil.com\\\/verifimovil\\\/funcionalidades\\\/#primaryimage\"},\"image\":{\"@id\":\"https:\\\/\\\/www.blmovil.com\\\/verifimovil\\\/funcionalidades\\\/#primaryimage\"},\"thumbnailUrl\":\"https:\\\/\\\/www.blmovil.com\\\/verifimovil\\\/wp-content\\\/uploads\\\/sites\\\/22\\\/2022\\\/05\\\/codigo-qr-1-150x150.png\",\"datePublished\":\"2022-05-24T00:42:28+00:00\",\"dateModified\":\"2022-06-06T23:26:58+00:00\",\"breadcrumb\":{\"@id\":\"https:\\\/\\\/www.blmovil.com\\\/verifimovil\\\/funcionalidades\\\/#breadcrumb\"},\"inLanguage\":\"es\",\"potentialAction\":[{\"@type\":\"ReadAction\",\"target\":[\"https:\\\/\\\/www.blmovil.com\\\/verifimovil\\\/funcionalidades\\\/\"]}]},{\"@type\":\"ImageObject\",\"inLanguage\":\"es\",\"@id\":\"https:\\\/\\\/www.blmovil.com\\\/verifimovil\\\/funcionalidades\\\/#primaryimage\",\"url\":\"https:\\\/\\\/www.blmovil.com\\\/verifimovil\\\/wp-content\\\/uploads\\\/sites\\\/22\\\/2022\\\/05\\\/codigo-qr-1.png\",\"contentUrl\":\"https:\\\/\\\/www.blmovil.com\\\/verifimovil\\\/wp-content\\\/uploads\\\/sites\\\/22\\\/2022\\\/05\\\/codigo-qr-1.png\",\"width\":512,\"height\":512,\"caption\":\"Captura de Datos\"},{\"@type\":\"BreadcrumbList\",\"@id\":\"https:\\\/\\\/www.blmovil.com\\\/verifimovil\\\/funcionalidades\\\/#breadcrumb\",\"itemListElement\":[{\"@type\":\"ListItem\",\"position\":1,\"name\":\"Inicio\",\"item\":\"https:\\\/\\\/www.blmovil.com\\\/verifimovil\\\/\"},{\"@type\":\"ListItem\",\"position\":2,\"name\":\"Funcionalidades\"}]},{\"@type\":\"WebSite\",\"@id\":\"https:\\\/\\\/www.blmovil.com\\\/verifimovil\\\/#website\",\"url\":\"https:\\\/\\\/www.blmovil.com\\\/verifimovil\\\/\",\"name\":\"\",\"description\":\"Digitaliza tu Verificentro\",\"potentialAction\":[{\"@type\":\"SearchAction\",\"target\":{\"@type\":\"EntryPoint\",\"urlTemplate\":\"https:\\\/\\\/www.blmovil.com\\\/verifimovil\\\/?s={search_term_string}\"},\"query-input\":{\"@type\":\"PropertyValueSpecification\",\"valueRequired\":true,\"valueName\":\"search_term_string\"}}],\"inLanguage\":\"es\"}]}<\/script>\n<!-- \/ Yoast SEO plugin. -->","yoast_head_json":{"title":"Funcionalidades -","robots":{"index":"index","follow":"follow","max-snippet":"max-snippet:-1","max-image-preview":"max-image-preview:large","max-video-preview":"max-video-preview:-1"},"canonical":"https:\/\/www.blmovil.com\/verifimovil\/funcionalidades\/","og_locale":"es_MX","og_type":"article","og_title":"Funcionalidades -","og_description":"Funcionalidades de Verifim\u00f3vil Verifimovil es la \u00fanica plataforma desarrollada espec\u00edficamente para la gesti\u00f3n de su verificentro, que permite automatizar la captura de datos evitando errores, facturar de forma autom\u00e1tica los servicios, gestionar clientes de cr\u00e9dito, controlar los ingresos y hologramas, generando reportes de estado en tiempo real.","og_url":"https:\/\/www.blmovil.com\/verifimovil\/funcionalidades\/","article_modified_time":"2022-06-06T23:26:58+00:00","og_image":[{"url":"https:\/\/www.blmovil.com\/verifimovil\/wp-content\/uploads\/sites\/22\/2022\/05\/codigo-qr-1-150x150.png","type":"","width":"","height":""}],"twitter_card":"summary_large_image","twitter_misc":{"Tiempo de lectura":"3 minutos"},"schema":{"@context":"https:\/\/schema.org","@graph":[{"@type":"WebPage","@id":"https:\/\/www.blmovil.com\/verifimovil\/funcionalidades\/","url":"https:\/\/www.blmovil.com\/verifimovil\/funcionalidades\/","name":"Funcionalidades -","isPartOf":{"@id":"https:\/\/www.blmovil.com\/verifimovil\/#website"},"primaryImageOfPage":{"@id":"https:\/\/www.blmovil.com\/verifimovil\/funcionalidades\/#primaryimage"},"image":{"@id":"https:\/\/www.blmovil.com\/verifimovil\/funcionalidades\/#primaryimage"},"thumbnailUrl":"https:\/\/www.blmovil.com\/verifimovil\/wp-content\/uploads\/sites\/22\/2022\/05\/codigo-qr-1-150x150.png","datePublished":"2022-05-24T00:42:28+00:00","dateModified":"2022-06-06T23:26:58+00:00","breadcrumb":{"@id":"https:\/\/www.blmovil.com\/verifimovil\/funcionalidades\/#breadcrumb"},"inLanguage":"es","potentialAction":[{"@type":"ReadAction","target":["https:\/\/www.blmovil.com\/verifimovil\/funcionalidades\/"]}]},{"@type":"ImageObject","inLanguage":"es","@id":"https:\/\/www.blmovil.com\/verifimovil\/funcionalidades\/#primaryimage","url":"https:\/\/www.blmovil.com\/verifimovil\/wp-content\/uploads\/sites\/22\/2022\/05\/codigo-qr-1.png","contentUrl":"https:\/\/www.blmovil.com\/verifimovil\/wp-content\/uploads\/sites\/22\/2022\/05\/codigo-qr-1.png","width":512,"height":512,"caption":"Captura de Datos"},{"@type":"BreadcrumbList","@id":"https:\/\/www.blmovil.com\/verifimovil\/funcionalidades\/#breadcrumb","itemListElement":[{"@type":"ListItem","position":1,"name":"Inicio","item":"https:\/\/www.blmovil.com\/verifimovil\/"},{"@type":"ListItem","position":2,"name":"Funcionalidades"}]},{"@type":"WebSite","@id":"https:\/\/www.blmovil.com\/verifimovil\/#website","url":"https:\/\/www.blmovil.com\/verifimovil\/","name":"","description":"Digitaliza tu Verificentro","potentialAction":[{"@type":"SearchAction","target":{"@type":"EntryPoint","urlTemplate":"https:\/\/www.blmovil.com\/verifimovil\/?s={search_term_string}"},"query-input":{"@type":"PropertyValueSpecification","valueRequired":true,"valueName":"search_term_string"}}],"inLanguage":"es"}]}},"featured_image_src":null,"featured_image_src_square":null,"uagb_featured_image_src":{"full":false,"thumbnail":false,"medium":false,"medium_large":false,"large":false,"course_archive_thumbnail":false,"course_single_thumbnail":false,"lesson_archive_thumbnail":false,"lesson_single_thumbnail":false,"1536x1536":false,"2048x2048":false,"gb-block-post-grid-landscape":false,"gb-block-post-grid-square":false,"woocommerce_thumbnail":false,"woocommerce_single":false,"woocommerce_gallery_thumbnail":false,"awb_sm":false,"awb_md":false,"awb_lg":false,"awb_xl":false},"uagb_author_info":{"display_name":"Jorge Bernal","author_link":"https:\/\/www.blmovil.com\/verifimovil\/author\/hovait\/"},"uagb_comment_info":0,"uagb_excerpt":"Funcionalidades de Verifim\u00f3vil Verifimovil es la \u00fanica plataforma desarrollada espec\u00edficamente para la gesti\u00f3n de su verificentro, que permite automatizar la captura de datos evitando errores, facturar de forma autom\u00e1tica los servicios, gestionar clientes de cr\u00e9dito, controlar los ingresos y hologramas, generando reportes de estado en tiempo real.","_links":{"self":[{"href":"https:\/\/www.blmovil.com\/verifimovil\/wp-json\/wp\/v2\/pages\/23","targetHints":{"allow":["GET"]}}],"collection":[{"href":"https:\/\/www.blmovil.com\/verifimovil\/wp-json\/wp\/v2\/pages"}],"about":[{"href":"https:\/\/www.blmovil.com\/verifimovil\/wp-json\/wp\/v2\/types\/page"}],"author":[{"embeddable":true,"href":"https:\/\/www.blmovil.com\/verifimovil\/wp-json\/wp\/v2\/users\/1"}],"replies":[{"embeddable":true,"href":"https:\/\/www.blmovil.com\/verifimovil\/wp-json\/wp\/v2\/comments?post=23"}],"version-history":[{"count":5,"href":"https:\/\/www.blmovil.com\/verifimovil\/wp-json\/wp\/v2\/pages\/23\/revisions"}],"predecessor-version":[{"id":93,"href":"https:\/\/www.blmovil.com\/verifimovil\/wp-json\/wp\/v2\/pages\/23\/revisions\/93"}],"wp:attachment":[{"href":"https:\/\/www.blmovil.com\/verifimovil\/wp-json\/wp\/v2\/media?parent=23"}],"curies":[{"name":"wp","href":"https:\/\/api.w.org\/{rel}","templated":true}]}}