{"id":12,"date":"2022-05-24T00:25:25","date_gmt":"2022-05-24T05:25:25","guid":{"rendered":"https:\/\/www.blmovil.com\/verifimovil\/?page_id=12"},"modified":"2023-11-06T13:01:04","modified_gmt":"2023-11-06T19:01:04","slug":"inicio2","status":"publish","type":"page","link":"https:\/\/www.blmovil.com\/verifimovil\/inicio2\/","title":{"rendered":"Inicio2"},"content":{"rendered":"\n<figure class=\"wp-block-image aligncenter size-full\"><img loading=\"lazy\" decoding=\"async\" width=\"1024\" height=\"327\" src=\"https:\/\/www.blmovil.com\/verifimovil\/wp-content\/uploads\/sites\/22\/2022\/05\/verifimovil-1024x327-1.jpg\" alt=\"verifimovil\" class=\"wp-image-33\" srcset=\"https:\/\/www.blmovil.com\/verifimovil\/wp-content\/uploads\/sites\/22\/2022\/05\/verifimovil-1024x327-1.jpg 1024w, https:\/\/www.blmovil.com\/verifimovil\/wp-content\/uploads\/sites\/22\/2022\/05\/verifimovil-1024x327-1-300x96.jpg 300w, https:\/\/www.blmovil.com\/verifimovil\/wp-content\/uploads\/sites\/22\/2022\/05\/verifimovil-1024x327-1-768x245.jpg 768w, https:\/\/www.blmovil.com\/verifimovil\/wp-content\/uploads\/sites\/22\/2022\/05\/verifimovil-1024x327-1-500x160.jpg 500w, https:\/\/www.blmovil.com\/verifimovil\/wp-content\/uploads\/sites\/22\/2022\/05\/verifimovil-1024x327-1-800x255.jpg 800w, https:\/\/www.blmovil.com\/verifimovil\/wp-content\/uploads\/sites\/22\/2022\/05\/verifimovil-1024x327-1-600x192.jpg 600w\" sizes=\"auto, (max-width: 1024px) 100vw, 1024px\" \/><\/figure>\n\n\n\n<div style=\"height:30px\" aria-hidden=\"true\" class=\"wp-block-spacer\"><\/div>\n\n\n\n<div class=\"wp-block-buttons is-content-justification-center is-layout-flex wp-container-core-buttons-is-layout-a89b3969 wp-block-buttons-is-layout-flex\">\n<div class=\"wp-block-button\"><a class=\"wp-block-button__link has-vivid-cyan-blue-background-color has-background\" href=\"https:\/\/www.blmovil.com\/verifimovil\/producto\/verifimovil\/\">Prueba Verifimovil 30 d\u00edas gratis<\/a><\/div>\n<\/div>\n\n\n\n<div style=\"height:30px\" aria-hidden=\"true\" class=\"wp-block-spacer\"><\/div>\n\n\n\n<div class=\"wp-block-columns is-layout-flex wp-container-core-columns-is-layout-28f84493 wp-block-columns-is-layout-flex\">\n<div class=\"wp-block-column is-layout-flow wp-block-column-is-layout-flow\">\n<div class=\"wp-block-uagb-info-box uagb-infobox__outer-wrap uagb-block-c2ddca9f\"><div class=\"uagb-infobox__content-wrap uagb-infobox uagb-infobox-has-image uagb-infobox-icon-above-title uagb-infobox-image-valign-top uagb-infobox-enable-border-radius \"><div class=\"uagb-ifb-left-right-wrap\"><div class=\"uagb-ifb-content\"><div class=\"uagb-ifb-image-icon-content uagb-ifb-imgicon-wrap\"><div class=\"uagb-ifb-image\"><div class=\"uagb-ifb-image-content\"><img decoding=\"async\" class=\"uagb-ifb-img-src\" src=\"https:\/\/www.blmovil.com\/verifimovil\/wp-content\/uploads\/sites\/22\/2022\/05\/codigo-qr-1-150x150.png\" alt=\"Captura de Datos\"\/><\/div><\/div><\/div><div class=\"uagb-ifb-title-wrap\"><h3 class=\"uagb-ifb-title\">Captura de Datos<\/h3><\/div><div class=\"uagb-ifb-separator-parent\"><div class=\"uagb-ifb-separator\"><\/div><\/div><div class=\"uagb-ifb-text-wrap\"><p class=\"uagb-ifb-desc\">Capture los datos del veh\u00edculo, de la verificaci\u00f3n y los datos fiscales del propietario desde una tablet sin errores de tecla<\/p><\/div><\/div><\/div><\/div><\/div>\n<\/div>\n\n\n\n<div class=\"wp-block-column is-layout-flow wp-block-column-is-layout-flow\">\n<div class=\"wp-block-uagb-info-box uagb-infobox__outer-wrap uagb-block-163c5968\"><div class=\"uagb-infobox__content-wrap uagb-infobox uagb-infobox-has-image uagb-infobox-icon-above-title uagb-infobox-image-valign-top uagb-infobox-enable-border-radius \"><div class=\"uagb-ifb-left-right-wrap\"><div class=\"uagb-ifb-content\"><div class=\"uagb-ifb-image-icon-content uagb-ifb-imgicon-wrap\"><div class=\"uagb-ifb-image\"><div class=\"uagb-ifb-image-content\"><img decoding=\"async\" class=\"uagb-ifb-img-src\" src=\"https:\/\/www.blmovil.com\/verifimovil\/wp-content\/uploads\/sites\/22\/2022\/05\/lucro-150x150.png\" alt=\"Control Econ\u00f3mico\"\/><\/div><\/div><\/div><div class=\"uagb-ifb-title-wrap\"><h3 class=\"uagb-ifb-title\">Control Financiero<\/h3><\/div><div class=\"uagb-ifb-separator-parent\"><div class=\"uagb-ifb-separator\"><\/div><\/div><div class=\"uagb-ifb-text-wrap\"><p class=\"uagb-ifb-desc\">Capture cada verificaci\u00f3n y cada ingreso, facture autom\u00e1ticamente desde el sistema y gestione los clientes de cr\u00e9dito.<\/p><\/div><\/div><\/div><\/div><\/div>\n<\/div>\n\n\n\n<div class=\"wp-block-column is-layout-flow wp-block-column-is-layout-flow\">\n<div class=\"wp-block-uagb-info-box uagb-infobox__outer-wrap uagb-block-1f9dcf74\"><div class=\"uagb-infobox__content-wrap uagb-infobox uagb-infobox-has-image uagb-infobox-icon-above-title uagb-infobox-image-valign-top uagb-infobox-enable-border-radius \"><div class=\"uagb-ifb-left-right-wrap\"><div class=\"uagb-ifb-content\"><div class=\"uagb-ifb-image-icon-content uagb-ifb-imgicon-wrap\"><div class=\"uagb-ifb-image\"><div class=\"uagb-ifb-image-content\"><img decoding=\"async\" class=\"uagb-ifb-img-src\" src=\"https:\/\/www.blmovil.com\/verifimovil\/wp-content\/uploads\/sites\/22\/2022\/05\/dinero-150x150.png\" alt=\"Ahorro econ\u00f3mico\"\/><\/div><\/div><\/div><div class=\"uagb-ifb-title-wrap\"><h3 class=\"uagb-ifb-title\">Ahorro <\/h3><\/div><div class=\"uagb-ifb-separator-parent\"><div class=\"uagb-ifb-separator\"><\/div><\/div><div class=\"uagb-ifb-text-wrap\"><p class=\"uagb-ifb-desc\">Ahorre en tiempos de captura, de refacturaci\u00f3n por datos err\u00f3neos, de generaci\u00f3n de los reportes, de facturaci\u00f3n de Publico General y Cr\u00e9ditos<\/p><\/div><\/div><\/div><\/div><\/div>\n<\/div>\n<\/div>\n\n\n\n<div class=\"wp-block-columns is-layout-flex wp-container-core-columns-is-layout-28f84493 wp-block-columns-is-layout-flex\">\n<div class=\"wp-block-column is-layout-flow wp-block-column-is-layout-flow\" style=\"flex-basis:66.66%\">\n<h2 class=\"wp-block-heading\">\u00bfQu\u00e9 es Verifim\u00f3vil?<\/h2>\n\n\n\n<p class=\"has-text-align-justify\">Verifimovil es un software integrado para la gesti\u00f3n y administraci\u00f3n de verificentros que permite desde un \u00fanico sistema, Automatizar la Captura de los Datos sin errores, Facturar Autom\u00e1ticamente desde el sistema (CFDI 4.0), Gestionar el Control de los Ingresos por Servicios, Generar Reportes Oficiales y de Gesti\u00f3n, Control del Inventario de Hologramas entre otras muchas funcionalidades. <\/p>\n<\/div>\n\n\n\n<div class=\"wp-block-column is-vertically-aligned-center is-layout-flow wp-block-column-is-layout-flow\" style=\"flex-basis:33.33%\">\n<figure class=\"wp-block-image aligncenter size-large is-resized is-style-rounded\"><img loading=\"lazy\" decoding=\"async\" src=\"https:\/\/www.blmovil.com\/verifimovil\/wp-content\/uploads\/sites\/22\/2022\/05\/businessman-5669431_1920-1024x427.jpg\" alt=\"\" class=\"wp-image-38\" width=\"290\" height=\"120\" srcset=\"https:\/\/www.blmovil.com\/verifimovil\/wp-content\/uploads\/sites\/22\/2022\/05\/businessman-5669431_1920-1024x427.jpg 1024w, https:\/\/www.blmovil.com\/verifimovil\/wp-content\/uploads\/sites\/22\/2022\/05\/businessman-5669431_1920-300x125.jpg 300w, https:\/\/www.blmovil.com\/verifimovil\/wp-content\/uploads\/sites\/22\/2022\/05\/businessman-5669431_1920-768x320.jpg 768w, https:\/\/www.blmovil.com\/verifimovil\/wp-content\/uploads\/sites\/22\/2022\/05\/businessman-5669431_1920-1536x641.jpg 1536w, https:\/\/www.blmovil.com\/verifimovil\/wp-content\/uploads\/sites\/22\/2022\/05\/businessman-5669431_1920-500x209.jpg 500w, https:\/\/www.blmovil.com\/verifimovil\/wp-content\/uploads\/sites\/22\/2022\/05\/businessman-5669431_1920-800x334.jpg 800w, https:\/\/www.blmovil.com\/verifimovil\/wp-content\/uploads\/sites\/22\/2022\/05\/businessman-5669431_1920-1280x534.jpg 1280w, https:\/\/www.blmovil.com\/verifimovil\/wp-content\/uploads\/sites\/22\/2022\/05\/businessman-5669431_1920-600x250.jpg 600w, https:\/\/www.blmovil.com\/verifimovil\/wp-content\/uploads\/sites\/22\/2022\/05\/businessman-5669431_1920.jpg 1920w\" sizes=\"auto, (max-width: 290px) 100vw, 290px\" \/><\/figure>\n<\/div>\n<\/div>\n\n\n\n<div class=\"wp-block-buttons is-content-justification-center is-layout-flex wp-container-core-buttons-is-layout-a89b3969 wp-block-buttons-is-layout-flex\">\n<div class=\"wp-block-button\"><a class=\"wp-block-button__link has-vivid-cyan-blue-background-color has-background\" href=\"https:\/\/www.blmovil.com\/verifimovil\/producto\/verifimovil\/\">Prueba Verifimovil 30 d\u00edas gratis<\/a><\/div>\n<\/div>\n\n\n\n<div style=\"height:30px\" aria-hidden=\"true\" class=\"wp-block-spacer\"><\/div>\n\n\n\n<p class=\"has-text-align-center\"><strong>Contrata el servicio con 30 d\u00edas totalmente gratis sin ning\u00fan compromiso, descarga la aplicaci\u00f3n y empieza a disfrutar de las ventajas que te ofrece Verifimovil para tu verificentro<\/strong><\/p>\n\n\n\n<div style=\"height:30px\" aria-hidden=\"true\" class=\"wp-block-spacer\"><\/div>\n\n\n\n<figure class=\"wp-block-image aligncenter size-full is-resized\"><a href=\"https:\/\/play.google.com\/store\/apps\/details?id=net.hovait.verifimovil\" target=\"_blank\" rel=\"noreferrer noopener\"><img loading=\"lazy\" decoding=\"async\" src=\"https:\/\/www.blmovil.com\/verifimovil\/wp-content\/uploads\/sites\/22\/2022\/05\/Googleplay.png\" alt=\"\" class=\"wp-image-60\" width=\"184\" height=\"55\" srcset=\"https:\/\/www.blmovil.com\/verifimovil\/wp-content\/uploads\/sites\/22\/2022\/05\/Googleplay.png 337w, https:\/\/www.blmovil.com\/verifimovil\/wp-content\/uploads\/sites\/22\/2022\/05\/Googleplay-300x90.png 300w\" sizes=\"auto, (max-width: 184px) 100vw, 184px\" \/><\/a><\/figure>\n","protected":false},"excerpt":{"rendered":"<p>\u00bfQu\u00e9 es Verifim\u00f3vil? Verifimovil es un software integrado para la gesti\u00f3n y administraci\u00f3n de verificentros que permite desde un \u00fanico sistema, Automatizar la Captura de los Datos sin errores, Facturar Autom\u00e1ticamente desde el sistema (CFDI 4.0), Gestionar el Control de los Ingresos por Servicios, Generar Reportes Oficiales y de Gesti\u00f3n, Control del Inventario de Hologramas [&hellip;]<\/p>\n","protected":false},"author":1,"featured_media":0,"parent":0,"menu_order":0,"comment_status":"closed","ping_status":"closed","template":"","meta":{"_acf_changed":false,"_uag_custom_page_level_css":"","_trash_the_other_posts":false,"_editorskit_title_hidden":false,"_editorskit_reading_time":1,"_editorskit_is_block_options_detached":false,"_editorskit_block_options_position":"{}","site-sidebar-layout":"default","site-content-layout":"","ast-site-content-layout":"default","site-content-style":"default","site-sidebar-style":"default","ast-global-header-display":"","ast-banner-title-visibility":"","ast-main-header-display":"","ast-hfb-above-header-display":"","ast-hfb-below-header-display":"","ast-hfb-mobile-header-display":"","site-post-title":"","ast-breadcrumbs-content":"","ast-featured-img":"","footer-sml-layout":"","ast-disable-related-posts":"","theme-transparent-header-meta":"","adv-header-id-meta":"","stick-header-meta":"","header-above-stick-meta":"","header-main-stick-meta":"","header-below-stick-meta":"","astra-migrate-meta-layouts":"default","ast-page-background-enabled":"default","ast-page-background-meta":{"desktop":{"background-color":"var(--ast-global-color-4)","background-image":"","background-repeat":"repeat","background-position":"center center","background-size":"auto","background-attachment":"scroll","background-type":"","background-media":"","overlay-type":"","overlay-color":"","overlay-opacity":"","overlay-gradient":""},"tablet":{"background-color":"","background-image":"","background-repeat":"repeat","background-position":"center center","background-size":"auto","background-attachment":"scroll","background-type":"","background-media":"","overlay-type":"","overlay-color":"","overlay-opacity":"","overlay-gradient":""},"mobile":{"background-color":"","background-image":"","background-repeat":"repeat","background-position":"center center","background-size":"auto","background-attachment":"scroll","background-type":"","background-media":"","overlay-type":"","overlay-color":"","overlay-opacity":"","overlay-gradient":""}},"ast-content-background-meta":{"desktop":{"background-color":"var(--ast-global-color-5)","background-image":"","background-repeat":"repeat","background-position":"center center","background-size":"auto","background-attachment":"scroll","background-type":"","background-media":"","overlay-type":"","overlay-color":"","overlay-opacity":"","overlay-gradient":""},"tablet":{"background-color":"var(--ast-global-color-5)","background-image":"","background-repeat":"repeat","background-position":"center center","background-size":"auto","background-attachment":"scroll","background-type":"","background-media":"","overlay-type":"","overlay-color":"","overlay-opacity":"","overlay-gradient":""},"mobile":{"background-color":"var(--ast-global-color-5)","background-image":"","background-repeat":"repeat","background-position":"center center","background-size":"auto","background-attachment":"scroll","background-type":"","background-media":"","overlay-type":"","overlay-color":"","overlay-opacity":"","overlay-gradient":""}},"episode_type":"","audio_file":"","podmotor_file_id":"","podmotor_episode_id":"","cover_image":"","cover_image_id":"","duration":"","filesize":"","filesize_raw":"","date_recorded":"","explicit":"","block":"","itunes_episode_number":"","itunes_title":"","itunes_season_number":"","itunes_episode_type":"","footnotes":""},"class_list":["post-12","page","type-page","status-publish","hentry"],"acf":[],"yoast_head":"<!-- This site is optimized with the Yoast SEO plugin v27.3 - https:\/\/yoast.com\/product\/yoast-seo-wordpress\/ -->\n<title>Inicio2 -<\/title>\n<meta name=\"robots\" content=\"index, follow, max-snippet:-1, max-image-preview:large, max-video-preview:-1\" \/>\n<link rel=\"canonical\" href=\"https:\/\/www.blmovil.com\/verifimovil\/inicio2\/\" \/>\n<meta property=\"og:locale\" content=\"es_MX\" \/>\n<meta property=\"og:type\" content=\"article\" \/>\n<meta property=\"og:title\" content=\"Inicio2 -\" \/>\n<meta property=\"og:description\" content=\"\u00bfQu\u00e9 es Verifim\u00f3vil? Verifimovil es un software integrado para la gesti\u00f3n y administraci\u00f3n de verificentros que permite desde un \u00fanico sistema, Automatizar la Captura de los Datos sin errores, Facturar Autom\u00e1ticamente desde el sistema (CFDI 4.0), Gestionar el Control de los Ingresos por Servicios, Generar Reportes Oficiales y de Gesti\u00f3n, Control del Inventario de Hologramas [&hellip;]\" \/>\n<meta property=\"og:url\" content=\"https:\/\/www.blmovil.com\/verifimovil\/inicio2\/\" \/>\n<meta property=\"article:modified_time\" content=\"2023-11-06T19:01:04+00:00\" \/>\n<meta property=\"og:image\" content=\"https:\/\/www.blmovil.com\/verifimovil\/wp-content\/uploads\/sites\/22\/2022\/05\/verifimovil-1024x327-1.jpg\" \/>\n<meta name=\"twitter:card\" content=\"summary_large_image\" \/>\n<meta name=\"twitter:label1\" content=\"Tiempo de lectura\" \/>\n\t<meta name=\"twitter:data1\" content=\"2 minutos\" \/>\n<script type=\"application\/ld+json\" class=\"yoast-schema-graph\">{\"@context\":\"https:\\\/\\\/schema.org\",\"@graph\":[{\"@type\":\"WebPage\",\"@id\":\"https:\\\/\\\/www.blmovil.com\\\/verifimovil\\\/inicio2\\\/\",\"url\":\"https:\\\/\\\/www.blmovil.com\\\/verifimovil\\\/inicio2\\\/\",\"name\":\"Inicio2 -\",\"isPartOf\":{\"@id\":\"https:\\\/\\\/www.blmovil.com\\\/verifimovil\\\/#website\"},\"primaryImageOfPage\":{\"@id\":\"https:\\\/\\\/www.blmovil.com\\\/verifimovil\\\/inicio2\\\/#primaryimage\"},\"image\":{\"@id\":\"https:\\\/\\\/www.blmovil.com\\\/verifimovil\\\/inicio2\\\/#primaryimage\"},\"thumbnailUrl\":\"https:\\\/\\\/www.blmovil.com\\\/verifimovil\\\/wp-content\\\/uploads\\\/sites\\\/22\\\/2022\\\/05\\\/verifimovil-1024x327-1.jpg\",\"datePublished\":\"2022-05-24T05:25:25+00:00\",\"dateModified\":\"2023-11-06T19:01:04+00:00\",\"breadcrumb\":{\"@id\":\"https:\\\/\\\/www.blmovil.com\\\/verifimovil\\\/inicio2\\\/#breadcrumb\"},\"inLanguage\":\"es\",\"potentialAction\":[{\"@type\":\"ReadAction\",\"target\":[\"https:\\\/\\\/www.blmovil.com\\\/verifimovil\\\/inicio2\\\/\"]}]},{\"@type\":\"ImageObject\",\"inLanguage\":\"es\",\"@id\":\"https:\\\/\\\/www.blmovil.com\\\/verifimovil\\\/inicio2\\\/#primaryimage\",\"url\":\"https:\\\/\\\/www.blmovil.com\\\/verifimovil\\\/wp-content\\\/uploads\\\/sites\\\/22\\\/2022\\\/05\\\/verifimovil-1024x327-1.jpg\",\"contentUrl\":\"https:\\\/\\\/www.blmovil.com\\\/verifimovil\\\/wp-content\\\/uploads\\\/sites\\\/22\\\/2022\\\/05\\\/verifimovil-1024x327-1.jpg\",\"width\":1024,\"height\":327,\"caption\":\"verifimovil\"},{\"@type\":\"BreadcrumbList\",\"@id\":\"https:\\\/\\\/www.blmovil.com\\\/verifimovil\\\/inicio2\\\/#breadcrumb\",\"itemListElement\":[{\"@type\":\"ListItem\",\"position\":1,\"name\":\"Inicio\",\"item\":\"https:\\\/\\\/www.blmovil.com\\\/verifimovil\\\/\"},{\"@type\":\"ListItem\",\"position\":2,\"name\":\"Inicio2\"}]},{\"@type\":\"WebSite\",\"@id\":\"https:\\\/\\\/www.blmovil.com\\\/verifimovil\\\/#website\",\"url\":\"https:\\\/\\\/www.blmovil.com\\\/verifimovil\\\/\",\"name\":\"\",\"description\":\"Digitaliza tu Verificentro\",\"potentialAction\":[{\"@type\":\"SearchAction\",\"target\":{\"@type\":\"EntryPoint\",\"urlTemplate\":\"https:\\\/\\\/www.blmovil.com\\\/verifimovil\\\/?s={search_term_string}\"},\"query-input\":{\"@type\":\"PropertyValueSpecification\",\"valueRequired\":true,\"valueName\":\"search_term_string\"}}],\"inLanguage\":\"es\"}]}<\/script>\n<!-- \/ Yoast SEO plugin. -->","yoast_head_json":{"title":"Inicio2 -","robots":{"index":"index","follow":"follow","max-snippet":"max-snippet:-1","max-image-preview":"max-image-preview:large","max-video-preview":"max-video-preview:-1"},"canonical":"https:\/\/www.blmovil.com\/verifimovil\/inicio2\/","og_locale":"es_MX","og_type":"article","og_title":"Inicio2 -","og_description":"\u00bfQu\u00e9 es Verifim\u00f3vil? Verifimovil es un software integrado para la gesti\u00f3n y administraci\u00f3n de verificentros que permite desde un \u00fanico sistema, Automatizar la Captura de los Datos sin errores, Facturar Autom\u00e1ticamente desde el sistema (CFDI 4.0), Gestionar el Control de los Ingresos por Servicios, Generar Reportes Oficiales y de Gesti\u00f3n, Control del Inventario de Hologramas [&hellip;]","og_url":"https:\/\/www.blmovil.com\/verifimovil\/inicio2\/","article_modified_time":"2023-11-06T19:01:04+00:00","og_image":[{"url":"https:\/\/www.blmovil.com\/verifimovil\/wp-content\/uploads\/sites\/22\/2022\/05\/verifimovil-1024x327-1.jpg","type":"","width":"","height":""}],"twitter_card":"summary_large_image","twitter_misc":{"Tiempo de lectura":"2 minutos"},"schema":{"@context":"https:\/\/schema.org","@graph":[{"@type":"WebPage","@id":"https:\/\/www.blmovil.com\/verifimovil\/inicio2\/","url":"https:\/\/www.blmovil.com\/verifimovil\/inicio2\/","name":"Inicio2 -","isPartOf":{"@id":"https:\/\/www.blmovil.com\/verifimovil\/#website"},"primaryImageOfPage":{"@id":"https:\/\/www.blmovil.com\/verifimovil\/inicio2\/#primaryimage"},"image":{"@id":"https:\/\/www.blmovil.com\/verifimovil\/inicio2\/#primaryimage"},"thumbnailUrl":"https:\/\/www.blmovil.com\/verifimovil\/wp-content\/uploads\/sites\/22\/2022\/05\/verifimovil-1024x327-1.jpg","datePublished":"2022-05-24T05:25:25+00:00","dateModified":"2023-11-06T19:01:04+00:00","breadcrumb":{"@id":"https:\/\/www.blmovil.com\/verifimovil\/inicio2\/#breadcrumb"},"inLanguage":"es","potentialAction":[{"@type":"ReadAction","target":["https:\/\/www.blmovil.com\/verifimovil\/inicio2\/"]}]},{"@type":"ImageObject","inLanguage":"es","@id":"https:\/\/www.blmovil.com\/verifimovil\/inicio2\/#primaryimage","url":"https:\/\/www.blmovil.com\/verifimovil\/wp-content\/uploads\/sites\/22\/2022\/05\/verifimovil-1024x327-1.jpg","contentUrl":"https:\/\/www.blmovil.com\/verifimovil\/wp-content\/uploads\/sites\/22\/2022\/05\/verifimovil-1024x327-1.jpg","width":1024,"height":327,"caption":"verifimovil"},{"@type":"BreadcrumbList","@id":"https:\/\/www.blmovil.com\/verifimovil\/inicio2\/#breadcrumb","itemListElement":[{"@type":"ListItem","position":1,"name":"Inicio","item":"https:\/\/www.blmovil.com\/verifimovil\/"},{"@type":"ListItem","position":2,"name":"Inicio2"}]},{"@type":"WebSite","@id":"https:\/\/www.blmovil.com\/verifimovil\/#website","url":"https:\/\/www.blmovil.com\/verifimovil\/","name":"","description":"Digitaliza tu Verificentro","potentialAction":[{"@type":"SearchAction","target":{"@type":"EntryPoint","urlTemplate":"https:\/\/www.blmovil.com\/verifimovil\/?s={search_term_string}"},"query-input":{"@type":"PropertyValueSpecification","valueRequired":true,"valueName":"search_term_string"}}],"inLanguage":"es"}]}},"featured_image_src":null,"featured_image_src_square":null,"uagb_featured_image_src":{"full":false,"thumbnail":false,"medium":false,"medium_large":false,"large":false,"course_archive_thumbnail":false,"course_single_thumbnail":false,"lesson_archive_thumbnail":false,"lesson_single_thumbnail":false,"1536x1536":false,"2048x2048":false,"gb-block-post-grid-landscape":false,"gb-block-post-grid-square":false,"woocommerce_thumbnail":false,"woocommerce_single":false,"woocommerce_gallery_thumbnail":false,"awb_sm":false,"awb_md":false,"awb_lg":false,"awb_xl":false},"uagb_author_info":{"display_name":"Jorge Bernal","author_link":"https:\/\/www.blmovil.com\/verifimovil\/author\/hovait\/"},"uagb_comment_info":0,"uagb_excerpt":"\u00bfQu\u00e9 es Verifim\u00f3vil? Verifimovil es un software integrado para la gesti\u00f3n y administraci\u00f3n de verificentros que permite desde un \u00fanico sistema, Automatizar la Captura de los Datos sin errores, Facturar Autom\u00e1ticamente desde el sistema (CFDI 4.0), Gestionar el Control de los Ingresos por Servicios, Generar Reportes Oficiales y de Gesti\u00f3n, Control del Inventario de Hologramas&hellip;","_links":{"self":[{"href":"https:\/\/www.blmovil.com\/verifimovil\/wp-json\/wp\/v2\/pages\/12","targetHints":{"allow":["GET"]}}],"collection":[{"href":"https:\/\/www.blmovil.com\/verifimovil\/wp-json\/wp\/v2\/pages"}],"about":[{"href":"https:\/\/www.blmovil.com\/verifimovil\/wp-json\/wp\/v2\/types\/page"}],"author":[{"embeddable":true,"href":"https:\/\/www.blmovil.com\/verifimovil\/wp-json\/wp\/v2\/users\/1"}],"replies":[{"embeddable":true,"href":"https:\/\/www.blmovil.com\/verifimovil\/wp-json\/wp\/v2\/comments?post=12"}],"version-history":[{"count":5,"href":"https:\/\/www.blmovil.com\/verifimovil\/wp-json\/wp\/v2\/pages\/12\/revisions"}],"predecessor-version":[{"id":129,"href":"https:\/\/www.blmovil.com\/verifimovil\/wp-json\/wp\/v2\/pages\/12\/revisions\/129"}],"wp:attachment":[{"href":"https:\/\/www.blmovil.com\/verifimovil\/wp-json\/wp\/v2\/media?parent=12"}],"curies":[{"name":"wp","href":"https:\/\/api.w.org\/{rel}","templated":true}]}}