{"id":10077,"date":"2023-12-15T19:54:43","date_gmt":"2023-12-15T19:54:43","guid":{"rendered":"https:\/\/www.blmovil.com\/software-factory\/?page_id=10077"},"modified":"2023-12-22T18:09:11","modified_gmt":"2023-12-22T18:09:11","slug":"publicacion-en-la-nube","status":"publish","type":"page","link":"https:\/\/www.blmovil.com\/software-factory\/publicacion-en-la-nube\/","title":{"rendered":"PUBLICACION EN LA NUBE"},"content":{"rendered":"\n<div class=\"wp-block-uagb-container uagb-block-5c41ab6a alignfull uagb-is-root-container\">\n<div class=\"wp-block-uagb-container uagb-block-3367e4f3\">\n<figure class=\"wp-block-image aligncenter size-full is-resized\"><img loading=\"lazy\" decoding=\"async\" width=\"1024\" height=\"1024\" src=\"http:\/\/www.blmovil.com\/software-factory\/wp-content\/uploads\/sites\/24\/2023\/12\/publicacion-en-la-nube.png\" alt=\"publicaci\u00f3n en la nube\" class=\"wp-image-10174\" style=\"width:217px;height:auto\" srcset=\"https:\/\/www.blmovil.com\/software-factory\/wp-content\/uploads\/sites\/24\/2023\/12\/publicacion-en-la-nube.png 1024w, https:\/\/www.blmovil.com\/software-factory\/wp-content\/uploads\/sites\/24\/2023\/12\/publicacion-en-la-nube-300x300.png 300w, https:\/\/www.blmovil.com\/software-factory\/wp-content\/uploads\/sites\/24\/2023\/12\/publicacion-en-la-nube-150x150.png 150w, https:\/\/www.blmovil.com\/software-factory\/wp-content\/uploads\/sites\/24\/2023\/12\/publicacion-en-la-nube-768x768.png 768w, https:\/\/www.blmovil.com\/software-factory\/wp-content\/uploads\/sites\/24\/2023\/12\/publicacion-en-la-nube-100x100.png 100w, https:\/\/www.blmovil.com\/software-factory\/wp-content\/uploads\/sites\/24\/2023\/12\/publicacion-en-la-nube-500x500.png 500w, https:\/\/www.blmovil.com\/software-factory\/wp-content\/uploads\/sites\/24\/2023\/12\/publicacion-en-la-nube-800x800.png 800w, https:\/\/www.blmovil.com\/software-factory\/wp-content\/uploads\/sites\/24\/2023\/12\/publicacion-en-la-nube-600x600.png 600w\" sizes=\"auto, (max-width: 1024px) 100vw, 1024px\" \/><\/figure>\n<\/div>\n\n\n\n<div data-aos= \"fade\" data-aos-duration=\"400\" data-aos-delay=\"0\" data-aos-easing=\"ease\" data-aos-once=\"true\" class=\"wp-block-uagb-container uagb-block-21e53c10\">\n<h2 class=\"wp-block-heading has-text-align-center has-ast-global-color-4-color has-text-color has-link-color wp-elements-8fe59d3cf632f3c68897156c02520f1c\">Publicaci\u00f3n en la Nube<\/h2>\n\n\n<style>.gb-69f49be2bcbec{font-size: 20px;}@media only screen and (max-width: 1200px) {.gb-69f49be2bcbec{font-size: 20px!important;}}<\/style>\n<p class=\"gb-69f49be2bcbec has-text-align-center has-ast-global-color-4-color has-text-color has-link-color has-medium-font-size wp-elements-060b5e7f3729b4882b5bc12142cc3eea\">Alojamos sus aplicaciones en servidores dedicados o virtuales con conexiones de alta velocidad <\/p>\n<\/div>\n<\/div>\n\n\n\n<div style=\"height:30px\" aria-hidden=\"true\" class=\"wp-block-spacer\"><\/div>\n\n\n\n<h2 class=\"wp-block-heading has-text-align-center\">Publicaci\u00f3n de alta velocidad y disponibilidad<\/h2>\n\n\n\n<hr class=\"wp-block-separator has-alpha-channel-opacity\"\/>\n\n\n\n<p class=\"has-text-align-center\">Ofrecemos el modelo de publicaci\u00f3n que mejor se adapte a las necesidades de cada sistema. Desde un alojamiento compartido para aplicaciones sencillas hasta alojamiento con arquitecturas multiservidor y servicios balanceados y de alta disponibilidad para plataformas m\u00e1s exigentes.<\/p>\n\n\n\n<div class=\"wp-block-uagb-container uagb-block-c2bbe512 alignfull uagb-is-root-container\">\n<div class=\"wp-block-uagb-container uagb-block-0363a0a7\">\n<h4 class=\"wp-block-heading has-text-align-center has-vivid-cyan-blue-color has-text-color has-link-color wp-elements-6618ee5e13559f716e761074204d232b\">Publicaci\u00f3n dedicada y compartida<\/h4>\n\n\n\n<p class=\"has-text-align-justify\">Publicamos en servidores f\u00edsico o virtuales dependiendo de las necesidades de rendimiento, disponibilidad, velocidad y escalabilidad de cada proyecto<\/p>\n<\/div>\n\n\n\n<div class=\"wp-block-uagb-container uagb-block-3b171d34\">\n<h4 class=\"wp-block-heading has-text-align-center has-vivid-cyan-blue-color has-text-color has-link-color wp-elements-a654cf94194dc0557b221492c70c0278\">Publicaci\u00f3n con arquitecturas avanzadas<\/h4>\n\n\n\n<p class=\"has-text-align-justify\">Nuestras arquitecturas disponen siempre de firewalls configurables y opcionalmente servidores en alta disponibilidad tanto para aplicaciones como bases de datos.<\/p>\n<\/div>\n\n\n\n<div class=\"wp-block-uagb-container uagb-block-b2f01f6b\">\n<h4 class=\"wp-block-heading has-text-align-center has-vivid-cyan-blue-color has-text-color has-link-color wp-elements-7ff7d3fb96bbc402337edb5b201878c0\">Servicios CDN<\/h4>\n\n\n\n<p>Utilizamos servicios p\u00fablicos de CDN para acelerar la descarga de p\u00e1ginas web en sistemas que necesiten altos vol\u00famenes de accesos y maximizar el rendimiento y la velocidad de servicio<\/p>\n<\/div>\n<\/div>\n\n\n\n<div style=\"height:30px\" aria-hidden=\"true\" class=\"wp-block-spacer\"><\/div>\n\n\n\n<h2 class=\"wp-block-heading has-text-align-center\">Publicaci\u00f3n de alto rendimiento en la Nube<\/h2>\n\n\n\n<hr class=\"wp-block-separator has-alpha-channel-opacity\"\/>\n\n\n\n<p>Los servicios que ofrecemos en nuestra nube incluyen los siguientes:<\/p>\n\n\n\n<ul class=\"wp-block-list\">\n<li>Configuraci\u00f3n y puesta en marcha de las aplicaciones<\/li>\n\n\n\n<li>Monitorizaci\u00f3n de las aplicaciones en la modalidad seleccionada 8&#215;5 o 7&#215;24<\/li>\n\n\n\n<li>Backup diario de todos los datos <\/li>\n\n\n\n<li>Actualizaci\u00f3n de parches del sistema operativo y de aplicaciones<\/li>\n\n\n\n<li>Despliegue en ambientes de prueba y de producci\u00f3n<\/li>\n<\/ul>\n","protected":false},"excerpt":{"rendered":"<p>Publicaci\u00f3n en la Nube Alojamos sus aplicaciones en servidores dedicados o virtuales con conexiones de alta velocidad Publicaci\u00f3n de alta velocidad y disponibilidad Ofrecemos el modelo de publicaci\u00f3n que mejor se adapte a las necesidades de cada sistema. Desde un alojamiento compartido para aplicaciones sencillas hasta alojamiento con arquitecturas multiservidor y servicios balanceados y de [&hellip;]<\/p>\n","protected":false},"author":1,"featured_media":0,"parent":0,"menu_order":0,"comment_status":"closed","ping_status":"closed","template":"","meta":{"_acf_changed":false,"_uag_custom_page_level_css":"","_trash_the_other_posts":false,"_editorskit_title_hidden":true,"_editorskit_reading_time":0,"_editorskit_is_block_options_detached":false,"_editorskit_block_options_position":"{}","site-sidebar-layout":"default","site-content-layout":"","ast-site-content-layout":"default","site-content-style":"default","site-sidebar-style":"default","ast-global-header-display":"","ast-banner-title-visibility":"","ast-main-header-display":"","ast-hfb-above-header-display":"","ast-hfb-below-header-display":"","ast-hfb-mobile-header-display":"","site-post-title":"","ast-breadcrumbs-content":"","ast-featured-img":"","footer-sml-layout":"","ast-disable-related-posts":"","theme-transparent-header-meta":"","adv-header-id-meta":"","stick-header-meta":"","header-above-stick-meta":"","header-main-stick-meta":"","header-below-stick-meta":"","astra-migrate-meta-layouts":"default","ast-page-background-enabled":"default","ast-page-background-meta":{"desktop":{"background-color":"var(--ast-global-color-4)","background-image":"","background-repeat":"repeat","background-position":"center center","background-size":"auto","background-attachment":"scroll","background-type":"","background-media":"","overlay-type":"","overlay-color":"","overlay-opacity":"","overlay-gradient":""},"tablet":{"background-color":"","background-image":"","background-repeat":"repeat","background-position":"center center","background-size":"auto","background-attachment":"scroll","background-type":"","background-media":"","overlay-type":"","overlay-color":"","overlay-opacity":"","overlay-gradient":""},"mobile":{"background-color":"","background-image":"","background-repeat":"repeat","background-position":"center center","background-size":"auto","background-attachment":"scroll","background-type":"","background-media":"","overlay-type":"","overlay-color":"","overlay-opacity":"","overlay-gradient":""}},"ast-content-background-meta":{"desktop":{"background-color":"var(--ast-global-color-5)","background-image":"","background-repeat":"repeat","background-position":"center center","background-size":"auto","background-attachment":"scroll","background-type":"","background-media":"","overlay-type":"","overlay-color":"","overlay-opacity":"","overlay-gradient":""},"tablet":{"background-color":"var(--ast-global-color-5)","background-image":"","background-repeat":"repeat","background-position":"center center","background-size":"auto","background-attachment":"scroll","background-type":"","background-media":"","overlay-type":"","overlay-color":"","overlay-opacity":"","overlay-gradient":""},"mobile":{"background-color":"var(--ast-global-color-5)","background-image":"","background-repeat":"repeat","background-position":"center center","background-size":"auto","background-attachment":"scroll","background-type":"","background-media":"","overlay-type":"","overlay-color":"","overlay-opacity":"","overlay-gradient":""}},"episode_type":"","audio_file":"","podmotor_file_id":"","podmotor_episode_id":"","cover_image":"","cover_image_id":"","duration":"","filesize":"","filesize_raw":"","date_recorded":"","explicit":"","block":"","itunes_episode_number":"","itunes_title":"","itunes_season_number":"","itunes_episode_type":"","footnotes":""},"class_list":["post-10077","page","type-page","status-publish","hentry"],"acf":[],"yoast_head":"<!-- This site is optimized with the Yoast SEO plugin v27.3 - https:\/\/yoast.com\/product\/yoast-seo-wordpress\/ -->\n<title>PUBLICACION EN LA NUBE - Software Factory<\/title>\n<meta name=\"robots\" content=\"index, follow, max-snippet:-1, max-image-preview:large, max-video-preview:-1\" \/>\n<link rel=\"canonical\" href=\"https:\/\/www.blmovil.com\/software-factory\/publicacion-en-la-nube\/\" \/>\n<meta property=\"og:locale\" content=\"es_MX\" \/>\n<meta property=\"og:type\" content=\"article\" \/>\n<meta property=\"og:title\" content=\"PUBLICACION EN LA NUBE - Software Factory\" \/>\n<meta property=\"og:description\" content=\"Publicaci\u00f3n en la Nube Alojamos sus aplicaciones en servidores dedicados o virtuales con conexiones de alta velocidad Publicaci\u00f3n de alta velocidad y disponibilidad Ofrecemos el modelo de publicaci\u00f3n que mejor se adapte a las necesidades de cada sistema. Desde un alojamiento compartido para aplicaciones sencillas hasta alojamiento con arquitecturas multiservidor y servicios balanceados y de [&hellip;]\" \/>\n<meta property=\"og:url\" content=\"https:\/\/www.blmovil.com\/software-factory\/publicacion-en-la-nube\/\" \/>\n<meta property=\"og:site_name\" content=\"Software Factory\" \/>\n<meta property=\"article:modified_time\" content=\"2023-12-22T18:09:11+00:00\" \/>\n<meta property=\"og:image\" content=\"http:\/\/www.blmovil.com\/software-factory\/wp-content\/uploads\/sites\/24\/2023\/12\/publicacion-en-la-nube.png\" \/>\n<meta name=\"twitter:card\" content=\"summary_large_image\" \/>\n<meta name=\"twitter:label1\" content=\"Tiempo de lectura\" \/>\n\t<meta name=\"twitter:data1\" content=\"2 minutos\" \/>\n<script type=\"application\/ld+json\" class=\"yoast-schema-graph\">{\"@context\":\"https:\\\/\\\/schema.org\",\"@graph\":[{\"@type\":\"WebPage\",\"@id\":\"https:\\\/\\\/www.blmovil.com\\\/software-factory\\\/publicacion-en-la-nube\\\/\",\"url\":\"https:\\\/\\\/www.blmovil.com\\\/software-factory\\\/publicacion-en-la-nube\\\/\",\"name\":\"PUBLICACION EN LA NUBE - Software Factory\",\"isPartOf\":{\"@id\":\"https:\\\/\\\/www.blmovil.com\\\/software-factory\\\/#website\"},\"primaryImageOfPage\":{\"@id\":\"https:\\\/\\\/www.blmovil.com\\\/software-factory\\\/publicacion-en-la-nube\\\/#primaryimage\"},\"image\":{\"@id\":\"https:\\\/\\\/www.blmovil.com\\\/software-factory\\\/publicacion-en-la-nube\\\/#primaryimage\"},\"thumbnailUrl\":\"http:\\\/\\\/www.blmovil.com\\\/software-factory\\\/wp-content\\\/uploads\\\/sites\\\/24\\\/2023\\\/12\\\/publicacion-en-la-nube.png\",\"datePublished\":\"2023-12-15T19:54:43+00:00\",\"dateModified\":\"2023-12-22T18:09:11+00:00\",\"breadcrumb\":{\"@id\":\"https:\\\/\\\/www.blmovil.com\\\/software-factory\\\/publicacion-en-la-nube\\\/#breadcrumb\"},\"inLanguage\":\"es\",\"potentialAction\":[{\"@type\":\"ReadAction\",\"target\":[\"https:\\\/\\\/www.blmovil.com\\\/software-factory\\\/publicacion-en-la-nube\\\/\"]}]},{\"@type\":\"ImageObject\",\"inLanguage\":\"es\",\"@id\":\"https:\\\/\\\/www.blmovil.com\\\/software-factory\\\/publicacion-en-la-nube\\\/#primaryimage\",\"url\":\"https:\\\/\\\/www.blmovil.com\\\/software-factory\\\/wp-content\\\/uploads\\\/sites\\\/24\\\/2023\\\/12\\\/publicacion-en-la-nube.png\",\"contentUrl\":\"https:\\\/\\\/www.blmovil.com\\\/software-factory\\\/wp-content\\\/uploads\\\/sites\\\/24\\\/2023\\\/12\\\/publicacion-en-la-nube.png\",\"width\":1024,\"height\":1024,\"caption\":\"publicaci\u00f3n en la nube\"},{\"@type\":\"BreadcrumbList\",\"@id\":\"https:\\\/\\\/www.blmovil.com\\\/software-factory\\\/publicacion-en-la-nube\\\/#breadcrumb\",\"itemListElement\":[{\"@type\":\"ListItem\",\"position\":1,\"name\":\"Inicio\",\"item\":\"https:\\\/\\\/www.blmovil.com\\\/software-factory\\\/\"},{\"@type\":\"ListItem\",\"position\":2,\"name\":\"PUBLICACION EN LA NUBE\"}]},{\"@type\":\"WebSite\",\"@id\":\"https:\\\/\\\/www.blmovil.com\\\/software-factory\\\/#website\",\"url\":\"https:\\\/\\\/www.blmovil.com\\\/software-factory\\\/\",\"name\":\"Software Factory\",\"description\":\"\",\"publisher\":{\"@id\":\"https:\\\/\\\/www.blmovil.com\\\/software-factory\\\/#organization\"},\"potentialAction\":[{\"@type\":\"SearchAction\",\"target\":{\"@type\":\"EntryPoint\",\"urlTemplate\":\"https:\\\/\\\/www.blmovil.com\\\/software-factory\\\/?s={search_term_string}\"},\"query-input\":{\"@type\":\"PropertyValueSpecification\",\"valueRequired\":true,\"valueName\":\"search_term_string\"}}],\"inLanguage\":\"es\"},{\"@type\":\"Organization\",\"@id\":\"https:\\\/\\\/www.blmovil.com\\\/software-factory\\\/#organization\",\"name\":\"Software Factory\",\"url\":\"https:\\\/\\\/www.blmovil.com\\\/software-factory\\\/\",\"logo\":{\"@type\":\"ImageObject\",\"inLanguage\":\"es\",\"@id\":\"https:\\\/\\\/www.blmovil.com\\\/software-factory\\\/#\\\/schema\\\/logo\\\/image\\\/\",\"url\":\"https:\\\/\\\/www.blmovil.com\\\/software-factory\\\/wp-content\\\/uploads\\\/sites\\\/24\\\/2023\\\/12\\\/cropped-cropped-logoBLM-6.png\",\"contentUrl\":\"https:\\\/\\\/www.blmovil.com\\\/software-factory\\\/wp-content\\\/uploads\\\/sites\\\/24\\\/2023\\\/12\\\/cropped-cropped-logoBLM-6.png\",\"width\":120,\"height\":81,\"caption\":\"Software Factory\"},\"image\":{\"@id\":\"https:\\\/\\\/www.blmovil.com\\\/software-factory\\\/#\\\/schema\\\/logo\\\/image\\\/\"}}]}<\/script>\n<!-- \/ Yoast SEO plugin. -->","yoast_head_json":{"title":"PUBLICACION EN LA NUBE - Software Factory","robots":{"index":"index","follow":"follow","max-snippet":"max-snippet:-1","max-image-preview":"max-image-preview:large","max-video-preview":"max-video-preview:-1"},"canonical":"https:\/\/www.blmovil.com\/software-factory\/publicacion-en-la-nube\/","og_locale":"es_MX","og_type":"article","og_title":"PUBLICACION EN LA NUBE - Software Factory","og_description":"Publicaci\u00f3n en la Nube Alojamos sus aplicaciones en servidores dedicados o virtuales con conexiones de alta velocidad Publicaci\u00f3n de alta velocidad y disponibilidad Ofrecemos el modelo de publicaci\u00f3n que mejor se adapte a las necesidades de cada sistema. Desde un alojamiento compartido para aplicaciones sencillas hasta alojamiento con arquitecturas multiservidor y servicios balanceados y de [&hellip;]","og_url":"https:\/\/www.blmovil.com\/software-factory\/publicacion-en-la-nube\/","og_site_name":"Software Factory","article_modified_time":"2023-12-22T18:09:11+00:00","og_image":[{"url":"http:\/\/www.blmovil.com\/software-factory\/wp-content\/uploads\/sites\/24\/2023\/12\/publicacion-en-la-nube.png","type":"","width":"","height":""}],"twitter_card":"summary_large_image","twitter_misc":{"Tiempo de lectura":"2 minutos"},"schema":{"@context":"https:\/\/schema.org","@graph":[{"@type":"WebPage","@id":"https:\/\/www.blmovil.com\/software-factory\/publicacion-en-la-nube\/","url":"https:\/\/www.blmovil.com\/software-factory\/publicacion-en-la-nube\/","name":"PUBLICACION EN LA NUBE - Software Factory","isPartOf":{"@id":"https:\/\/www.blmovil.com\/software-factory\/#website"},"primaryImageOfPage":{"@id":"https:\/\/www.blmovil.com\/software-factory\/publicacion-en-la-nube\/#primaryimage"},"image":{"@id":"https:\/\/www.blmovil.com\/software-factory\/publicacion-en-la-nube\/#primaryimage"},"thumbnailUrl":"http:\/\/www.blmovil.com\/software-factory\/wp-content\/uploads\/sites\/24\/2023\/12\/publicacion-en-la-nube.png","datePublished":"2023-12-15T19:54:43+00:00","dateModified":"2023-12-22T18:09:11+00:00","breadcrumb":{"@id":"https:\/\/www.blmovil.com\/software-factory\/publicacion-en-la-nube\/#breadcrumb"},"inLanguage":"es","potentialAction":[{"@type":"ReadAction","target":["https:\/\/www.blmovil.com\/software-factory\/publicacion-en-la-nube\/"]}]},{"@type":"ImageObject","inLanguage":"es","@id":"https:\/\/www.blmovil.com\/software-factory\/publicacion-en-la-nube\/#primaryimage","url":"https:\/\/www.blmovil.com\/software-factory\/wp-content\/uploads\/sites\/24\/2023\/12\/publicacion-en-la-nube.png","contentUrl":"https:\/\/www.blmovil.com\/software-factory\/wp-content\/uploads\/sites\/24\/2023\/12\/publicacion-en-la-nube.png","width":1024,"height":1024,"caption":"publicaci\u00f3n en la nube"},{"@type":"BreadcrumbList","@id":"https:\/\/www.blmovil.com\/software-factory\/publicacion-en-la-nube\/#breadcrumb","itemListElement":[{"@type":"ListItem","position":1,"name":"Inicio","item":"https:\/\/www.blmovil.com\/software-factory\/"},{"@type":"ListItem","position":2,"name":"PUBLICACION EN LA NUBE"}]},{"@type":"WebSite","@id":"https:\/\/www.blmovil.com\/software-factory\/#website","url":"https:\/\/www.blmovil.com\/software-factory\/","name":"Software Factory","description":"","publisher":{"@id":"https:\/\/www.blmovil.com\/software-factory\/#organization"},"potentialAction":[{"@type":"SearchAction","target":{"@type":"EntryPoint","urlTemplate":"https:\/\/www.blmovil.com\/software-factory\/?s={search_term_string}"},"query-input":{"@type":"PropertyValueSpecification","valueRequired":true,"valueName":"search_term_string"}}],"inLanguage":"es"},{"@type":"Organization","@id":"https:\/\/www.blmovil.com\/software-factory\/#organization","name":"Software Factory","url":"https:\/\/www.blmovil.com\/software-factory\/","logo":{"@type":"ImageObject","inLanguage":"es","@id":"https:\/\/www.blmovil.com\/software-factory\/#\/schema\/logo\/image\/","url":"https:\/\/www.blmovil.com\/software-factory\/wp-content\/uploads\/sites\/24\/2023\/12\/cropped-cropped-logoBLM-6.png","contentUrl":"https:\/\/www.blmovil.com\/software-factory\/wp-content\/uploads\/sites\/24\/2023\/12\/cropped-cropped-logoBLM-6.png","width":120,"height":81,"caption":"Software Factory"},"image":{"@id":"https:\/\/www.blmovil.com\/software-factory\/#\/schema\/logo\/image\/"}}]}},"featured_image_src":null,"featured_image_src_square":null,"uagb_featured_image_src":{"full":false,"thumbnail":false,"medium":false,"medium_large":false,"large":false,"course_archive_thumbnail":false,"course_single_thumbnail":false,"lesson_archive_thumbnail":false,"lesson_single_thumbnail":false,"1536x1536":false,"2048x2048":false,"gb-block-post-grid-landscape":false,"gb-block-post-grid-square":false,"woocommerce_thumbnail":false,"woocommerce_single":false,"woocommerce_gallery_thumbnail":false,"awb_sm":false,"awb_md":false,"awb_lg":false,"awb_xl":false},"uagb_author_info":{"display_name":"Jorge Bernal","author_link":"https:\/\/www.blmovil.com\/software-factory\/author\/hovait\/"},"uagb_comment_info":0,"uagb_excerpt":"Publicaci\u00f3n en la Nube Alojamos sus aplicaciones en servidores dedicados o virtuales con conexiones de alta velocidad Publicaci\u00f3n de alta velocidad y disponibilidad Ofrecemos el modelo de publicaci\u00f3n que mejor se adapte a las necesidades de cada sistema. Desde un alojamiento compartido para aplicaciones sencillas hasta alojamiento con arquitecturas multiservidor y servicios balanceados y de&hellip;","_links":{"self":[{"href":"https:\/\/www.blmovil.com\/software-factory\/wp-json\/wp\/v2\/pages\/10077","targetHints":{"allow":["GET"]}}],"collection":[{"href":"https:\/\/www.blmovil.com\/software-factory\/wp-json\/wp\/v2\/pages"}],"about":[{"href":"https:\/\/www.blmovil.com\/software-factory\/wp-json\/wp\/v2\/types\/page"}],"author":[{"embeddable":true,"href":"https:\/\/www.blmovil.com\/software-factory\/wp-json\/wp\/v2\/users\/1"}],"replies":[{"embeddable":true,"href":"https:\/\/www.blmovil.com\/software-factory\/wp-json\/wp\/v2\/comments?post=10077"}],"version-history":[{"count":4,"href":"https:\/\/www.blmovil.com\/software-factory\/wp-json\/wp\/v2\/pages\/10077\/revisions"}],"predecessor-version":[{"id":10180,"href":"https:\/\/www.blmovil.com\/software-factory\/wp-json\/wp\/v2\/pages\/10077\/revisions\/10180"}],"wp:attachment":[{"href":"https:\/\/www.blmovil.com\/software-factory\/wp-json\/wp\/v2\/media?parent=10077"}],"curies":[{"name":"wp","href":"https:\/\/api.w.org\/{rel}","templated":true}]}}