{"id":10073,"date":"2023-12-15T19:53:48","date_gmt":"2023-12-15T19:53:48","guid":{"rendered":"https:\/\/www.blmovil.com\/software-factory\/?page_id=10073"},"modified":"2023-12-22T16:55:53","modified_gmt":"2023-12-22T16:55:53","slug":"diseno-ux-ui","status":"publish","type":"page","link":"https:\/\/www.blmovil.com\/software-factory\/diseno-ux-ui\/","title":{"rendered":"DISE\u00d1O UX\/UI"},"content":{"rendered":"\n<div class=\"wp-block-uagb-container uagb-block-5c41ab6a alignfull uagb-is-root-container\">\n<div class=\"wp-block-uagb-container uagb-block-3367e4f3\">\n<figure class=\"wp-block-image aligncenter size-full is-resized\"><img loading=\"lazy\" decoding=\"async\" width=\"1024\" height=\"1024\" src=\"http:\/\/www.blmovil.com\/software-factory\/wp-content\/uploads\/sites\/24\/2023\/12\/Diseno-UX-UI.png\" alt=\"Dise\u00f1o UX\/UI\" class=\"wp-image-10154\" style=\"width:202px;height:auto\" srcset=\"https:\/\/www.blmovil.com\/software-factory\/wp-content\/uploads\/sites\/24\/2023\/12\/Diseno-UX-UI.png 1024w, https:\/\/www.blmovil.com\/software-factory\/wp-content\/uploads\/sites\/24\/2023\/12\/Diseno-UX-UI-300x300.png 300w, https:\/\/www.blmovil.com\/software-factory\/wp-content\/uploads\/sites\/24\/2023\/12\/Diseno-UX-UI-150x150.png 150w, https:\/\/www.blmovil.com\/software-factory\/wp-content\/uploads\/sites\/24\/2023\/12\/Diseno-UX-UI-768x768.png 768w, https:\/\/www.blmovil.com\/software-factory\/wp-content\/uploads\/sites\/24\/2023\/12\/Diseno-UX-UI-100x100.png 100w, https:\/\/www.blmovil.com\/software-factory\/wp-content\/uploads\/sites\/24\/2023\/12\/Diseno-UX-UI-500x500.png 500w, https:\/\/www.blmovil.com\/software-factory\/wp-content\/uploads\/sites\/24\/2023\/12\/Diseno-UX-UI-800x800.png 800w, https:\/\/www.blmovil.com\/software-factory\/wp-content\/uploads\/sites\/24\/2023\/12\/Diseno-UX-UI-600x600.png 600w\" sizes=\"auto, (max-width: 1024px) 100vw, 1024px\" \/><\/figure>\n<\/div>\n\n\n\n<div data-aos= \"fade\" data-aos-duration=\"400\" data-aos-delay=\"0\" data-aos-easing=\"ease\" data-aos-once=\"true\" class=\"wp-block-uagb-container uagb-block-21e53c10\">\n<h2 class=\"wp-block-heading has-text-align-center has-ast-global-color-4-color has-text-color has-link-color wp-elements-a85d22c8d31bcb7b348e4f05e675a224\">Dise\u00f1o UX\/UI<\/h2>\n\n\n<style>.gb-69f229ddb6351{font-size: 20px;}@media only screen and (max-width: 1200px) {.gb-69f229ddb6351{font-size: 20px!important;}}<\/style>\n<p class=\"gb-69f229ddb6351 has-text-align-center has-ast-global-color-4-color has-text-color has-link-color has-medium-font-size wp-elements-62fa588a953687f6b68e8b63b7e19c55\">Nos enfocamos dise\u00f1o de p\u00e1ginas web y aplicaciones m\u00f3viles o cliente\/servidor maximizando la usabilidad, conversi\u00f3n y experiencia del usuario<\/p>\n<\/div>\n<\/div>\n\n\n\n<div style=\"height:30px\" aria-hidden=\"true\" class=\"wp-block-spacer\"><\/div>\n\n\n\n<h2 class=\"wp-block-heading has-text-align-center\">Dise\u00f1o de aplicaciones web, m\u00f3viles y cliente\/servidor<\/h2>\n\n\n\n<hr class=\"wp-block-separator has-alpha-channel-opacity\"\/>\n\n\n\n<p class=\"has-text-align-center\">Dise\u00f1amos experiencias digitales excepcionales que cautivan a tus usuarios y mejoran la usabilidad de tus aplicaciones y sitios web<\/p>\n\n\n\n<div class=\"wp-block-uagb-container uagb-block-ee693774 alignfull uagb-is-root-container\"><div class=\"uagb-container-inner-blocks-wrap\">\n<div class=\"wp-block-uagb-container uagb-block-d462eda5\">\n<h3 class=\"wp-block-heading has-text-align-center has-vivid-cyan-blue-color has-text-color has-link-color wp-elements-eca925c113d0926412107730fd547af4\">User Experience (UX)<\/h3>\n\n\n\n<p class=\"has-text-align-justify\">Nuestro servicio de dise\u00f1o UX se enfoca en crear experiencias de usuario memorables, simplificando la navegaci\u00f3n y maximizando la satisfacci\u00f3n, impulsando la lealtad y el \u00e9xito de tu negocio en l\u00ednea<\/p>\n<\/div>\n\n\n\n<div class=\"wp-block-uagb-container uagb-block-3ce4a200\">\n<h3 class=\"wp-block-heading has-text-align-center has-vivid-cyan-blue-color has-text-color has-link-color wp-elements-6b2fc94b81889b6d4a09532ef3508be8\">User Interface (UI)<\/h3>\n\n\n\n<p class=\"has-text-align-justify\">Nuestro servicio de dise\u00f1o UI se dedica a dar vida a tu visi\u00f3n digital con interfaces elegantes y funcionales, optimizadas para una interacci\u00f3n intuitiva y un impacto visual duradero.<\/p>\n<\/div>\n<\/div><\/div>\n\n\n\n<div class=\"wp-block-uagb-container uagb-block-5507128d alignfull uagb-is-root-container\"><div class=\"uagb-container-inner-blocks-wrap\">\n<div class=\"wp-block-uagb-container uagb-block-f11ea8ab\">\n<h3 class=\"wp-block-heading has-vivid-cyan-blue-color has-text-color has-link-color wp-elements-892940b8a392499b7cb2dc61b088edf1\">Dise\u00f1amos su aplicaci\u00f3n a medida<\/h3>\n\n\n\n<hr class=\"wp-block-separator has-alpha-channel-opacity is-style-default has-mobile-text-align-center\" style=\"margin-top:0;margin-bottom:0\"\/>\n\n\n\n<p>Al dise\u00f1ar un proyecto para un cliente, dependiendo que c\u00f3mo sea el proyecto, nuestro dise\u00f1o se basa en los principios de mobile first y dise\u00f1o responsivo.<\/p>\n\n\n\n<p>Para ello, utilizamos herramientas de prototipado, que permita al cliente identificar el dise\u00f1o y flujo de la aplicaci\u00f3n y a los equipos de desarrollo, tener al material necesario para su trabajo<\/p>\n<\/div>\n\n\n\n<div class=\"wp-block-uagb-container uagb-block-377dfbad\">\n<figure class=\"wp-block-image aligncenter size-full is-resized\"><img loading=\"lazy\" decoding=\"async\" width=\"1024\" height=\"1024\" src=\"http:\/\/www.blmovil.com\/software-factory\/wp-content\/uploads\/sites\/24\/2023\/12\/mobile-first.png\" alt=\"mobile first\" class=\"wp-image-10157\" style=\"width:346px;height:auto\" srcset=\"https:\/\/www.blmovil.com\/software-factory\/wp-content\/uploads\/sites\/24\/2023\/12\/mobile-first.png 1024w, https:\/\/www.blmovil.com\/software-factory\/wp-content\/uploads\/sites\/24\/2023\/12\/mobile-first-300x300.png 300w, https:\/\/www.blmovil.com\/software-factory\/wp-content\/uploads\/sites\/24\/2023\/12\/mobile-first-150x150.png 150w, https:\/\/www.blmovil.com\/software-factory\/wp-content\/uploads\/sites\/24\/2023\/12\/mobile-first-768x768.png 768w, https:\/\/www.blmovil.com\/software-factory\/wp-content\/uploads\/sites\/24\/2023\/12\/mobile-first-100x100.png 100w, https:\/\/www.blmovil.com\/software-factory\/wp-content\/uploads\/sites\/24\/2023\/12\/mobile-first-500x500.png 500w, https:\/\/www.blmovil.com\/software-factory\/wp-content\/uploads\/sites\/24\/2023\/12\/mobile-first-800x800.png 800w, https:\/\/www.blmovil.com\/software-factory\/wp-content\/uploads\/sites\/24\/2023\/12\/mobile-first-600x600.png 600w\" sizes=\"auto, (max-width: 1024px) 100vw, 1024px\" \/><\/figure>\n<\/div>\n<\/div><\/div>\n","protected":false},"excerpt":{"rendered":"<p>Dise\u00f1o UX\/UI Nos enfocamos dise\u00f1o de p\u00e1ginas web y aplicaciones m\u00f3viles o cliente\/servidor maximizando la usabilidad, conversi\u00f3n y experiencia del usuario Dise\u00f1o de aplicaciones web, m\u00f3viles y cliente\/servidor Dise\u00f1amos experiencias digitales excepcionales que cautivan a tus usuarios y mejoran la usabilidad de tus aplicaciones y sitios web User Experience (UX) Nuestro servicio de dise\u00f1o UX [&hellip;]<\/p>\n","protected":false},"author":1,"featured_media":0,"parent":0,"menu_order":0,"comment_status":"closed","ping_status":"closed","template":"","meta":{"_acf_changed":false,"_uag_custom_page_level_css":"","_trash_the_other_posts":false,"_editorskit_title_hidden":true,"_editorskit_reading_time":0,"_editorskit_is_block_options_detached":false,"_editorskit_block_options_position":"{}","site-sidebar-layout":"default","site-content-layout":"","ast-site-content-layout":"default","site-content-style":"default","site-sidebar-style":"default","ast-global-header-display":"","ast-banner-title-visibility":"","ast-main-header-display":"","ast-hfb-above-header-display":"","ast-hfb-below-header-display":"","ast-hfb-mobile-header-display":"","site-post-title":"","ast-breadcrumbs-content":"","ast-featured-img":"","footer-sml-layout":"","ast-disable-related-posts":"","theme-transparent-header-meta":"","adv-header-id-meta":"","stick-header-meta":"","header-above-stick-meta":"","header-main-stick-meta":"","header-below-stick-meta":"","astra-migrate-meta-layouts":"default","ast-page-background-enabled":"default","ast-page-background-meta":{"desktop":{"background-color":"var(--ast-global-color-4)","background-image":"","background-repeat":"repeat","background-position":"center center","background-size":"auto","background-attachment":"scroll","background-type":"","background-media":"","overlay-type":"","overlay-color":"","overlay-opacity":"","overlay-gradient":""},"tablet":{"background-color":"","background-image":"","background-repeat":"repeat","background-position":"center center","background-size":"auto","background-attachment":"scroll","background-type":"","background-media":"","overlay-type":"","overlay-color":"","overlay-opacity":"","overlay-gradient":""},"mobile":{"background-color":"","background-image":"","background-repeat":"repeat","background-position":"center center","background-size":"auto","background-attachment":"scroll","background-type":"","background-media":"","overlay-type":"","overlay-color":"","overlay-opacity":"","overlay-gradient":""}},"ast-content-background-meta":{"desktop":{"background-color":"var(--ast-global-color-5)","background-image":"","background-repeat":"repeat","background-position":"center center","background-size":"auto","background-attachment":"scroll","background-type":"","background-media":"","overlay-type":"","overlay-color":"","overlay-opacity":"","overlay-gradient":""},"tablet":{"background-color":"var(--ast-global-color-5)","background-image":"","background-repeat":"repeat","background-position":"center center","background-size":"auto","background-attachment":"scroll","background-type":"","background-media":"","overlay-type":"","overlay-color":"","overlay-opacity":"","overlay-gradient":""},"mobile":{"background-color":"var(--ast-global-color-5)","background-image":"","background-repeat":"repeat","background-position":"center center","background-size":"auto","background-attachment":"scroll","background-type":"","background-media":"","overlay-type":"","overlay-color":"","overlay-opacity":"","overlay-gradient":""}},"episode_type":"","audio_file":"","podmotor_file_id":"","podmotor_episode_id":"","cover_image":"","cover_image_id":"","duration":"","filesize":"","filesize_raw":"","date_recorded":"","explicit":"","block":"","itunes_episode_number":"","itunes_title":"","itunes_season_number":"","itunes_episode_type":"","footnotes":""},"class_list":["post-10073","page","type-page","status-publish","hentry"],"acf":[],"yoast_head":"<!-- This site is optimized with the Yoast SEO plugin v27.3 - https:\/\/yoast.com\/product\/yoast-seo-wordpress\/ -->\n<title>DISE\u00d1O UX\/UI - Software Factory<\/title>\n<meta name=\"robots\" content=\"index, follow, max-snippet:-1, max-image-preview:large, max-video-preview:-1\" \/>\n<link rel=\"canonical\" href=\"https:\/\/www.blmovil.com\/software-factory\/diseno-ux-ui\/\" \/>\n<meta property=\"og:locale\" content=\"es_MX\" \/>\n<meta property=\"og:type\" content=\"article\" \/>\n<meta property=\"og:title\" content=\"DISE\u00d1O UX\/UI - Software Factory\" \/>\n<meta property=\"og:description\" content=\"Dise\u00f1o UX\/UI Nos enfocamos dise\u00f1o de p\u00e1ginas web y aplicaciones m\u00f3viles o cliente\/servidor maximizando la usabilidad, conversi\u00f3n y experiencia del usuario Dise\u00f1o de aplicaciones web, m\u00f3viles y cliente\/servidor Dise\u00f1amos experiencias digitales excepcionales que cautivan a tus usuarios y mejoran la usabilidad de tus aplicaciones y sitios web User Experience (UX) Nuestro servicio de dise\u00f1o UX [&hellip;]\" \/>\n<meta property=\"og:url\" content=\"https:\/\/www.blmovil.com\/software-factory\/diseno-ux-ui\/\" \/>\n<meta property=\"og:site_name\" content=\"Software Factory\" \/>\n<meta property=\"article:modified_time\" content=\"2023-12-22T16:55:53+00:00\" \/>\n<meta property=\"og:image\" content=\"http:\/\/www.blmovil.com\/software-factory\/wp-content\/uploads\/sites\/24\/2023\/12\/Diseno-UX-UI.png\" \/>\n<meta name=\"twitter:card\" content=\"summary_large_image\" \/>\n<meta name=\"twitter:label1\" content=\"Tiempo de lectura\" \/>\n\t<meta name=\"twitter:data1\" content=\"2 minutos\" \/>\n<script type=\"application\/ld+json\" class=\"yoast-schema-graph\">{\"@context\":\"https:\\\/\\\/schema.org\",\"@graph\":[{\"@type\":\"WebPage\",\"@id\":\"https:\\\/\\\/www.blmovil.com\\\/software-factory\\\/diseno-ux-ui\\\/\",\"url\":\"https:\\\/\\\/www.blmovil.com\\\/software-factory\\\/diseno-ux-ui\\\/\",\"name\":\"DISE\u00d1O UX\\\/UI - Software Factory\",\"isPartOf\":{\"@id\":\"https:\\\/\\\/www.blmovil.com\\\/software-factory\\\/#website\"},\"primaryImageOfPage\":{\"@id\":\"https:\\\/\\\/www.blmovil.com\\\/software-factory\\\/diseno-ux-ui\\\/#primaryimage\"},\"image\":{\"@id\":\"https:\\\/\\\/www.blmovil.com\\\/software-factory\\\/diseno-ux-ui\\\/#primaryimage\"},\"thumbnailUrl\":\"http:\\\/\\\/www.blmovil.com\\\/software-factory\\\/wp-content\\\/uploads\\\/sites\\\/24\\\/2023\\\/12\\\/Diseno-UX-UI.png\",\"datePublished\":\"2023-12-15T19:53:48+00:00\",\"dateModified\":\"2023-12-22T16:55:53+00:00\",\"breadcrumb\":{\"@id\":\"https:\\\/\\\/www.blmovil.com\\\/software-factory\\\/diseno-ux-ui\\\/#breadcrumb\"},\"inLanguage\":\"es\",\"potentialAction\":[{\"@type\":\"ReadAction\",\"target\":[\"https:\\\/\\\/www.blmovil.com\\\/software-factory\\\/diseno-ux-ui\\\/\"]}]},{\"@type\":\"ImageObject\",\"inLanguage\":\"es\",\"@id\":\"https:\\\/\\\/www.blmovil.com\\\/software-factory\\\/diseno-ux-ui\\\/#primaryimage\",\"url\":\"https:\\\/\\\/www.blmovil.com\\\/software-factory\\\/wp-content\\\/uploads\\\/sites\\\/24\\\/2023\\\/12\\\/Diseno-UX-UI.png\",\"contentUrl\":\"https:\\\/\\\/www.blmovil.com\\\/software-factory\\\/wp-content\\\/uploads\\\/sites\\\/24\\\/2023\\\/12\\\/Diseno-UX-UI.png\",\"width\":1024,\"height\":1024,\"caption\":\"Dise\u00f1o UX\\\/UI\"},{\"@type\":\"BreadcrumbList\",\"@id\":\"https:\\\/\\\/www.blmovil.com\\\/software-factory\\\/diseno-ux-ui\\\/#breadcrumb\",\"itemListElement\":[{\"@type\":\"ListItem\",\"position\":1,\"name\":\"Inicio\",\"item\":\"https:\\\/\\\/www.blmovil.com\\\/software-factory\\\/\"},{\"@type\":\"ListItem\",\"position\":2,\"name\":\"DISE\u00d1O UX\\\/UI\"}]},{\"@type\":\"WebSite\",\"@id\":\"https:\\\/\\\/www.blmovil.com\\\/software-factory\\\/#website\",\"url\":\"https:\\\/\\\/www.blmovil.com\\\/software-factory\\\/\",\"name\":\"Software Factory\",\"description\":\"\",\"publisher\":{\"@id\":\"https:\\\/\\\/www.blmovil.com\\\/software-factory\\\/#organization\"},\"potentialAction\":[{\"@type\":\"SearchAction\",\"target\":{\"@type\":\"EntryPoint\",\"urlTemplate\":\"https:\\\/\\\/www.blmovil.com\\\/software-factory\\\/?s={search_term_string}\"},\"query-input\":{\"@type\":\"PropertyValueSpecification\",\"valueRequired\":true,\"valueName\":\"search_term_string\"}}],\"inLanguage\":\"es\"},{\"@type\":\"Organization\",\"@id\":\"https:\\\/\\\/www.blmovil.com\\\/software-factory\\\/#organization\",\"name\":\"Software Factory\",\"url\":\"https:\\\/\\\/www.blmovil.com\\\/software-factory\\\/\",\"logo\":{\"@type\":\"ImageObject\",\"inLanguage\":\"es\",\"@id\":\"https:\\\/\\\/www.blmovil.com\\\/software-factory\\\/#\\\/schema\\\/logo\\\/image\\\/\",\"url\":\"https:\\\/\\\/www.blmovil.com\\\/software-factory\\\/wp-content\\\/uploads\\\/sites\\\/24\\\/2023\\\/12\\\/cropped-cropped-logoBLM-6.png\",\"contentUrl\":\"https:\\\/\\\/www.blmovil.com\\\/software-factory\\\/wp-content\\\/uploads\\\/sites\\\/24\\\/2023\\\/12\\\/cropped-cropped-logoBLM-6.png\",\"width\":120,\"height\":81,\"caption\":\"Software Factory\"},\"image\":{\"@id\":\"https:\\\/\\\/www.blmovil.com\\\/software-factory\\\/#\\\/schema\\\/logo\\\/image\\\/\"}}]}<\/script>\n<!-- \/ Yoast SEO plugin. -->","yoast_head_json":{"title":"DISE\u00d1O UX\/UI - Software Factory","robots":{"index":"index","follow":"follow","max-snippet":"max-snippet:-1","max-image-preview":"max-image-preview:large","max-video-preview":"max-video-preview:-1"},"canonical":"https:\/\/www.blmovil.com\/software-factory\/diseno-ux-ui\/","og_locale":"es_MX","og_type":"article","og_title":"DISE\u00d1O UX\/UI - Software Factory","og_description":"Dise\u00f1o UX\/UI Nos enfocamos dise\u00f1o de p\u00e1ginas web y aplicaciones m\u00f3viles o cliente\/servidor maximizando la usabilidad, conversi\u00f3n y experiencia del usuario Dise\u00f1o de aplicaciones web, m\u00f3viles y cliente\/servidor Dise\u00f1amos experiencias digitales excepcionales que cautivan a tus usuarios y mejoran la usabilidad de tus aplicaciones y sitios web User Experience (UX) Nuestro servicio de dise\u00f1o UX [&hellip;]","og_url":"https:\/\/www.blmovil.com\/software-factory\/diseno-ux-ui\/","og_site_name":"Software Factory","article_modified_time":"2023-12-22T16:55:53+00:00","og_image":[{"url":"http:\/\/www.blmovil.com\/software-factory\/wp-content\/uploads\/sites\/24\/2023\/12\/Diseno-UX-UI.png","type":"","width":"","height":""}],"twitter_card":"summary_large_image","twitter_misc":{"Tiempo de lectura":"2 minutos"},"schema":{"@context":"https:\/\/schema.org","@graph":[{"@type":"WebPage","@id":"https:\/\/www.blmovil.com\/software-factory\/diseno-ux-ui\/","url":"https:\/\/www.blmovil.com\/software-factory\/diseno-ux-ui\/","name":"DISE\u00d1O UX\/UI - Software Factory","isPartOf":{"@id":"https:\/\/www.blmovil.com\/software-factory\/#website"},"primaryImageOfPage":{"@id":"https:\/\/www.blmovil.com\/software-factory\/diseno-ux-ui\/#primaryimage"},"image":{"@id":"https:\/\/www.blmovil.com\/software-factory\/diseno-ux-ui\/#primaryimage"},"thumbnailUrl":"http:\/\/www.blmovil.com\/software-factory\/wp-content\/uploads\/sites\/24\/2023\/12\/Diseno-UX-UI.png","datePublished":"2023-12-15T19:53:48+00:00","dateModified":"2023-12-22T16:55:53+00:00","breadcrumb":{"@id":"https:\/\/www.blmovil.com\/software-factory\/diseno-ux-ui\/#breadcrumb"},"inLanguage":"es","potentialAction":[{"@type":"ReadAction","target":["https:\/\/www.blmovil.com\/software-factory\/diseno-ux-ui\/"]}]},{"@type":"ImageObject","inLanguage":"es","@id":"https:\/\/www.blmovil.com\/software-factory\/diseno-ux-ui\/#primaryimage","url":"https:\/\/www.blmovil.com\/software-factory\/wp-content\/uploads\/sites\/24\/2023\/12\/Diseno-UX-UI.png","contentUrl":"https:\/\/www.blmovil.com\/software-factory\/wp-content\/uploads\/sites\/24\/2023\/12\/Diseno-UX-UI.png","width":1024,"height":1024,"caption":"Dise\u00f1o UX\/UI"},{"@type":"BreadcrumbList","@id":"https:\/\/www.blmovil.com\/software-factory\/diseno-ux-ui\/#breadcrumb","itemListElement":[{"@type":"ListItem","position":1,"name":"Inicio","item":"https:\/\/www.blmovil.com\/software-factory\/"},{"@type":"ListItem","position":2,"name":"DISE\u00d1O UX\/UI"}]},{"@type":"WebSite","@id":"https:\/\/www.blmovil.com\/software-factory\/#website","url":"https:\/\/www.blmovil.com\/software-factory\/","name":"Software Factory","description":"","publisher":{"@id":"https:\/\/www.blmovil.com\/software-factory\/#organization"},"potentialAction":[{"@type":"SearchAction","target":{"@type":"EntryPoint","urlTemplate":"https:\/\/www.blmovil.com\/software-factory\/?s={search_term_string}"},"query-input":{"@type":"PropertyValueSpecification","valueRequired":true,"valueName":"search_term_string"}}],"inLanguage":"es"},{"@type":"Organization","@id":"https:\/\/www.blmovil.com\/software-factory\/#organization","name":"Software Factory","url":"https:\/\/www.blmovil.com\/software-factory\/","logo":{"@type":"ImageObject","inLanguage":"es","@id":"https:\/\/www.blmovil.com\/software-factory\/#\/schema\/logo\/image\/","url":"https:\/\/www.blmovil.com\/software-factory\/wp-content\/uploads\/sites\/24\/2023\/12\/cropped-cropped-logoBLM-6.png","contentUrl":"https:\/\/www.blmovil.com\/software-factory\/wp-content\/uploads\/sites\/24\/2023\/12\/cropped-cropped-logoBLM-6.png","width":120,"height":81,"caption":"Software Factory"},"image":{"@id":"https:\/\/www.blmovil.com\/software-factory\/#\/schema\/logo\/image\/"}}]}},"featured_image_src":null,"featured_image_src_square":null,"uagb_featured_image_src":{"full":false,"thumbnail":false,"medium":false,"medium_large":false,"large":false,"course_archive_thumbnail":false,"course_single_thumbnail":false,"lesson_archive_thumbnail":false,"lesson_single_thumbnail":false,"1536x1536":false,"2048x2048":false,"gb-block-post-grid-landscape":false,"gb-block-post-grid-square":false,"woocommerce_thumbnail":false,"woocommerce_single":false,"woocommerce_gallery_thumbnail":false,"awb_sm":false,"awb_md":false,"awb_lg":false,"awb_xl":false},"uagb_author_info":{"display_name":"Jorge Bernal","author_link":"https:\/\/www.blmovil.com\/software-factory\/author\/hovait\/"},"uagb_comment_info":0,"uagb_excerpt":"Dise\u00f1o UX\/UI Nos enfocamos dise\u00f1o de p\u00e1ginas web y aplicaciones m\u00f3viles o cliente\/servidor maximizando la usabilidad, conversi\u00f3n y experiencia del usuario Dise\u00f1o de aplicaciones web, m\u00f3viles y cliente\/servidor Dise\u00f1amos experiencias digitales excepcionales que cautivan a tus usuarios y mejoran la usabilidad de tus aplicaciones y sitios web User Experience (UX) Nuestro servicio de dise\u00f1o UX&hellip;","_links":{"self":[{"href":"https:\/\/www.blmovil.com\/software-factory\/wp-json\/wp\/v2\/pages\/10073","targetHints":{"allow":["GET"]}}],"collection":[{"href":"https:\/\/www.blmovil.com\/software-factory\/wp-json\/wp\/v2\/pages"}],"about":[{"href":"https:\/\/www.blmovil.com\/software-factory\/wp-json\/wp\/v2\/types\/page"}],"author":[{"embeddable":true,"href":"https:\/\/www.blmovil.com\/software-factory\/wp-json\/wp\/v2\/users\/1"}],"replies":[{"embeddable":true,"href":"https:\/\/www.blmovil.com\/software-factory\/wp-json\/wp\/v2\/comments?post=10073"}],"version-history":[{"count":5,"href":"https:\/\/www.blmovil.com\/software-factory\/wp-json\/wp\/v2\/pages\/10073\/revisions"}],"predecessor-version":[{"id":10159,"href":"https:\/\/www.blmovil.com\/software-factory\/wp-json\/wp\/v2\/pages\/10073\/revisions\/10159"}],"wp:attachment":[{"href":"https:\/\/www.blmovil.com\/software-factory\/wp-json\/wp\/v2\/media?parent=10073"}],"curies":[{"name":"wp","href":"https:\/\/api.w.org\/{rel}","templated":true}]}}