{"id":10067,"date":"2023-12-15T19:52:36","date_gmt":"2023-12-15T19:52:36","guid":{"rendered":"https:\/\/www.blmovil.com\/software-factory\/?page_id=10067"},"modified":"2023-12-19T17:23:53","modified_gmt":"2023-12-19T17:23:53","slug":"desarrollo-de-software","status":"publish","type":"page","link":"https:\/\/www.blmovil.com\/software-factory\/desarrollo-de-software\/","title":{"rendered":"DESARROLLO DE SOFTWARE"},"content":{"rendered":"\n<div class=\"wp-block-uagb-container uagb-block-5c41ab6a alignfull uagb-is-root-container\">\n<div class=\"wp-block-uagb-container uagb-block-3367e4f3\">\n<figure class=\"wp-block-image aligncenter size-full is-resized\"><img loading=\"lazy\" decoding=\"async\" width=\"1024\" height=\"1024\" src=\"https:\/\/www.blmovil.com\/software-factory\/wp-content\/uploads\/sites\/24\/2023\/12\/desarrollo.png\" alt=\"\" class=\"wp-image-10116\" style=\"width:212px;height:auto\" srcset=\"https:\/\/www.blmovil.com\/software-factory\/wp-content\/uploads\/sites\/24\/2023\/12\/desarrollo.png 1024w, https:\/\/www.blmovil.com\/software-factory\/wp-content\/uploads\/sites\/24\/2023\/12\/desarrollo-300x300.png 300w, https:\/\/www.blmovil.com\/software-factory\/wp-content\/uploads\/sites\/24\/2023\/12\/desarrollo-150x150.png 150w, https:\/\/www.blmovil.com\/software-factory\/wp-content\/uploads\/sites\/24\/2023\/12\/desarrollo-768x768.png 768w, https:\/\/www.blmovil.com\/software-factory\/wp-content\/uploads\/sites\/24\/2023\/12\/desarrollo-100x100.png 100w, https:\/\/www.blmovil.com\/software-factory\/wp-content\/uploads\/sites\/24\/2023\/12\/desarrollo-500x500.png 500w, https:\/\/www.blmovil.com\/software-factory\/wp-content\/uploads\/sites\/24\/2023\/12\/desarrollo-800x800.png 800w, https:\/\/www.blmovil.com\/software-factory\/wp-content\/uploads\/sites\/24\/2023\/12\/desarrollo-600x600.png 600w\" sizes=\"auto, (max-width: 1024px) 100vw, 1024px\" \/><\/figure>\n<\/div>\n\n\n\n<div data-aos= \"fade\" data-aos-duration=\"400\" data-aos-delay=\"0\" data-aos-easing=\"ease\" data-aos-once=\"true\" class=\"wp-block-uagb-container uagb-block-21e53c10\">\n<h2 class=\"wp-block-heading has-text-align-center has-ast-global-color-4-color has-text-color has-link-color wp-elements-966ce7fd2915581f213497f3936eee67\">Desarrollo de Software<\/h2>\n\n\n<style>.gb-69f1fc735a3a9{font-size: 20px;}@media only screen and (max-width: 1200px) {.gb-69f1fc735a3a9{font-size: 20px!important;}}<\/style>\n<p class=\"gb-69f1fc735a3a9 has-text-align-center has-ast-global-color-4-color has-text-color has-link-color has-medium-font-size wp-elements-ac6cecd3ad0a6e23ec6073805f82f7c4\">Desarrollamos su idea tanto para la web como para m\u00f3vil tanto para entornos B2B como B2C. <\/p>\n<\/div>\n<\/div>\n\n\n\n<div style=\"height:30px\" aria-hidden=\"true\" class=\"wp-block-spacer\"><\/div>\n\n\n\n<h2 class=\"wp-block-heading has-text-align-center\">Cada empresa tiene sus propias necesidades. Nosotros te desarrollamos tu aplicaci\u00f3n a medida de tu empresa<\/h2>\n\n\n\n<hr class=\"wp-block-separator has-text-color has-vivid-cyan-blue-color has-alpha-channel-opacity has-vivid-cyan-blue-background-color has-background\"\/>\n\n\n\n<p class=\"has-text-align-center has-medium-font-size\">Nuestro principal servicio es el desarrollo de aplicaciones a medida. Tras analizar los requisitos del proyecto, dise\u00f1amos y desarrollamos el software que mejor se adapte a las necesidades, arquitectura, tecnolog\u00eda, presupuesto y timing del cliente.<\/p>\n\n\n\n<h2 class=\"wp-block-heading has-text-align-center\">Ventajas de nuestra software factory<\/h2>\n\n\n\n<div class=\"wp-block-uagb-container uagb-block-02e04d8a alignfull uagb-is-root-container\"><div class=\"uagb-container-inner-blocks-wrap\">\n<div class=\"wp-block-uagb-container uagb-block-7d9ee1d8\">\n<h2 class=\"wp-block-heading has-text-align-center has-vivid-cyan-blue-color has-text-color has-link-color wp-elements-87197b71a29c856f6c6cc3c4b6d89b0b\">Especializaci\u00f3n<\/h2>\n\n\n\n<p class=\"has-text-align-justify\"> Los aspectos tecnol\u00f3gicos y de desarrollo nunca m\u00e1s ser\u00e1n un problema para afrontar un proyecto para su empresa<\/p>\n<\/div>\n\n\n\n<div class=\"wp-block-uagb-container uagb-block-b9b949b6\">\n<h2 class=\"wp-block-heading has-text-align-center has-vivid-cyan-blue-color has-text-color has-link-color wp-elements-a8ac1d35d7508d8c81a303cb5f0ea6bf\">Flexibilidad<\/h2>\n\n\n\n<p class=\"has-text-align-justify\">Nuestro enfoque de desarrollo a medida te permite tener un control completo sobre la funcionalidad y la apariencia de tu software.<\/p>\n<\/div>\n\n\n\n<div class=\"wp-block-uagb-container uagb-block-2a0b7384\">\n<h2 class=\"wp-block-heading has-text-align-center has-vivid-cyan-blue-color has-text-color has-link-color wp-elements-7579a74ad4a85d0d7d9aace5d838c59d\">Eficiencia<\/h2>\n\n\n\n<p>Maximiza la eficiencia operativa al eliminar procesos innecesarios y automatizar tareas repetitivas.<\/p>\n<\/div>\n\n\n\n<div class=\"wp-block-uagb-container uagb-block-03bd60b8\">\n<h2 class=\"wp-block-heading has-text-align-center has-vivid-cyan-blue-color has-text-color has-link-color wp-elements-1b9418d6aa4e789b03e73e7c3d4be1c6\">Competitividad<\/h2>\n\n\n\n<p>Obt\u00e9n una ventaja competitiva al tener acceso a tecnolog\u00eda dise\u00f1ada exclusivamente para tu empresa.<\/p>\n<\/div>\n\n\n\n<div class=\"wp-block-uagb-container uagb-block-886c1aa9\">\n<h2 class=\"wp-block-heading has-text-align-center has-vivid-cyan-blue-color has-text-color has-link-color wp-elements-5511f889bf4a0de59ddabcb49c6bc28f\">Innovaci\u00f3n<\/h2>\n\n\n\n<p>Usamos \u00faltimas tecnolog\u00edas para que nuestros clientes s\u00f3lo deban preocuparse de sus objetivos y BLMovil desarrollar\u00e1 las mejores soluciones.<\/p>\n<\/div>\n\n\n\n<div class=\"wp-block-uagb-container uagb-block-878481e0\">\n<h2 class=\"wp-block-heading has-text-align-center has-vivid-cyan-blue-color has-text-color has-link-color wp-elements-a6f2d5b2390ba2af5dbab4c8dfc60350\">Capacidad<\/h2>\n\n\n\n<p>BLMovil tiene la capacidad suficiente para dar soporte al desarrollo de sus aplicaciones. Con un equipo que garantiza un software de calidad.<\/p>\n<\/div>\n<\/div><\/div>\n","protected":false},"excerpt":{"rendered":"<p>Desarrollo de Software Desarrollamos su idea tanto para la web como para m\u00f3vil tanto para entornos B2B como B2C. Cada empresa tiene sus propias necesidades. Nosotros te desarrollamos tu aplicaci\u00f3n a medida de tu empresa Nuestro principal servicio es el desarrollo de aplicaciones a medida. Tras analizar los requisitos del proyecto, dise\u00f1amos y desarrollamos el [&hellip;]<\/p>\n","protected":false},"author":1,"featured_media":0,"parent":0,"menu_order":0,"comment_status":"closed","ping_status":"closed","template":"","meta":{"_acf_changed":false,"_uag_custom_page_level_css":"","_trash_the_other_posts":false,"_editorskit_title_hidden":true,"_editorskit_reading_time":0,"_editorskit_is_block_options_detached":false,"_editorskit_block_options_position":"{}","site-sidebar-layout":"default","site-content-layout":"","ast-site-content-layout":"default","site-content-style":"default","site-sidebar-style":"default","ast-global-header-display":"","ast-banner-title-visibility":"","ast-main-header-display":"","ast-hfb-above-header-display":"","ast-hfb-below-header-display":"","ast-hfb-mobile-header-display":"","site-post-title":"","ast-breadcrumbs-content":"","ast-featured-img":"","footer-sml-layout":"","ast-disable-related-posts":"","theme-transparent-header-meta":"","adv-header-id-meta":"","stick-header-meta":"","header-above-stick-meta":"","header-main-stick-meta":"","header-below-stick-meta":"","astra-migrate-meta-layouts":"default","ast-page-background-enabled":"default","ast-page-background-meta":{"desktop":{"background-color":"var(--ast-global-color-4)","background-image":"","background-repeat":"repeat","background-position":"center center","background-size":"auto","background-attachment":"scroll","background-type":"","background-media":"","overlay-type":"","overlay-color":"","overlay-opacity":"","overlay-gradient":""},"tablet":{"background-color":"","background-image":"","background-repeat":"repeat","background-position":"center center","background-size":"auto","background-attachment":"scroll","background-type":"","background-media":"","overlay-type":"","overlay-color":"","overlay-opacity":"","overlay-gradient":""},"mobile":{"background-color":"","background-image":"","background-repeat":"repeat","background-position":"center center","background-size":"auto","background-attachment":"scroll","background-type":"","background-media":"","overlay-type":"","overlay-color":"","overlay-opacity":"","overlay-gradient":""}},"ast-content-background-meta":{"desktop":{"background-color":"var(--ast-global-color-5)","background-image":"","background-repeat":"repeat","background-position":"center center","background-size":"auto","background-attachment":"scroll","background-type":"","background-media":"","overlay-type":"","overlay-color":"","overlay-opacity":"","overlay-gradient":""},"tablet":{"background-color":"var(--ast-global-color-5)","background-image":"","background-repeat":"repeat","background-position":"center center","background-size":"auto","background-attachment":"scroll","background-type":"","background-media":"","overlay-type":"","overlay-color":"","overlay-opacity":"","overlay-gradient":""},"mobile":{"background-color":"var(--ast-global-color-5)","background-image":"","background-repeat":"repeat","background-position":"center center","background-size":"auto","background-attachment":"scroll","background-type":"","background-media":"","overlay-type":"","overlay-color":"","overlay-opacity":"","overlay-gradient":""}},"episode_type":"","audio_file":"","podmotor_file_id":"","podmotor_episode_id":"","cover_image":"","cover_image_id":"","duration":"","filesize":"","filesize_raw":"","date_recorded":"","explicit":"","block":"","itunes_episode_number":"","itunes_title":"","itunes_season_number":"","itunes_episode_type":"","footnotes":""},"class_list":["post-10067","page","type-page","status-publish","hentry"],"acf":[],"yoast_head":"<!-- This site is optimized with the Yoast SEO plugin v27.3 - https:\/\/yoast.com\/product\/yoast-seo-wordpress\/ -->\n<title>DESARROLLO DE SOFTWARE - Software Factory<\/title>\n<meta name=\"description\" content=\"Desarrollamos su idea tanto para la web como para m\u00f3vil tanto para entornos B2B como B2C.\" \/>\n<meta name=\"robots\" content=\"index, follow, max-snippet:-1, max-image-preview:large, max-video-preview:-1\" \/>\n<link rel=\"canonical\" href=\"https:\/\/www.blmovil.com\/software-factory\/desarrollo-de-software\/\" \/>\n<meta property=\"og:locale\" content=\"es_MX\" \/>\n<meta property=\"og:type\" content=\"article\" \/>\n<meta property=\"og:title\" content=\"DESARROLLO DE SOFTWARE - Software Factory\" \/>\n<meta property=\"og:description\" content=\"Desarrollamos su idea tanto para la web como para m\u00f3vil tanto para entornos B2B como B2C.\" \/>\n<meta property=\"og:url\" content=\"https:\/\/www.blmovil.com\/software-factory\/desarrollo-de-software\/\" \/>\n<meta property=\"og:site_name\" content=\"Software Factory\" \/>\n<meta property=\"article:modified_time\" content=\"2023-12-19T17:23:53+00:00\" \/>\n<meta property=\"og:image\" content=\"https:\/\/www.blmovil.com\/software-factory\/wp-content\/uploads\/sites\/24\/2023\/12\/desarrollo.png\" \/>\n<meta name=\"twitter:card\" content=\"summary_large_image\" \/>\n<meta name=\"twitter:label1\" content=\"Tiempo de lectura\" \/>\n\t<meta name=\"twitter:data1\" content=\"2 minutos\" \/>\n<script type=\"application\/ld+json\" class=\"yoast-schema-graph\">{\"@context\":\"https:\\\/\\\/schema.org\",\"@graph\":[{\"@type\":\"WebPage\",\"@id\":\"https:\\\/\\\/www.blmovil.com\\\/software-factory\\\/desarrollo-de-software\\\/\",\"url\":\"https:\\\/\\\/www.blmovil.com\\\/software-factory\\\/desarrollo-de-software\\\/\",\"name\":\"DESARROLLO DE SOFTWARE - Software Factory\",\"isPartOf\":{\"@id\":\"https:\\\/\\\/www.blmovil.com\\\/software-factory\\\/#website\"},\"primaryImageOfPage\":{\"@id\":\"https:\\\/\\\/www.blmovil.com\\\/software-factory\\\/desarrollo-de-software\\\/#primaryimage\"},\"image\":{\"@id\":\"https:\\\/\\\/www.blmovil.com\\\/software-factory\\\/desarrollo-de-software\\\/#primaryimage\"},\"thumbnailUrl\":\"https:\\\/\\\/www.blmovil.com\\\/software-factory\\\/wp-content\\\/uploads\\\/sites\\\/24\\\/2023\\\/12\\\/desarrollo.png\",\"datePublished\":\"2023-12-15T19:52:36+00:00\",\"dateModified\":\"2023-12-19T17:23:53+00:00\",\"description\":\"Desarrollamos su idea tanto para la web como para m\u00f3vil tanto para entornos B2B como B2C.\",\"breadcrumb\":{\"@id\":\"https:\\\/\\\/www.blmovil.com\\\/software-factory\\\/desarrollo-de-software\\\/#breadcrumb\"},\"inLanguage\":\"es\",\"potentialAction\":[{\"@type\":\"ReadAction\",\"target\":[\"https:\\\/\\\/www.blmovil.com\\\/software-factory\\\/desarrollo-de-software\\\/\"]}]},{\"@type\":\"ImageObject\",\"inLanguage\":\"es\",\"@id\":\"https:\\\/\\\/www.blmovil.com\\\/software-factory\\\/desarrollo-de-software\\\/#primaryimage\",\"url\":\"https:\\\/\\\/www.blmovil.com\\\/software-factory\\\/wp-content\\\/uploads\\\/sites\\\/24\\\/2023\\\/12\\\/desarrollo.png\",\"contentUrl\":\"https:\\\/\\\/www.blmovil.com\\\/software-factory\\\/wp-content\\\/uploads\\\/sites\\\/24\\\/2023\\\/12\\\/desarrollo.png\",\"width\":1024,\"height\":1024},{\"@type\":\"BreadcrumbList\",\"@id\":\"https:\\\/\\\/www.blmovil.com\\\/software-factory\\\/desarrollo-de-software\\\/#breadcrumb\",\"itemListElement\":[{\"@type\":\"ListItem\",\"position\":1,\"name\":\"Inicio\",\"item\":\"https:\\\/\\\/www.blmovil.com\\\/software-factory\\\/\"},{\"@type\":\"ListItem\",\"position\":2,\"name\":\"DESARROLLO DE SOFTWARE\"}]},{\"@type\":\"WebSite\",\"@id\":\"https:\\\/\\\/www.blmovil.com\\\/software-factory\\\/#website\",\"url\":\"https:\\\/\\\/www.blmovil.com\\\/software-factory\\\/\",\"name\":\"Software Factory\",\"description\":\"\",\"publisher\":{\"@id\":\"https:\\\/\\\/www.blmovil.com\\\/software-factory\\\/#organization\"},\"potentialAction\":[{\"@type\":\"SearchAction\",\"target\":{\"@type\":\"EntryPoint\",\"urlTemplate\":\"https:\\\/\\\/www.blmovil.com\\\/software-factory\\\/?s={search_term_string}\"},\"query-input\":{\"@type\":\"PropertyValueSpecification\",\"valueRequired\":true,\"valueName\":\"search_term_string\"}}],\"inLanguage\":\"es\"},{\"@type\":\"Organization\",\"@id\":\"https:\\\/\\\/www.blmovil.com\\\/software-factory\\\/#organization\",\"name\":\"Software Factory\",\"url\":\"https:\\\/\\\/www.blmovil.com\\\/software-factory\\\/\",\"logo\":{\"@type\":\"ImageObject\",\"inLanguage\":\"es\",\"@id\":\"https:\\\/\\\/www.blmovil.com\\\/software-factory\\\/#\\\/schema\\\/logo\\\/image\\\/\",\"url\":\"https:\\\/\\\/www.blmovil.com\\\/software-factory\\\/wp-content\\\/uploads\\\/sites\\\/24\\\/2023\\\/12\\\/cropped-cropped-logoBLM-6.png\",\"contentUrl\":\"https:\\\/\\\/www.blmovil.com\\\/software-factory\\\/wp-content\\\/uploads\\\/sites\\\/24\\\/2023\\\/12\\\/cropped-cropped-logoBLM-6.png\",\"width\":120,\"height\":81,\"caption\":\"Software Factory\"},\"image\":{\"@id\":\"https:\\\/\\\/www.blmovil.com\\\/software-factory\\\/#\\\/schema\\\/logo\\\/image\\\/\"}}]}<\/script>\n<!-- \/ Yoast SEO plugin. -->","yoast_head_json":{"title":"DESARROLLO DE SOFTWARE - Software Factory","description":"Desarrollamos su idea tanto para la web como para m\u00f3vil tanto para entornos B2B como B2C.","robots":{"index":"index","follow":"follow","max-snippet":"max-snippet:-1","max-image-preview":"max-image-preview:large","max-video-preview":"max-video-preview:-1"},"canonical":"https:\/\/www.blmovil.com\/software-factory\/desarrollo-de-software\/","og_locale":"es_MX","og_type":"article","og_title":"DESARROLLO DE SOFTWARE - Software Factory","og_description":"Desarrollamos su idea tanto para la web como para m\u00f3vil tanto para entornos B2B como B2C.","og_url":"https:\/\/www.blmovil.com\/software-factory\/desarrollo-de-software\/","og_site_name":"Software Factory","article_modified_time":"2023-12-19T17:23:53+00:00","og_image":[{"url":"https:\/\/www.blmovil.com\/software-factory\/wp-content\/uploads\/sites\/24\/2023\/12\/desarrollo.png","type":"","width":"","height":""}],"twitter_card":"summary_large_image","twitter_misc":{"Tiempo de lectura":"2 minutos"},"schema":{"@context":"https:\/\/schema.org","@graph":[{"@type":"WebPage","@id":"https:\/\/www.blmovil.com\/software-factory\/desarrollo-de-software\/","url":"https:\/\/www.blmovil.com\/software-factory\/desarrollo-de-software\/","name":"DESARROLLO DE SOFTWARE - Software Factory","isPartOf":{"@id":"https:\/\/www.blmovil.com\/software-factory\/#website"},"primaryImageOfPage":{"@id":"https:\/\/www.blmovil.com\/software-factory\/desarrollo-de-software\/#primaryimage"},"image":{"@id":"https:\/\/www.blmovil.com\/software-factory\/desarrollo-de-software\/#primaryimage"},"thumbnailUrl":"https:\/\/www.blmovil.com\/software-factory\/wp-content\/uploads\/sites\/24\/2023\/12\/desarrollo.png","datePublished":"2023-12-15T19:52:36+00:00","dateModified":"2023-12-19T17:23:53+00:00","description":"Desarrollamos su idea tanto para la web como para m\u00f3vil tanto para entornos B2B como B2C.","breadcrumb":{"@id":"https:\/\/www.blmovil.com\/software-factory\/desarrollo-de-software\/#breadcrumb"},"inLanguage":"es","potentialAction":[{"@type":"ReadAction","target":["https:\/\/www.blmovil.com\/software-factory\/desarrollo-de-software\/"]}]},{"@type":"ImageObject","inLanguage":"es","@id":"https:\/\/www.blmovil.com\/software-factory\/desarrollo-de-software\/#primaryimage","url":"https:\/\/www.blmovil.com\/software-factory\/wp-content\/uploads\/sites\/24\/2023\/12\/desarrollo.png","contentUrl":"https:\/\/www.blmovil.com\/software-factory\/wp-content\/uploads\/sites\/24\/2023\/12\/desarrollo.png","width":1024,"height":1024},{"@type":"BreadcrumbList","@id":"https:\/\/www.blmovil.com\/software-factory\/desarrollo-de-software\/#breadcrumb","itemListElement":[{"@type":"ListItem","position":1,"name":"Inicio","item":"https:\/\/www.blmovil.com\/software-factory\/"},{"@type":"ListItem","position":2,"name":"DESARROLLO DE SOFTWARE"}]},{"@type":"WebSite","@id":"https:\/\/www.blmovil.com\/software-factory\/#website","url":"https:\/\/www.blmovil.com\/software-factory\/","name":"Software Factory","description":"","publisher":{"@id":"https:\/\/www.blmovil.com\/software-factory\/#organization"},"potentialAction":[{"@type":"SearchAction","target":{"@type":"EntryPoint","urlTemplate":"https:\/\/www.blmovil.com\/software-factory\/?s={search_term_string}"},"query-input":{"@type":"PropertyValueSpecification","valueRequired":true,"valueName":"search_term_string"}}],"inLanguage":"es"},{"@type":"Organization","@id":"https:\/\/www.blmovil.com\/software-factory\/#organization","name":"Software Factory","url":"https:\/\/www.blmovil.com\/software-factory\/","logo":{"@type":"ImageObject","inLanguage":"es","@id":"https:\/\/www.blmovil.com\/software-factory\/#\/schema\/logo\/image\/","url":"https:\/\/www.blmovil.com\/software-factory\/wp-content\/uploads\/sites\/24\/2023\/12\/cropped-cropped-logoBLM-6.png","contentUrl":"https:\/\/www.blmovil.com\/software-factory\/wp-content\/uploads\/sites\/24\/2023\/12\/cropped-cropped-logoBLM-6.png","width":120,"height":81,"caption":"Software Factory"},"image":{"@id":"https:\/\/www.blmovil.com\/software-factory\/#\/schema\/logo\/image\/"}}]}},"featured_image_src":null,"featured_image_src_square":null,"uagb_featured_image_src":{"full":false,"thumbnail":false,"medium":false,"medium_large":false,"large":false,"course_archive_thumbnail":false,"course_single_thumbnail":false,"lesson_archive_thumbnail":false,"lesson_single_thumbnail":false,"1536x1536":false,"2048x2048":false,"gb-block-post-grid-landscape":false,"gb-block-post-grid-square":false,"woocommerce_thumbnail":false,"woocommerce_single":false,"woocommerce_gallery_thumbnail":false,"awb_sm":false,"awb_md":false,"awb_lg":false,"awb_xl":false},"uagb_author_info":{"display_name":"Jorge Bernal","author_link":"https:\/\/www.blmovil.com\/software-factory\/author\/hovait\/"},"uagb_comment_info":0,"uagb_excerpt":"Desarrollo de Software Desarrollamos su idea tanto para la web como para m\u00f3vil tanto para entornos B2B como B2C. Cada empresa tiene sus propias necesidades. Nosotros te desarrollamos tu aplicaci\u00f3n a medida de tu empresa Nuestro principal servicio es el desarrollo de aplicaciones a medida. Tras analizar los requisitos del proyecto, dise\u00f1amos y desarrollamos el&hellip;","_links":{"self":[{"href":"https:\/\/www.blmovil.com\/software-factory\/wp-json\/wp\/v2\/pages\/10067","targetHints":{"allow":["GET"]}}],"collection":[{"href":"https:\/\/www.blmovil.com\/software-factory\/wp-json\/wp\/v2\/pages"}],"about":[{"href":"https:\/\/www.blmovil.com\/software-factory\/wp-json\/wp\/v2\/types\/page"}],"author":[{"embeddable":true,"href":"https:\/\/www.blmovil.com\/software-factory\/wp-json\/wp\/v2\/users\/1"}],"replies":[{"embeddable":true,"href":"https:\/\/www.blmovil.com\/software-factory\/wp-json\/wp\/v2\/comments?post=10067"}],"version-history":[{"count":4,"href":"https:\/\/www.blmovil.com\/software-factory\/wp-json\/wp\/v2\/pages\/10067\/revisions"}],"predecessor-version":[{"id":10136,"href":"https:\/\/www.blmovil.com\/software-factory\/wp-json\/wp\/v2\/pages\/10067\/revisions\/10136"}],"wp:attachment":[{"href":"https:\/\/www.blmovil.com\/software-factory\/wp-json\/wp\/v2\/media?parent=10067"}],"curies":[{"name":"wp","href":"https:\/\/api.w.org\/{rel}","templated":true}]}}