{"id":9171,"date":"2020-09-29T12:54:29","date_gmt":"2020-09-29T17:54:29","guid":{"rendered":"https:\/\/www.blmovil.com\/?page_id=9171"},"modified":"2022-06-06T10:37:49","modified_gmt":"2022-06-06T15:37:49","slug":"presentacion-blmcitas","status":"publish","type":"page","link":"https:\/\/www.blmovil.com\/en\/presentacion-blmcitas\/","title":{"rendered":"PRESENTACI\u00d3N BLMCITAS"},"content":{"rendered":"<p><img decoding=\"async\" width=\"920\" height=\"350\" src=\"https:\/\/www.blmovil.com\/wp-content\/uploads\/sites\/3\/2020\/10\/presentacion-citas.jpg\" alt=\"\" loading=\"lazy\"><\/p>\n<h2>BLMCitas es una soluci\u00f3n para la Gesti\u00f3n de Reservas y de Citas que se puede aplicar a cualquier sector que proporcione servicios por personas y que necesite que sus clientes puedan solicitar citas de una forma sencilla y segura.<\/h2>\n<p>La soluci\u00f3n est\u00e1 compuesta por dos componentes.<\/p>\n<p>El primero es la soluci\u00f3n de administraci\u00f3n que va a permitir:<\/p>\n<ul>\n<li>Generar los diferentes&nbsp;<strong>servicios<\/strong>&nbsp;con sus costes y duraciones<\/li>\n<li>Generar los diferentes&nbsp;<strong>empleados<\/strong>&nbsp;con los servicios que proporcionan, as\u00ed como los horarios y vacaciones<\/li>\n<li>Configurar los<strong>&nbsp;mensajes autom\u00e1ticos de reservas<\/strong><\/li>\n<li>Configurar los&nbsp;<strong>mensajes autom\u00e1ticos de recordatorio<\/strong><\/li>\n<li><strong>Gesti\u00f3n de las reservas,<\/strong>&nbsp;posibilidad de modificaci\u00f3n y cancelaci\u00f3n de las mismas<\/li>\n<\/ul>\n<p>El segundo es un plugin a insertar en la p\u00e1gina web de la empresa que permita a los clientes hacer reservas desde la propia p\u00e1gina web de la empresa.<\/p>\n<div class=\"ast-oembed-container \" style=\"height: 100%;\"><iframe loading=\"lazy\" title=\"Sistema BLMCitas\" width=\"500\" height=\"281\" src=\"https:\/\/www.youtube.com\/embed\/SqGQPFZS_Hc?feature=oembed&#038;enablejsapi=1&#038;origin=https:\/\/www.blmovil.com\/en\" frameborder=\"0\" allow=\"accelerometer; autoplay; clipboard-write; encrypted-media; gyroscope; picture-in-picture; web-share\" referrerpolicy=\"strict-origin-when-cross-origin\" allowfullscreen><\/iframe><\/div>\n","protected":false},"excerpt":{"rendered":"excerpt","protected":false},"author":1,"featured_media":0,"parent":0,"menu_order":0,"comment_status":"closed","ping_status":"closed","template":"","meta":{"_acf_changed":false,"_uag_custom_page_level_css":"","_trash_the_other_posts":false,"_editorskit_title_hidden":false,"_editorskit_reading_time":1,"_editorskit_is_block_options_detached":false,"_editorskit_block_options_position":"{}","site-sidebar-layout":"default","site-content-layout":"","ast-site-content-layout":"default","site-content-style":"default","site-sidebar-style":"default","ast-global-header-display":"","ast-banner-title-visibility":"","ast-main-header-display":"","ast-hfb-above-header-display":"","ast-hfb-below-header-display":"","ast-hfb-mobile-header-display":"","site-post-title":"","ast-breadcrumbs-content":"","ast-featured-img":"","footer-sml-layout":"","ast-disable-related-posts":"","theme-transparent-header-meta":"","adv-header-id-meta":"","stick-header-meta":"","header-above-stick-meta":"","header-main-stick-meta":"","header-below-stick-meta":"","astra-migrate-meta-layouts":"default","ast-page-background-enabled":"default","ast-page-background-meta":{"desktop":{"background-color":"var(--ast-global-color-4)","background-image":"","background-repeat":"repeat","background-position":"center center","background-size":"auto","background-attachment":"scroll","background-type":"","background-media":"","overlay-type":"","overlay-color":"","overlay-opacity":"","overlay-gradient":""},"tablet":{"background-color":"","background-image":"","background-repeat":"repeat","background-position":"center center","background-size":"auto","background-attachment":"scroll","background-type":"","background-media":"","overlay-type":"","overlay-color":"","overlay-opacity":"","overlay-gradient":""},"mobile":{"background-color":"","background-image":"","background-repeat":"repeat","background-position":"center center","background-size":"auto","background-attachment":"scroll","background-type":"","background-media":"","overlay-type":"","overlay-color":"","overlay-opacity":"","overlay-gradient":""}},"ast-content-background-meta":{"desktop":{"background-color":"var(--ast-global-color-5)","background-image":"","background-repeat":"repeat","background-position":"center center","background-size":"auto","background-attachment":"scroll","background-type":"","background-media":"","overlay-type":"","overlay-color":"","overlay-opacity":"","overlay-gradient":""},"tablet":{"background-color":"var(--ast-global-color-5)","background-image":"","background-repeat":"repeat","background-position":"center center","background-size":"auto","background-attachment":"scroll","background-type":"","background-media":"","overlay-type":"","overlay-color":"","overlay-opacity":"","overlay-gradient":""},"mobile":{"background-color":"var(--ast-global-color-5)","background-image":"","background-repeat":"repeat","background-position":"center center","background-size":"auto","background-attachment":"scroll","background-type":"","background-media":"","overlay-type":"","overlay-color":"","overlay-opacity":"","overlay-gradient":""}},"episode_type":"","audio_file":"","podmotor_file_id":"","podmotor_episode_id":"","cover_image":"","cover_image_id":"","duration":"","filesize":"","filesize_raw":"","date_recorded":"","explicit":"","block":"","itunes_episode_number":"","itunes_title":"","itunes_season_number":"","itunes_episode_type":"","footnotes":""},"class_list":["post-9171","page","type-page","status-publish","hentry"],"acf":[],"yoast_head":"<!-- This site is optimized with the Yoast SEO plugin v27.3 - https:\/\/yoast.com\/product\/yoast-seo-wordpress\/ -->\n<title>PRESENTACI\u00d3N BLMCITAS - BLMovil<\/title>\n<meta name=\"description\" content=\"BLMCitas es una soluci\u00f3n para la Gesti\u00f3n de Reservas y de Citas que se puede aplicar a cualquier sector que proporcione servicios por personas y que necesite que sus clientes puedan solicitar citas de una forma sencilla y segura.\" \/>\n<meta name=\"robots\" content=\"index, follow, max-snippet:-1, max-image-preview:large, max-video-preview:-1\" \/>\n<link rel=\"canonical\" href=\"https:\/\/www.blmovil.com\/en\/presentacion-blmcitas\/\" \/>\n<meta property=\"og:locale\" content=\"en_US\" \/>\n<meta property=\"og:type\" content=\"article\" \/>\n<meta property=\"og:title\" content=\"PRESENTACI\u00d3N BLMCITAS - BLMovil\" \/>\n<meta property=\"og:description\" content=\"BLMCitas es una soluci\u00f3n para la Gesti\u00f3n de Reservas y de Citas que se puede aplicar a cualquier sector que proporcione servicios por personas y que necesite que sus clientes puedan solicitar citas de una forma sencilla y segura.\" \/>\n<meta property=\"og:url\" content=\"https:\/\/www.blmovil.com\/en\/presentacion-blmcitas\/\" \/>\n<meta property=\"og:site_name\" content=\"BLMovil\" \/>\n<meta property=\"article:publisher\" content=\"https:\/\/www.facebook.com\/BLMovil\" \/>\n<meta property=\"article:modified_time\" content=\"2022-06-06T15:37:49+00:00\" \/>\n<meta property=\"og:image\" content=\"https:\/\/www.blmovil.com\/wp-content\/uploads\/sites\/3\/2020\/10\/presentacion-citas.jpg\" \/>\n<meta name=\"twitter:card\" content=\"summary_large_image\" \/>\n<meta name=\"twitter:label1\" content=\"Est. reading time\" \/>\n\t<meta name=\"twitter:data1\" content=\"1 minute\" \/>\n<script type=\"application\/ld+json\" class=\"yoast-schema-graph\">{\"@context\":\"https:\\\/\\\/schema.org\",\"@graph\":[{\"@type\":\"WebPage\",\"@id\":\"https:\\\/\\\/www.blmovil.com\\\/en\\\/presentacion-blmcitas\\\/\",\"url\":\"https:\\\/\\\/www.blmovil.com\\\/en\\\/presentacion-blmcitas\\\/\",\"name\":\"PRESENTACI\u00d3N BLMCITAS - BLMovil\",\"isPartOf\":{\"@id\":\"https:\\\/\\\/www.blmovil.com\\\/en\\\/#website\"},\"primaryImageOfPage\":{\"@id\":\"https:\\\/\\\/www.blmovil.com\\\/en\\\/presentacion-blmcitas\\\/#primaryimage\"},\"image\":{\"@id\":\"https:\\\/\\\/www.blmovil.com\\\/en\\\/presentacion-blmcitas\\\/#primaryimage\"},\"thumbnailUrl\":\"https:\\\/\\\/www.blmovil.com\\\/wp-content\\\/uploads\\\/sites\\\/3\\\/2020\\\/10\\\/presentacion-citas.jpg\",\"datePublished\":\"2020-09-29T17:54:29+00:00\",\"dateModified\":\"2022-06-06T15:37:49+00:00\",\"description\":\"BLMCitas es una soluci\u00f3n para la Gesti\u00f3n de Reservas y de Citas que se puede aplicar a cualquier sector que proporcione servicios por personas y que necesite que sus clientes puedan solicitar citas de una forma sencilla y segura.\",\"breadcrumb\":{\"@id\":\"https:\\\/\\\/www.blmovil.com\\\/en\\\/presentacion-blmcitas\\\/#breadcrumb\"},\"inLanguage\":\"en-US\",\"potentialAction\":[{\"@type\":\"ReadAction\",\"target\":[\"https:\\\/\\\/www.blmovil.com\\\/en\\\/presentacion-blmcitas\\\/\"]}]},{\"@type\":\"ImageObject\",\"inLanguage\":\"en-US\",\"@id\":\"https:\\\/\\\/www.blmovil.com\\\/en\\\/presentacion-blmcitas\\\/#primaryimage\",\"url\":\"https:\\\/\\\/www.blmovil.com\\\/wp-content\\\/uploads\\\/sites\\\/3\\\/2020\\\/10\\\/presentacion-citas.jpg\",\"contentUrl\":\"https:\\\/\\\/www.blmovil.com\\\/wp-content\\\/uploads\\\/sites\\\/3\\\/2020\\\/10\\\/presentacion-citas.jpg\"},{\"@type\":\"BreadcrumbList\",\"@id\":\"https:\\\/\\\/www.blmovil.com\\\/en\\\/presentacion-blmcitas\\\/#breadcrumb\",\"itemListElement\":[{\"@type\":\"ListItem\",\"position\":1,\"name\":\"Inicio\",\"item\":\"https:\\\/\\\/www.blmovil.com\\\/en\\\/\"},{\"@type\":\"ListItem\",\"position\":2,\"name\":\"PRESENTACI\u00d3N BLMCITAS\"}]},{\"@type\":\"WebSite\",\"@id\":\"https:\\\/\\\/www.blmovil.com\\\/en\\\/#website\",\"url\":\"https:\\\/\\\/www.blmovil.com\\\/en\\\/\",\"name\":\"BLMovil\",\"description\":\"Si tienes una idea nosotros te la desarrollamos\",\"publisher\":{\"@id\":\"https:\\\/\\\/www.blmovil.com\\\/en\\\/#organization\"},\"potentialAction\":[{\"@type\":\"SearchAction\",\"target\":{\"@type\":\"EntryPoint\",\"urlTemplate\":\"https:\\\/\\\/www.blmovil.com\\\/en\\\/?s={search_term_string}\"},\"query-input\":{\"@type\":\"PropertyValueSpecification\",\"valueRequired\":true,\"valueName\":\"search_term_string\"}}],\"inLanguage\":\"en-US\"},{\"@type\":\"Organization\",\"@id\":\"https:\\\/\\\/www.blmovil.com\\\/en\\\/#organization\",\"name\":\"BLMovil\",\"url\":\"https:\\\/\\\/www.blmovil.com\\\/en\\\/\",\"logo\":{\"@type\":\"ImageObject\",\"inLanguage\":\"en-US\",\"@id\":\"https:\\\/\\\/www.blmovil.com\\\/en\\\/#\\\/schema\\\/logo\\\/image\\\/\",\"url\":\"https:\\\/\\\/www.blmovil.com\\\/wp-content\\\/uploads\\\/sites\\\/3\\\/2019\\\/10\\\/favicon.png\",\"contentUrl\":\"https:\\\/\\\/www.blmovil.com\\\/wp-content\\\/uploads\\\/sites\\\/3\\\/2019\\\/10\\\/favicon.png\",\"width\":128,\"height\":128,\"caption\":\"BLMovil\"},\"image\":{\"@id\":\"https:\\\/\\\/www.blmovil.com\\\/en\\\/#\\\/schema\\\/logo\\\/image\\\/\"},\"sameAs\":[\"https:\\\/\\\/www.facebook.com\\\/BLMovil\"]}]}<\/script>\n<!-- \/ Yoast SEO plugin. -->","yoast_head_json":{"title":"PRESENTACI\u00d3N BLMCITAS - BLMovil","description":"BLMCitas es una soluci\u00f3n para la Gesti\u00f3n de Reservas y de Citas que se puede aplicar a cualquier sector que proporcione servicios por personas y que necesite que sus clientes puedan solicitar citas de una forma sencilla y segura.","robots":{"index":"index","follow":"follow","max-snippet":"max-snippet:-1","max-image-preview":"max-image-preview:large","max-video-preview":"max-video-preview:-1"},"canonical":"https:\/\/www.blmovil.com\/en\/presentacion-blmcitas\/","og_locale":"en_US","og_type":"article","og_title":"PRESENTACI\u00d3N BLMCITAS - BLMovil","og_description":"BLMCitas es una soluci\u00f3n para la Gesti\u00f3n de Reservas y de Citas que se puede aplicar a cualquier sector que proporcione servicios por personas y que necesite que sus clientes puedan solicitar citas de una forma sencilla y segura.","og_url":"https:\/\/www.blmovil.com\/en\/presentacion-blmcitas\/","og_site_name":"BLMovil","article_publisher":"https:\/\/www.facebook.com\/BLMovil","article_modified_time":"2022-06-06T15:37:49+00:00","og_image":[{"url":"https:\/\/www.blmovil.com\/wp-content\/uploads\/sites\/3\/2020\/10\/presentacion-citas.jpg","type":"","width":"","height":""}],"twitter_card":"summary_large_image","twitter_misc":{"Est. reading time":"1 minute"},"schema":{"@context":"https:\/\/schema.org","@graph":[{"@type":"WebPage","@id":"https:\/\/www.blmovil.com\/en\/presentacion-blmcitas\/","url":"https:\/\/www.blmovil.com\/en\/presentacion-blmcitas\/","name":"PRESENTACI\u00d3N BLMCITAS - BLMovil","isPartOf":{"@id":"https:\/\/www.blmovil.com\/en\/#website"},"primaryImageOfPage":{"@id":"https:\/\/www.blmovil.com\/en\/presentacion-blmcitas\/#primaryimage"},"image":{"@id":"https:\/\/www.blmovil.com\/en\/presentacion-blmcitas\/#primaryimage"},"thumbnailUrl":"https:\/\/www.blmovil.com\/wp-content\/uploads\/sites\/3\/2020\/10\/presentacion-citas.jpg","datePublished":"2020-09-29T17:54:29+00:00","dateModified":"2022-06-06T15:37:49+00:00","description":"BLMCitas es una soluci\u00f3n para la Gesti\u00f3n de Reservas y de Citas que se puede aplicar a cualquier sector que proporcione servicios por personas y que necesite que sus clientes puedan solicitar citas de una forma sencilla y segura.","breadcrumb":{"@id":"https:\/\/www.blmovil.com\/en\/presentacion-blmcitas\/#breadcrumb"},"inLanguage":"en-US","potentialAction":[{"@type":"ReadAction","target":["https:\/\/www.blmovil.com\/en\/presentacion-blmcitas\/"]}]},{"@type":"ImageObject","inLanguage":"en-US","@id":"https:\/\/www.blmovil.com\/en\/presentacion-blmcitas\/#primaryimage","url":"https:\/\/www.blmovil.com\/wp-content\/uploads\/sites\/3\/2020\/10\/presentacion-citas.jpg","contentUrl":"https:\/\/www.blmovil.com\/wp-content\/uploads\/sites\/3\/2020\/10\/presentacion-citas.jpg"},{"@type":"BreadcrumbList","@id":"https:\/\/www.blmovil.com\/en\/presentacion-blmcitas\/#breadcrumb","itemListElement":[{"@type":"ListItem","position":1,"name":"Inicio","item":"https:\/\/www.blmovil.com\/en\/"},{"@type":"ListItem","position":2,"name":"PRESENTACI\u00d3N BLMCITAS"}]},{"@type":"WebSite","@id":"https:\/\/www.blmovil.com\/en\/#website","url":"https:\/\/www.blmovil.com\/en\/","name":"BLMovil","description":"Si tienes una idea nosotros te la desarrollamos","publisher":{"@id":"https:\/\/www.blmovil.com\/en\/#organization"},"potentialAction":[{"@type":"SearchAction","target":{"@type":"EntryPoint","urlTemplate":"https:\/\/www.blmovil.com\/en\/?s={search_term_string}"},"query-input":{"@type":"PropertyValueSpecification","valueRequired":true,"valueName":"search_term_string"}}],"inLanguage":"en-US"},{"@type":"Organization","@id":"https:\/\/www.blmovil.com\/en\/#organization","name":"BLMovil","url":"https:\/\/www.blmovil.com\/en\/","logo":{"@type":"ImageObject","inLanguage":"en-US","@id":"https:\/\/www.blmovil.com\/en\/#\/schema\/logo\/image\/","url":"https:\/\/www.blmovil.com\/wp-content\/uploads\/sites\/3\/2019\/10\/favicon.png","contentUrl":"https:\/\/www.blmovil.com\/wp-content\/uploads\/sites\/3\/2019\/10\/favicon.png","width":128,"height":128,"caption":"BLMovil"},"image":{"@id":"https:\/\/www.blmovil.com\/en\/#\/schema\/logo\/image\/"},"sameAs":["https:\/\/www.facebook.com\/BLMovil"]}]}},"featured_image_src":null,"featured_image_src_square":null,"uagb_featured_image_src":{"full":false,"thumbnail":false,"medium":false,"medium_large":false,"large":false,"course_archive_thumbnail":false,"course_single_thumbnail":false,"lesson_archive_thumbnail":false,"lesson_single_thumbnail":false,"1536x1536":false,"2048x2048":false,"gb-block-post-grid-landscape":false,"gb-block-post-grid-square":false,"woocommerce_thumbnail":false,"woocommerce_single":false,"woocommerce_gallery_thumbnail":false,"awb_sm":false,"awb_md":false,"awb_lg":false,"awb_xl":false},"uagb_author_info":{"display_name":"Jorge Bernal","author_link":"https:\/\/www.blmovil.com\/en\/author\/hovait\/"},"uagb_comment_info":0,"uagb_excerpt":"BLMCitas es una soluci\u00f3n para la Gesti\u00f3n de Reservas y de Citas que se puede aplicar a cualquier sector que proporcione servicios por personas y que necesite que sus clientes puedan solicitar citas de una forma sencilla y segura. La soluci\u00f3n est\u00e1 compuesta por dos componentes. El primero es la soluci\u00f3n de administraci\u00f3n que va&hellip;","_links":{"self":[{"href":"https:\/\/www.blmovil.com\/en\/wp-json\/wp\/v2\/pages\/9171","targetHints":{"allow":["GET"]}}],"collection":[{"href":"https:\/\/www.blmovil.com\/en\/wp-json\/wp\/v2\/pages"}],"about":[{"href":"https:\/\/www.blmovil.com\/en\/wp-json\/wp\/v2\/types\/page"}],"author":[{"embeddable":true,"href":"https:\/\/www.blmovil.com\/en\/wp-json\/wp\/v2\/users\/1"}],"replies":[{"embeddable":true,"href":"https:\/\/www.blmovil.com\/en\/wp-json\/wp\/v2\/comments?post=9171"}],"version-history":[{"count":7,"href":"https:\/\/www.blmovil.com\/en\/wp-json\/wp\/v2\/pages\/9171\/revisions"}],"predecessor-version":[{"id":10061,"href":"https:\/\/www.blmovil.com\/en\/wp-json\/wp\/v2\/pages\/9171\/revisions\/10061"}],"wp:attachment":[{"href":"https:\/\/www.blmovil.com\/en\/wp-json\/wp\/v2\/media?parent=9171"}],"curies":[{"name":"wp","href":"https:\/\/api.w.org\/{rel}","templated":true}]}}