{"id":9084,"date":"2020-09-27T08:12:59","date_gmt":"2020-09-27T13:12:59","guid":{"rendered":"https:\/\/www.blmovil.com\/?page_id=9084"},"modified":"2022-06-06T16:28:01","modified_gmt":"2022-06-06T21:28:01","slug":"servicios-de-staffing-it","status":"publish","type":"page","link":"https:\/\/www.blmovil.com\/en\/servicios-de-staffing-it\/","title":{"rendered":"SERVICIOS DE STAFFING IT"},"content":{"rendered":"\n<figure class=\"wp-block-image aligncenter\"><img decoding=\"async\" src=\"https:\/\/www.blmovil.com\/wp-content\/uploads\/sites\/3\/2020\/10\/staffing-servicio.jpg\" alt=\"\"\/><\/figure>\n\n\n\n<h2 class=\"has-text-align-center wp-block-heading\">SELECCI\u00d3N DE RECURSOS HUMANOS<\/h2>\n\n\n\n<p class=\"has-text-align-justify\">Una de las actividades de BLMovil es la cesi\u00f3n de Recursos Humanos especializados en IT<\/p>\n\n\n\n<p class=\"has-text-align-justify\">BLMovil dispone de un equipo de selecci\u00f3n de RR.HH., capaz de realizar b\u00fasquedas, entrevistas e incorporaci\u00f3n del personal solicitado.<\/p>\n\n\n\n<p class=\"has-text-align-justify\">Disponemos de una Base de datos actualizada con distintos perfiles categorizados por conocimientos y experiencia, tanto de recursos internos como de candidatos externos.<\/p>\n\n\n\n<h2 class=\"has-text-align-center wp-block-heading\">METODOLOG\u00cdA DE STAFFING<\/h2>\n\n\n\n<p class=\"has-text-align-justify\">El&nbsp;<strong>Cliente<\/strong>&nbsp;genera la&nbsp;<strong>Demanda<\/strong>&nbsp;con sus necesidades y se las env\u00eda al&nbsp;<strong>Comercial<\/strong>&nbsp;responsable de la cuenta, \u00e9ste genera la petici\u00f3n a nuestro&nbsp;<strong>Departamento de Reclutamiento<\/strong>, donde los distintos&nbsp;<strong>Agentes&nbsp;<\/strong>realizar\u00e1n una&nbsp;<strong>B\u00fasqueda<\/strong>, aplicando un&nbsp;<strong>Filtro de selecci\u00f3n<\/strong>, para posteriormente realizar la&nbsp;<strong>Selecci\u00f3n<\/strong>&nbsp;de las personas que cumplan los criterios buscados. Posteriormente se&nbsp;<strong>Contacta<\/strong>&nbsp;con la persona y se le realiza una&nbsp;<strong>Oferta<\/strong>&nbsp;y se Concerta una entrevista primero con nuestro Departamento de Selecci\u00f3n para realizar una entrevista para ver tanto su nivel t\u00e9cnico, como psicot\u00e9cnico.<\/p>\n\n\n\n<figure class=\"wp-block-image aligncenter\"><img decoding=\"async\" src=\"https:\/\/www.blmovil.com\/wp-content\/uploads\/sites\/3\/2020\/10\/npol.jpg\" alt=\"\"\/><\/figure>\n\n\n\n<p class=\"has-text-align-justify\">Una vez realizada esa selecci\u00f3n, se realiza el recorrido inverso de la informaci\u00f3n para hacer llegar al cliente los datos de los t\u00e9cnicos seleccionados para su incorporaci\u00f3n al puesto de trabajo.<\/p>\n\n\n\n<div class=\"wp-block-columns is-layout-flex wp-container-core-columns-is-layout-28f84493 wp-block-columns-is-layout-flex\">\n<div class=\"wp-block-column is-layout-flow wp-block-column-is-layout-flow\">\n<h2 class=\"has-text-align-center wp-block-heading\">ENFOQUE DE TRABAJO &#8211; PILARES<\/h2>\n\n\n\n<ul class=\"wp-block-list\"><li><strong>Formaci\u00f3n y Capacitaci\u00f3n Continua<\/strong>: adaptaci\u00f3n al cambio<\/li><li><strong>Conocimiento<\/strong>: m\u00e1ximas certificaciones de nuestro personal<\/li><li><strong>Calidad<\/strong>: metodolog\u00eda y compromiso<\/li><li><strong>Alianzas<\/strong>: Acuerdos de colaboraci\u00f3n con fabricantes punteros y disrruptivos<\/li><li><strong>Innovaci\u00f3n Continua<\/strong>: nuevos tiempos, nuevas necesidades, nuevas soluciones<\/li><\/ul>\n<\/div>\n\n\n\n<div class=\"wp-block-column is-layout-flow wp-block-column-is-layout-flow\">\n<figure class=\"wp-block-image aligncenter size-full\"><img loading=\"lazy\" decoding=\"async\" width=\"400\" height=\"338\" src=\"https:\/\/www.blmovil.com\/wp-content\/uploads\/sites\/3\/2020\/10\/vfg.jpg\" alt=\"Servicios de Staffing BLMovil\" class=\"wp-image-9454\" srcset=\"https:\/\/www.blmovil.com\/en\/wp-content\/uploads\/sites\/28\/2020\/10\/vfg.jpg 400w, https:\/\/www.blmovil.com\/en\/wp-content\/uploads\/sites\/28\/2020\/10\/vfg-300x254.jpg 300w\" sizes=\"auto, (max-width: 400px) 100vw, 400px\" \/><\/figure>\n<\/div>\n<\/div>\n\n\n\n<p class=\"has-text-align-center\" style=\"font-size:35px\"><strong>Agenda una cita<\/strong><\/p>\n\n\n\n<div class=\"wp-block-buttons is-content-justification-center is-layout-flex wp-container-core-buttons-is-layout-a89b3969 wp-block-buttons-is-layout-flex\">\n<div class=\"wp-block-button\"><a class=\"wp-block-button__link has-white-color has-vivid-cyan-blue-background-color has-text-color has-background\" href=\"https:\/\/www.blmovil.com\/contacto\">Cont\u00e1ctanos<\/a><\/div>\n<\/div>\n","protected":false},"excerpt":{"rendered":"excerpt","protected":false},"author":1,"featured_media":0,"parent":0,"menu_order":0,"comment_status":"closed","ping_status":"closed","template":"","meta":{"_acf_changed":false,"_uag_custom_page_level_css":"","_trash_the_other_posts":false,"_editorskit_title_hidden":false,"_editorskit_reading_time":1,"_editorskit_is_block_options_detached":false,"_editorskit_block_options_position":"{}","site-sidebar-layout":"default","site-content-layout":"","ast-site-content-layout":"default","site-content-style":"default","site-sidebar-style":"default","ast-global-header-display":"","ast-banner-title-visibility":"","ast-main-header-display":"","ast-hfb-above-header-display":"","ast-hfb-below-header-display":"","ast-hfb-mobile-header-display":"","site-post-title":"","ast-breadcrumbs-content":"","ast-featured-img":"","footer-sml-layout":"","ast-disable-related-posts":"","theme-transparent-header-meta":"","adv-header-id-meta":"","stick-header-meta":"","header-above-stick-meta":"","header-main-stick-meta":"","header-below-stick-meta":"","astra-migrate-meta-layouts":"default","ast-page-background-enabled":"default","ast-page-background-meta":{"desktop":{"background-color":"var(--ast-global-color-4)","background-image":"","background-repeat":"repeat","background-position":"center center","background-size":"auto","background-attachment":"scroll","background-type":"","background-media":"","overlay-type":"","overlay-color":"","overlay-opacity":"","overlay-gradient":""},"tablet":{"background-color":"","background-image":"","background-repeat":"repeat","background-position":"center center","background-size":"auto","background-attachment":"scroll","background-type":"","background-media":"","overlay-type":"","overlay-color":"","overlay-opacity":"","overlay-gradient":""},"mobile":{"background-color":"","background-image":"","background-repeat":"repeat","background-position":"center center","background-size":"auto","background-attachment":"scroll","background-type":"","background-media":"","overlay-type":"","overlay-color":"","overlay-opacity":"","overlay-gradient":""}},"ast-content-background-meta":{"desktop":{"background-color":"var(--ast-global-color-5)","background-image":"","background-repeat":"repeat","background-position":"center center","background-size":"auto","background-attachment":"scroll","background-type":"","background-media":"","overlay-type":"","overlay-color":"","overlay-opacity":"","overlay-gradient":""},"tablet":{"background-color":"var(--ast-global-color-5)","background-image":"","background-repeat":"repeat","background-position":"center center","background-size":"auto","background-attachment":"scroll","background-type":"","background-media":"","overlay-type":"","overlay-color":"","overlay-opacity":"","overlay-gradient":""},"mobile":{"background-color":"var(--ast-global-color-5)","background-image":"","background-repeat":"repeat","background-position":"center center","background-size":"auto","background-attachment":"scroll","background-type":"","background-media":"","overlay-type":"","overlay-color":"","overlay-opacity":"","overlay-gradient":""}},"episode_type":"","audio_file":"","podmotor_file_id":"","podmotor_episode_id":"","cover_image":"","cover_image_id":"","duration":"","filesize":"","filesize_raw":"","date_recorded":"","explicit":"","block":"","itunes_episode_number":"","itunes_title":"","itunes_season_number":"","itunes_episode_type":"","footnotes":""},"class_list":["post-9084","page","type-page","status-publish","hentry"],"acf":[],"yoast_head":"<!-- This site is optimized with the Yoast SEO plugin v27.3 - https:\/\/yoast.com\/product\/yoast-seo-wordpress\/ -->\n<title>SERVICIOS DE STAFFING IT - BLMovil<\/title>\n<meta name=\"description\" content=\"Una de las actividades de BLMovil es la cesi\u00f3n de Recursos Humanos especializados en IT. BLMovil dispone de un equipo de selecci\u00f3n de RR.HH., capaz de realizar b\u00fasquedas, entrevistas e incorporaci\u00f3n del personal solicitado.\" \/>\n<meta name=\"robots\" content=\"index, follow, max-snippet:-1, max-image-preview:large, max-video-preview:-1\" \/>\n<link rel=\"canonical\" href=\"https:\/\/www.blmovil.com\/en\/servicios-de-staffing-it\/\" \/>\n<meta property=\"og:locale\" content=\"en_US\" \/>\n<meta property=\"og:type\" content=\"article\" \/>\n<meta property=\"og:title\" content=\"SERVICIOS DE STAFFING IT - BLMovil\" \/>\n<meta property=\"og:description\" content=\"Una de las actividades de BLMovil es la cesi\u00f3n de Recursos Humanos especializados en IT. BLMovil dispone de un equipo de selecci\u00f3n de RR.HH., capaz de realizar b\u00fasquedas, entrevistas e incorporaci\u00f3n del personal solicitado.\" \/>\n<meta property=\"og:url\" content=\"https:\/\/www.blmovil.com\/en\/servicios-de-staffing-it\/\" \/>\n<meta property=\"og:site_name\" content=\"BLMovil\" \/>\n<meta property=\"article:publisher\" content=\"https:\/\/www.facebook.com\/BLMovil\" \/>\n<meta property=\"article:modified_time\" content=\"2022-06-06T21:28:01+00:00\" \/>\n<meta property=\"og:image\" content=\"https:\/\/www.blmovil.com\/wp-content\/uploads\/sites\/3\/2020\/10\/staffing-servicio.jpg\" \/>\n<meta name=\"twitter:card\" content=\"summary_large_image\" \/>\n<meta name=\"twitter:label1\" content=\"Est. reading time\" \/>\n\t<meta name=\"twitter:data1\" content=\"2 minutes\" \/>\n<script type=\"application\/ld+json\" class=\"yoast-schema-graph\">{\"@context\":\"https:\\\/\\\/schema.org\",\"@graph\":[{\"@type\":\"WebPage\",\"@id\":\"https:\\\/\\\/www.blmovil.com\\\/en\\\/servicios-de-staffing-it\\\/\",\"url\":\"https:\\\/\\\/www.blmovil.com\\\/en\\\/servicios-de-staffing-it\\\/\",\"name\":\"SERVICIOS DE STAFFING IT - BLMovil\",\"isPartOf\":{\"@id\":\"https:\\\/\\\/www.blmovil.com\\\/en\\\/#website\"},\"primaryImageOfPage\":{\"@id\":\"https:\\\/\\\/www.blmovil.com\\\/en\\\/servicios-de-staffing-it\\\/#primaryimage\"},\"image\":{\"@id\":\"https:\\\/\\\/www.blmovil.com\\\/en\\\/servicios-de-staffing-it\\\/#primaryimage\"},\"thumbnailUrl\":\"https:\\\/\\\/www.blmovil.com\\\/wp-content\\\/uploads\\\/sites\\\/3\\\/2020\\\/10\\\/staffing-servicio.jpg\",\"datePublished\":\"2020-09-27T13:12:59+00:00\",\"dateModified\":\"2022-06-06T21:28:01+00:00\",\"description\":\"Una de las actividades de BLMovil es la cesi\u00f3n de Recursos Humanos especializados en IT. BLMovil dispone de un equipo de selecci\u00f3n de RR.HH., capaz de realizar b\u00fasquedas, entrevistas e incorporaci\u00f3n del personal solicitado.\",\"breadcrumb\":{\"@id\":\"https:\\\/\\\/www.blmovil.com\\\/en\\\/servicios-de-staffing-it\\\/#breadcrumb\"},\"inLanguage\":\"en-US\",\"potentialAction\":[{\"@type\":\"ReadAction\",\"target\":[\"https:\\\/\\\/www.blmovil.com\\\/en\\\/servicios-de-staffing-it\\\/\"]}]},{\"@type\":\"ImageObject\",\"inLanguage\":\"en-US\",\"@id\":\"https:\\\/\\\/www.blmovil.com\\\/en\\\/servicios-de-staffing-it\\\/#primaryimage\",\"url\":\"https:\\\/\\\/www.blmovil.com\\\/wp-content\\\/uploads\\\/sites\\\/3\\\/2020\\\/10\\\/staffing-servicio.jpg\",\"contentUrl\":\"https:\\\/\\\/www.blmovil.com\\\/wp-content\\\/uploads\\\/sites\\\/3\\\/2020\\\/10\\\/staffing-servicio.jpg\"},{\"@type\":\"BreadcrumbList\",\"@id\":\"https:\\\/\\\/www.blmovil.com\\\/en\\\/servicios-de-staffing-it\\\/#breadcrumb\",\"itemListElement\":[{\"@type\":\"ListItem\",\"position\":1,\"name\":\"Inicio\",\"item\":\"https:\\\/\\\/www.blmovil.com\\\/en\\\/\"},{\"@type\":\"ListItem\",\"position\":2,\"name\":\"SERVICIOS DE STAFFING IT\"}]},{\"@type\":\"WebSite\",\"@id\":\"https:\\\/\\\/www.blmovil.com\\\/en\\\/#website\",\"url\":\"https:\\\/\\\/www.blmovil.com\\\/en\\\/\",\"name\":\"BLMovil\",\"description\":\"Si tienes una idea nosotros te la desarrollamos\",\"publisher\":{\"@id\":\"https:\\\/\\\/www.blmovil.com\\\/en\\\/#organization\"},\"potentialAction\":[{\"@type\":\"SearchAction\",\"target\":{\"@type\":\"EntryPoint\",\"urlTemplate\":\"https:\\\/\\\/www.blmovil.com\\\/en\\\/?s={search_term_string}\"},\"query-input\":{\"@type\":\"PropertyValueSpecification\",\"valueRequired\":true,\"valueName\":\"search_term_string\"}}],\"inLanguage\":\"en-US\"},{\"@type\":\"Organization\",\"@id\":\"https:\\\/\\\/www.blmovil.com\\\/en\\\/#organization\",\"name\":\"BLMovil\",\"url\":\"https:\\\/\\\/www.blmovil.com\\\/en\\\/\",\"logo\":{\"@type\":\"ImageObject\",\"inLanguage\":\"en-US\",\"@id\":\"https:\\\/\\\/www.blmovil.com\\\/en\\\/#\\\/schema\\\/logo\\\/image\\\/\",\"url\":\"https:\\\/\\\/www.blmovil.com\\\/wp-content\\\/uploads\\\/sites\\\/3\\\/2019\\\/10\\\/favicon.png\",\"contentUrl\":\"https:\\\/\\\/www.blmovil.com\\\/wp-content\\\/uploads\\\/sites\\\/3\\\/2019\\\/10\\\/favicon.png\",\"width\":128,\"height\":128,\"caption\":\"BLMovil\"},\"image\":{\"@id\":\"https:\\\/\\\/www.blmovil.com\\\/en\\\/#\\\/schema\\\/logo\\\/image\\\/\"},\"sameAs\":[\"https:\\\/\\\/www.facebook.com\\\/BLMovil\"]}]}<\/script>\n<!-- \/ Yoast SEO plugin. -->","yoast_head_json":{"title":"SERVICIOS DE STAFFING IT - BLMovil","description":"Una de las actividades de BLMovil es la cesi\u00f3n de Recursos Humanos especializados en IT. BLMovil dispone de un equipo de selecci\u00f3n de RR.HH., capaz de realizar b\u00fasquedas, entrevistas e incorporaci\u00f3n del personal solicitado.","robots":{"index":"index","follow":"follow","max-snippet":"max-snippet:-1","max-image-preview":"max-image-preview:large","max-video-preview":"max-video-preview:-1"},"canonical":"https:\/\/www.blmovil.com\/en\/servicios-de-staffing-it\/","og_locale":"en_US","og_type":"article","og_title":"SERVICIOS DE STAFFING IT - BLMovil","og_description":"Una de las actividades de BLMovil es la cesi\u00f3n de Recursos Humanos especializados en IT. BLMovil dispone de un equipo de selecci\u00f3n de RR.HH., capaz de realizar b\u00fasquedas, entrevistas e incorporaci\u00f3n del personal solicitado.","og_url":"https:\/\/www.blmovil.com\/en\/servicios-de-staffing-it\/","og_site_name":"BLMovil","article_publisher":"https:\/\/www.facebook.com\/BLMovil","article_modified_time":"2022-06-06T21:28:01+00:00","og_image":[{"url":"https:\/\/www.blmovil.com\/wp-content\/uploads\/sites\/3\/2020\/10\/staffing-servicio.jpg","type":"","width":"","height":""}],"twitter_card":"summary_large_image","twitter_misc":{"Est. reading time":"2 minutes"},"schema":{"@context":"https:\/\/schema.org","@graph":[{"@type":"WebPage","@id":"https:\/\/www.blmovil.com\/en\/servicios-de-staffing-it\/","url":"https:\/\/www.blmovil.com\/en\/servicios-de-staffing-it\/","name":"SERVICIOS DE STAFFING IT - BLMovil","isPartOf":{"@id":"https:\/\/www.blmovil.com\/en\/#website"},"primaryImageOfPage":{"@id":"https:\/\/www.blmovil.com\/en\/servicios-de-staffing-it\/#primaryimage"},"image":{"@id":"https:\/\/www.blmovil.com\/en\/servicios-de-staffing-it\/#primaryimage"},"thumbnailUrl":"https:\/\/www.blmovil.com\/wp-content\/uploads\/sites\/3\/2020\/10\/staffing-servicio.jpg","datePublished":"2020-09-27T13:12:59+00:00","dateModified":"2022-06-06T21:28:01+00:00","description":"Una de las actividades de BLMovil es la cesi\u00f3n de Recursos Humanos especializados en IT. BLMovil dispone de un equipo de selecci\u00f3n de RR.HH., capaz de realizar b\u00fasquedas, entrevistas e incorporaci\u00f3n del personal solicitado.","breadcrumb":{"@id":"https:\/\/www.blmovil.com\/en\/servicios-de-staffing-it\/#breadcrumb"},"inLanguage":"en-US","potentialAction":[{"@type":"ReadAction","target":["https:\/\/www.blmovil.com\/en\/servicios-de-staffing-it\/"]}]},{"@type":"ImageObject","inLanguage":"en-US","@id":"https:\/\/www.blmovil.com\/en\/servicios-de-staffing-it\/#primaryimage","url":"https:\/\/www.blmovil.com\/wp-content\/uploads\/sites\/3\/2020\/10\/staffing-servicio.jpg","contentUrl":"https:\/\/www.blmovil.com\/wp-content\/uploads\/sites\/3\/2020\/10\/staffing-servicio.jpg"},{"@type":"BreadcrumbList","@id":"https:\/\/www.blmovil.com\/en\/servicios-de-staffing-it\/#breadcrumb","itemListElement":[{"@type":"ListItem","position":1,"name":"Inicio","item":"https:\/\/www.blmovil.com\/en\/"},{"@type":"ListItem","position":2,"name":"SERVICIOS DE STAFFING IT"}]},{"@type":"WebSite","@id":"https:\/\/www.blmovil.com\/en\/#website","url":"https:\/\/www.blmovil.com\/en\/","name":"BLMovil","description":"Si tienes una idea nosotros te la desarrollamos","publisher":{"@id":"https:\/\/www.blmovil.com\/en\/#organization"},"potentialAction":[{"@type":"SearchAction","target":{"@type":"EntryPoint","urlTemplate":"https:\/\/www.blmovil.com\/en\/?s={search_term_string}"},"query-input":{"@type":"PropertyValueSpecification","valueRequired":true,"valueName":"search_term_string"}}],"inLanguage":"en-US"},{"@type":"Organization","@id":"https:\/\/www.blmovil.com\/en\/#organization","name":"BLMovil","url":"https:\/\/www.blmovil.com\/en\/","logo":{"@type":"ImageObject","inLanguage":"en-US","@id":"https:\/\/www.blmovil.com\/en\/#\/schema\/logo\/image\/","url":"https:\/\/www.blmovil.com\/wp-content\/uploads\/sites\/3\/2019\/10\/favicon.png","contentUrl":"https:\/\/www.blmovil.com\/wp-content\/uploads\/sites\/3\/2019\/10\/favicon.png","width":128,"height":128,"caption":"BLMovil"},"image":{"@id":"https:\/\/www.blmovil.com\/en\/#\/schema\/logo\/image\/"},"sameAs":["https:\/\/www.facebook.com\/BLMovil"]}]}},"featured_image_src":null,"featured_image_src_square":null,"uagb_featured_image_src":{"full":false,"thumbnail":false,"medium":false,"medium_large":false,"large":false,"course_archive_thumbnail":false,"course_single_thumbnail":false,"lesson_archive_thumbnail":false,"lesson_single_thumbnail":false,"1536x1536":false,"2048x2048":false,"gb-block-post-grid-landscape":false,"gb-block-post-grid-square":false,"woocommerce_thumbnail":false,"woocommerce_single":false,"woocommerce_gallery_thumbnail":false,"awb_sm":false,"awb_md":false,"awb_lg":false,"awb_xl":false},"uagb_author_info":{"display_name":"Jorge Bernal","author_link":"https:\/\/www.blmovil.com\/en\/author\/hovait\/"},"uagb_comment_info":0,"uagb_excerpt":"SELECCI\u00d3N DE RECURSOS HUMANOS Una de las actividades de BLMovil es la cesi\u00f3n de Recursos Humanos especializados en IT BLMovil dispone de un equipo de selecci\u00f3n de RR.HH., capaz de realizar b\u00fasquedas, entrevistas e incorporaci\u00f3n del personal solicitado. Disponemos de una Base de datos actualizada con distintos perfiles categorizados por conocimientos y experiencia, tanto de&hellip;","_links":{"self":[{"href":"https:\/\/www.blmovil.com\/en\/wp-json\/wp\/v2\/pages\/9084","targetHints":{"allow":["GET"]}}],"collection":[{"href":"https:\/\/www.blmovil.com\/en\/wp-json\/wp\/v2\/pages"}],"about":[{"href":"https:\/\/www.blmovil.com\/en\/wp-json\/wp\/v2\/types\/page"}],"author":[{"embeddable":true,"href":"https:\/\/www.blmovil.com\/en\/wp-json\/wp\/v2\/users\/1"}],"replies":[{"embeddable":true,"href":"https:\/\/www.blmovil.com\/en\/wp-json\/wp\/v2\/comments?post=9084"}],"version-history":[{"count":5,"href":"https:\/\/www.blmovil.com\/en\/wp-json\/wp\/v2\/pages\/9084\/revisions"}],"predecessor-version":[{"id":10735,"href":"https:\/\/www.blmovil.com\/en\/wp-json\/wp\/v2\/pages\/9084\/revisions\/10735"}],"wp:attachment":[{"href":"https:\/\/www.blmovil.com\/en\/wp-json\/wp\/v2\/media?parent=9084"}],"curies":[{"name":"wp","href":"https:\/\/api.w.org\/{rel}","templated":true}]}}