{"id":9076,"date":"2020-09-26T16:32:16","date_gmt":"2020-09-26T21:32:16","guid":{"rendered":"https:\/\/www.blmovil.com\/?page_id=9076"},"modified":"2022-06-06T16:31:56","modified_gmt":"2022-06-06T21:31:56","slug":"consultoria-procesos","status":"publish","type":"page","link":"https:\/\/www.blmovil.com\/en\/consultoria-procesos\/","title":{"rendered":"CONSULTOR\u00cdA DE PROCESOS"},"content":{"rendered":"\n<figure class=\"wp-block-image aligncenter\"><img decoding=\"async\" src=\"https:\/\/www.blmovil.com\/wp-content\/uploads\/sites\/3\/2020\/10\/consultori\u0301a-procesos.jpg\" alt=\"\"\/><\/figure>\n\n\n\n<p class=\"has-text-align-center\" style=\"font-size:24px\"><strong>En BLMovil identificamos si los procesos de su empresa son eficaces. Eso nos permite analizar, evaluar y definir la eficiencia de los procesos de su empresa.<\/strong><\/p>\n\n\n\n<p class=\"has-text-align-justify\">La finalidad de nuestra consultor\u00eda de procesos es ayudar a su empresa a entender los diferentes estados de un proceso e identificar los elementos que se pueden mejorar en el flujo de trabajo, las relaciones y comunicaciones entre los participantes del proceso y los canales de comunicaci\u00f3n.<\/p>\n\n\n\n<p class=\"has-text-align-justify\">Nuestra metodolog\u00eda trabaja de la mano con el cliente de forma que diagnosticamos de forma conjunta sus procesos y permite que una vez que nosotros hayamos terminado nuestra consultor\u00eda, el cliente tiene la pericia suficiente para poder analizar los procesos de su unidad de negocio.<\/p>\n\n\n\n<figure class=\"wp-block-image aligncenter\"><img decoding=\"async\" src=\"https:\/\/www.blmovil.com\/wp-content\/uploads\/sites\/3\/2020\/10\/nbv.jpg\" alt=\"\"\/><\/figure>\n\n\n\n<p class=\"has-text-align-justify\">En dicha metodolog\u00eda, obtenemos la informaci\u00f3n del estado actual de los procesos, su diagn\u00f3stico, identificamos los puntos cr\u00edticos del proceso y los puntos de posible mejora, y establecemos de la mano del cliente un redise\u00f1o conceptual del proceso, donde se definen los nuevos procesos ajust\u00e1ndose a las mejores pr\u00e1cticas del mercado, apoy\u00e1ndonos en un largo conocimiento de las tecnolog\u00edas de la informaci\u00f3n y herramientas de simulaci\u00f3n de procesos que nos permiten desarrollar e implementar los cambios acordados con el cliente en sus procesos de negocio.<\/p>\n\n\n\n<p class=\"has-text-align-center\" style=\"font-size:24px\"><strong>Ll\u00e1manos y pide una cita<\/strong><\/p>\n\n\n\n<div style=\"height:30px\" aria-hidden=\"true\" class=\"wp-block-spacer\"><\/div>\n\n\n\n<div class=\"wp-block-buttons is-content-justification-center is-layout-flex wp-container-core-buttons-is-layout-a89b3969 wp-block-buttons-is-layout-flex\">\n<div class=\"wp-block-button\"><a class=\"wp-block-button__link has-white-color has-vivid-cyan-blue-background-color has-text-color has-background\" href=\"https:\/\/www.blmovil.com\/contacto\">Cont\u00e1ctanos<\/a><\/div>\n<\/div>\n","protected":false},"excerpt":{"rendered":"excerpt","protected":false},"author":1,"featured_media":0,"parent":0,"menu_order":0,"comment_status":"closed","ping_status":"closed","template":"","meta":{"_acf_changed":false,"_uag_custom_page_level_css":"","_trash_the_other_posts":false,"_editorskit_title_hidden":false,"_editorskit_reading_time":1,"_editorskit_is_block_options_detached":false,"_editorskit_block_options_position":"{}","site-sidebar-layout":"default","site-content-layout":"","ast-site-content-layout":"default","site-content-style":"default","site-sidebar-style":"default","ast-global-header-display":"","ast-banner-title-visibility":"","ast-main-header-display":"","ast-hfb-above-header-display":"","ast-hfb-below-header-display":"","ast-hfb-mobile-header-display":"","site-post-title":"","ast-breadcrumbs-content":"","ast-featured-img":"","footer-sml-layout":"","ast-disable-related-posts":"","theme-transparent-header-meta":"","adv-header-id-meta":"","stick-header-meta":"","header-above-stick-meta":"","header-main-stick-meta":"","header-below-stick-meta":"","astra-migrate-meta-layouts":"default","ast-page-background-enabled":"default","ast-page-background-meta":{"desktop":{"background-color":"var(--ast-global-color-4)","background-image":"","background-repeat":"repeat","background-position":"center center","background-size":"auto","background-attachment":"scroll","background-type":"","background-media":"","overlay-type":"","overlay-color":"","overlay-opacity":"","overlay-gradient":""},"tablet":{"background-color":"","background-image":"","background-repeat":"repeat","background-position":"center center","background-size":"auto","background-attachment":"scroll","background-type":"","background-media":"","overlay-type":"","overlay-color":"","overlay-opacity":"","overlay-gradient":""},"mobile":{"background-color":"","background-image":"","background-repeat":"repeat","background-position":"center center","background-size":"auto","background-attachment":"scroll","background-type":"","background-media":"","overlay-type":"","overlay-color":"","overlay-opacity":"","overlay-gradient":""}},"ast-content-background-meta":{"desktop":{"background-color":"var(--ast-global-color-5)","background-image":"","background-repeat":"repeat","background-position":"center center","background-size":"auto","background-attachment":"scroll","background-type":"","background-media":"","overlay-type":"","overlay-color":"","overlay-opacity":"","overlay-gradient":""},"tablet":{"background-color":"var(--ast-global-color-5)","background-image":"","background-repeat":"repeat","background-position":"center center","background-size":"auto","background-attachment":"scroll","background-type":"","background-media":"","overlay-type":"","overlay-color":"","overlay-opacity":"","overlay-gradient":""},"mobile":{"background-color":"var(--ast-global-color-5)","background-image":"","background-repeat":"repeat","background-position":"center center","background-size":"auto","background-attachment":"scroll","background-type":"","background-media":"","overlay-type":"","overlay-color":"","overlay-opacity":"","overlay-gradient":""}},"episode_type":"","audio_file":"","podmotor_file_id":"","podmotor_episode_id":"","cover_image":"","cover_image_id":"","duration":"","filesize":"","filesize_raw":"","date_recorded":"","explicit":"","block":"","itunes_episode_number":"","itunes_title":"","itunes_season_number":"","itunes_episode_type":"","footnotes":""},"class_list":["post-9076","page","type-page","status-publish","hentry"],"acf":[],"yoast_head":"<!-- This site is optimized with the Yoast SEO plugin v27.3 - https:\/\/yoast.com\/product\/yoast-seo-wordpress\/ -->\n<title>CONSULTOR\u00cdA DE PROCESOS - BLMovil<\/title>\n<meta name=\"description\" content=\"En BLMovil identificamos si los procesos de su empresa son eficaces. Eso nos permite analizar, evaluar y definir la eficiencia de los procesos de su empresa.\" \/>\n<meta name=\"robots\" content=\"index, follow, max-snippet:-1, max-image-preview:large, max-video-preview:-1\" \/>\n<link rel=\"canonical\" href=\"https:\/\/www.blmovil.com\/en\/consultoria-procesos\/\" \/>\n<meta property=\"og:locale\" content=\"en_US\" \/>\n<meta property=\"og:type\" content=\"article\" \/>\n<meta property=\"og:title\" content=\"CONSULTOR\u00cdA DE PROCESOS - BLMovil\" \/>\n<meta property=\"og:description\" content=\"En BLMovil identificamos si los procesos de su empresa son eficaces. Eso nos permite analizar, evaluar y definir la eficiencia de los procesos de su empresa.\" \/>\n<meta property=\"og:url\" content=\"https:\/\/www.blmovil.com\/en\/consultoria-procesos\/\" \/>\n<meta property=\"og:site_name\" content=\"BLMovil\" \/>\n<meta property=\"article:publisher\" content=\"https:\/\/www.facebook.com\/BLMovil\" \/>\n<meta property=\"article:modified_time\" content=\"2022-06-06T21:31:56+00:00\" \/>\n<meta property=\"og:image\" content=\"https:\/\/www.blmovil.com\/wp-content\/uploads\/sites\/3\/2020\/10\/nbv.jpg\" \/>\n<meta name=\"twitter:card\" content=\"summary_large_image\" \/>\n<meta name=\"twitter:label1\" content=\"Est. reading time\" \/>\n\t<meta name=\"twitter:data1\" content=\"2 minutes\" \/>\n<script type=\"application\/ld+json\" class=\"yoast-schema-graph\">{\"@context\":\"https:\\\/\\\/schema.org\",\"@graph\":[{\"@type\":\"WebPage\",\"@id\":\"https:\\\/\\\/www.blmovil.com\\\/en\\\/consultoria-procesos\\\/\",\"url\":\"https:\\\/\\\/www.blmovil.com\\\/en\\\/consultoria-procesos\\\/\",\"name\":\"CONSULTOR\u00cdA DE PROCESOS - BLMovil\",\"isPartOf\":{\"@id\":\"https:\\\/\\\/www.blmovil.com\\\/en\\\/#website\"},\"primaryImageOfPage\":{\"@id\":\"https:\\\/\\\/www.blmovil.com\\\/en\\\/consultoria-procesos\\\/#primaryimage\"},\"image\":{\"@id\":\"https:\\\/\\\/www.blmovil.com\\\/en\\\/consultoria-procesos\\\/#primaryimage\"},\"thumbnailUrl\":\"https:\\\/\\\/www.blmovil.com\\\/wp-content\\\/uploads\\\/sites\\\/3\\\/2020\\\/10\\\/nbv.jpg\",\"datePublished\":\"2020-09-26T21:32:16+00:00\",\"dateModified\":\"2022-06-06T21:31:56+00:00\",\"description\":\"En BLMovil identificamos si los procesos de su empresa son eficaces. Eso nos permite analizar, evaluar y definir la eficiencia de los procesos de su empresa.\",\"breadcrumb\":{\"@id\":\"https:\\\/\\\/www.blmovil.com\\\/en\\\/consultoria-procesos\\\/#breadcrumb\"},\"inLanguage\":\"en-US\",\"potentialAction\":[{\"@type\":\"ReadAction\",\"target\":[\"https:\\\/\\\/www.blmovil.com\\\/en\\\/consultoria-procesos\\\/\"]}]},{\"@type\":\"ImageObject\",\"inLanguage\":\"en-US\",\"@id\":\"https:\\\/\\\/www.blmovil.com\\\/en\\\/consultoria-procesos\\\/#primaryimage\",\"url\":\"https:\\\/\\\/www.blmovil.com\\\/wp-content\\\/uploads\\\/sites\\\/3\\\/2020\\\/10\\\/nbv.jpg\",\"contentUrl\":\"https:\\\/\\\/www.blmovil.com\\\/wp-content\\\/uploads\\\/sites\\\/3\\\/2020\\\/10\\\/nbv.jpg\"},{\"@type\":\"BreadcrumbList\",\"@id\":\"https:\\\/\\\/www.blmovil.com\\\/en\\\/consultoria-procesos\\\/#breadcrumb\",\"itemListElement\":[{\"@type\":\"ListItem\",\"position\":1,\"name\":\"Inicio\",\"item\":\"https:\\\/\\\/www.blmovil.com\\\/en\\\/\"},{\"@type\":\"ListItem\",\"position\":2,\"name\":\"CONSULTOR\u00cdA DE PROCESOS\"}]},{\"@type\":\"WebSite\",\"@id\":\"https:\\\/\\\/www.blmovil.com\\\/en\\\/#website\",\"url\":\"https:\\\/\\\/www.blmovil.com\\\/en\\\/\",\"name\":\"BLMovil\",\"description\":\"Si tienes una idea nosotros te la desarrollamos\",\"publisher\":{\"@id\":\"https:\\\/\\\/www.blmovil.com\\\/en\\\/#organization\"},\"potentialAction\":[{\"@type\":\"SearchAction\",\"target\":{\"@type\":\"EntryPoint\",\"urlTemplate\":\"https:\\\/\\\/www.blmovil.com\\\/en\\\/?s={search_term_string}\"},\"query-input\":{\"@type\":\"PropertyValueSpecification\",\"valueRequired\":true,\"valueName\":\"search_term_string\"}}],\"inLanguage\":\"en-US\"},{\"@type\":\"Organization\",\"@id\":\"https:\\\/\\\/www.blmovil.com\\\/en\\\/#organization\",\"name\":\"BLMovil\",\"url\":\"https:\\\/\\\/www.blmovil.com\\\/en\\\/\",\"logo\":{\"@type\":\"ImageObject\",\"inLanguage\":\"en-US\",\"@id\":\"https:\\\/\\\/www.blmovil.com\\\/en\\\/#\\\/schema\\\/logo\\\/image\\\/\",\"url\":\"https:\\\/\\\/www.blmovil.com\\\/wp-content\\\/uploads\\\/sites\\\/3\\\/2019\\\/10\\\/favicon.png\",\"contentUrl\":\"https:\\\/\\\/www.blmovil.com\\\/wp-content\\\/uploads\\\/sites\\\/3\\\/2019\\\/10\\\/favicon.png\",\"width\":128,\"height\":128,\"caption\":\"BLMovil\"},\"image\":{\"@id\":\"https:\\\/\\\/www.blmovil.com\\\/en\\\/#\\\/schema\\\/logo\\\/image\\\/\"},\"sameAs\":[\"https:\\\/\\\/www.facebook.com\\\/BLMovil\"]}]}<\/script>\n<!-- \/ Yoast SEO plugin. -->","yoast_head_json":{"title":"CONSULTOR\u00cdA DE PROCESOS - BLMovil","description":"En BLMovil identificamos si los procesos de su empresa son eficaces. Eso nos permite analizar, evaluar y definir la eficiencia de los procesos de su empresa.","robots":{"index":"index","follow":"follow","max-snippet":"max-snippet:-1","max-image-preview":"max-image-preview:large","max-video-preview":"max-video-preview:-1"},"canonical":"https:\/\/www.blmovil.com\/en\/consultoria-procesos\/","og_locale":"en_US","og_type":"article","og_title":"CONSULTOR\u00cdA DE PROCESOS - BLMovil","og_description":"En BLMovil identificamos si los procesos de su empresa son eficaces. Eso nos permite analizar, evaluar y definir la eficiencia de los procesos de su empresa.","og_url":"https:\/\/www.blmovil.com\/en\/consultoria-procesos\/","og_site_name":"BLMovil","article_publisher":"https:\/\/www.facebook.com\/BLMovil","article_modified_time":"2022-06-06T21:31:56+00:00","og_image":[{"url":"https:\/\/www.blmovil.com\/wp-content\/uploads\/sites\/3\/2020\/10\/nbv.jpg","type":"","width":"","height":""}],"twitter_card":"summary_large_image","twitter_misc":{"Est. reading time":"2 minutes"},"schema":{"@context":"https:\/\/schema.org","@graph":[{"@type":"WebPage","@id":"https:\/\/www.blmovil.com\/en\/consultoria-procesos\/","url":"https:\/\/www.blmovil.com\/en\/consultoria-procesos\/","name":"CONSULTOR\u00cdA DE PROCESOS - BLMovil","isPartOf":{"@id":"https:\/\/www.blmovil.com\/en\/#website"},"primaryImageOfPage":{"@id":"https:\/\/www.blmovil.com\/en\/consultoria-procesos\/#primaryimage"},"image":{"@id":"https:\/\/www.blmovil.com\/en\/consultoria-procesos\/#primaryimage"},"thumbnailUrl":"https:\/\/www.blmovil.com\/wp-content\/uploads\/sites\/3\/2020\/10\/nbv.jpg","datePublished":"2020-09-26T21:32:16+00:00","dateModified":"2022-06-06T21:31:56+00:00","description":"En BLMovil identificamos si los procesos de su empresa son eficaces. Eso nos permite analizar, evaluar y definir la eficiencia de los procesos de su empresa.","breadcrumb":{"@id":"https:\/\/www.blmovil.com\/en\/consultoria-procesos\/#breadcrumb"},"inLanguage":"en-US","potentialAction":[{"@type":"ReadAction","target":["https:\/\/www.blmovil.com\/en\/consultoria-procesos\/"]}]},{"@type":"ImageObject","inLanguage":"en-US","@id":"https:\/\/www.blmovil.com\/en\/consultoria-procesos\/#primaryimage","url":"https:\/\/www.blmovil.com\/wp-content\/uploads\/sites\/3\/2020\/10\/nbv.jpg","contentUrl":"https:\/\/www.blmovil.com\/wp-content\/uploads\/sites\/3\/2020\/10\/nbv.jpg"},{"@type":"BreadcrumbList","@id":"https:\/\/www.blmovil.com\/en\/consultoria-procesos\/#breadcrumb","itemListElement":[{"@type":"ListItem","position":1,"name":"Inicio","item":"https:\/\/www.blmovil.com\/en\/"},{"@type":"ListItem","position":2,"name":"CONSULTOR\u00cdA DE PROCESOS"}]},{"@type":"WebSite","@id":"https:\/\/www.blmovil.com\/en\/#website","url":"https:\/\/www.blmovil.com\/en\/","name":"BLMovil","description":"Si tienes una idea nosotros te la desarrollamos","publisher":{"@id":"https:\/\/www.blmovil.com\/en\/#organization"},"potentialAction":[{"@type":"SearchAction","target":{"@type":"EntryPoint","urlTemplate":"https:\/\/www.blmovil.com\/en\/?s={search_term_string}"},"query-input":{"@type":"PropertyValueSpecification","valueRequired":true,"valueName":"search_term_string"}}],"inLanguage":"en-US"},{"@type":"Organization","@id":"https:\/\/www.blmovil.com\/en\/#organization","name":"BLMovil","url":"https:\/\/www.blmovil.com\/en\/","logo":{"@type":"ImageObject","inLanguage":"en-US","@id":"https:\/\/www.blmovil.com\/en\/#\/schema\/logo\/image\/","url":"https:\/\/www.blmovil.com\/wp-content\/uploads\/sites\/3\/2019\/10\/favicon.png","contentUrl":"https:\/\/www.blmovil.com\/wp-content\/uploads\/sites\/3\/2019\/10\/favicon.png","width":128,"height":128,"caption":"BLMovil"},"image":{"@id":"https:\/\/www.blmovil.com\/en\/#\/schema\/logo\/image\/"},"sameAs":["https:\/\/www.facebook.com\/BLMovil"]}]}},"featured_image_src":null,"featured_image_src_square":null,"uagb_featured_image_src":{"full":false,"thumbnail":false,"medium":false,"medium_large":false,"large":false,"course_archive_thumbnail":false,"course_single_thumbnail":false,"lesson_archive_thumbnail":false,"lesson_single_thumbnail":false,"1536x1536":false,"2048x2048":false,"gb-block-post-grid-landscape":false,"gb-block-post-grid-square":false,"woocommerce_thumbnail":false,"woocommerce_single":false,"woocommerce_gallery_thumbnail":false,"awb_sm":false,"awb_md":false,"awb_lg":false,"awb_xl":false},"uagb_author_info":{"display_name":"Jorge Bernal","author_link":"https:\/\/www.blmovil.com\/en\/author\/hovait\/"},"uagb_comment_info":0,"uagb_excerpt":"En BLMovil identificamos si los procesos de su empresa son eficaces. Eso nos permite analizar, evaluar y definir la eficiencia de los procesos de su empresa. La finalidad de nuestra consultor\u00eda de procesos es ayudar a su empresa a entender los diferentes estados de un proceso e identificar los elementos que se pueden mejorar en&hellip;","_links":{"self":[{"href":"https:\/\/www.blmovil.com\/en\/wp-json\/wp\/v2\/pages\/9076","targetHints":{"allow":["GET"]}}],"collection":[{"href":"https:\/\/www.blmovil.com\/en\/wp-json\/wp\/v2\/pages"}],"about":[{"href":"https:\/\/www.blmovil.com\/en\/wp-json\/wp\/v2\/types\/page"}],"author":[{"embeddable":true,"href":"https:\/\/www.blmovil.com\/en\/wp-json\/wp\/v2\/users\/1"}],"replies":[{"embeddable":true,"href":"https:\/\/www.blmovil.com\/en\/wp-json\/wp\/v2\/comments?post=9076"}],"version-history":[{"count":5,"href":"https:\/\/www.blmovil.com\/en\/wp-json\/wp\/v2\/pages\/9076\/revisions"}],"predecessor-version":[{"id":10739,"href":"https:\/\/www.blmovil.com\/en\/wp-json\/wp\/v2\/pages\/9076\/revisions\/10739"}],"wp:attachment":[{"href":"https:\/\/www.blmovil.com\/en\/wp-json\/wp\/v2\/media?parent=9076"}],"curies":[{"name":"wp","href":"https:\/\/api.w.org\/{rel}","templated":true}]}}