{"id":9070,"date":"2020-09-26T16:02:22","date_gmt":"2020-09-26T21:02:22","guid":{"rendered":"https:\/\/www.blmovil.com\/?page_id=9070"},"modified":"2023-12-29T12:04:36","modified_gmt":"2023-12-29T18:04:36","slug":"testing-factory2","status":"publish","type":"page","link":"https:\/\/www.blmovil.com\/en\/testing-factory2\/","title":{"rendered":"TESTING FACTORY"},"content":{"rendered":"\n<figure class=\"wp-block-image\"><img decoding=\"async\" src=\"https:\/\/www.blmovil.com\/wp-content\/uploads\/sites\/3\/2020\/10\/testing-factorym.jpg\" alt=\"\"\/><\/figure>\n\n\n\n<h2 class=\"wp-block-heading\">Aseguramiento de la Calidad del Software<\/h2>\n\n\n\n<p class=\"has-text-align-justify\">Los servicios y soluciones que ofrece BLMovil a sus clientes para asegurar la calidad de sus desarrollos son los siguientes:<\/p>\n\n\n\n<ul class=\"wp-block-list\"><li>Calidad T\u00e9cnica<ul><li>Auditor\u00eda de C\u00f3digo<\/li><li>Deuda tecnol\u00f3gica<\/li><li>Mejores pr\u00e1cticas, seguridad, mantenibilidad, rendimiento<\/li><li>Relaciones entre elementos<\/li><li>Evaluaci\u00f3n de proveedores externos<\/li><li>Pruebas de rendimiento<\/li><\/ul><\/li><li>Calidad Funcional<ul><li>Automatizaci\u00f3n de pruebas<\/li><li>Factor\u00edas de pruebas<\/li><li>Soluciones de modernizaci\u00f3n y reingenier\u00eda<\/li><\/ul><\/li><li>Asessment TMMi<\/li><\/ul>\n\n\n\n<h2 class=\"wp-block-heading\">BLMOVIL Y LA CALIDAD<\/h2>\n\n\n\n<h2 class=\"wp-block-heading\">Modelo operativo<\/h2>\n\n\n\n<p class=\"has-text-align-justify\">Las pruebas se realizan dentro del proceso del desarrollo del Software Las pruebas las entendemos tambi\u00e9n como un proceso.<\/p>\n\n\n\n<p>El proceso de pruebas incluye las siguientes fases:<\/p>\n\n\n\n<ul class=\"wp-block-list\"><li>Planificaci\u00f3n y control<\/li><li>An\u00e1lisis y dise\u00f1o<\/li><li>Implementaci\u00f3n y ejecuci\u00f3n<\/li><li>Evaluaci\u00f3n y Documentaci\u00f3n<\/li><li>Cierre de Pruebas<\/li><\/ul>\n\n\n\n<h2 class=\"wp-block-heading\">Planificaci\u00f3n de las Pruebas<\/h2>\n\n\n\n<p>Comienza con el inicio del proceso de desarrollo.<\/p>\n\n\n\n<p>Las principales tareas son:<\/p>\n\n\n\n<ul class=\"wp-block-list\"><li>Determinar el alcance y los riesgos<\/li><li>Identificar los objetivos de las pruebas y los criterios de finalizaci\u00f3n<\/li><li>Seleccionar y priorizar las pruebas<\/li><li>Determinar las t\u00e9cnicas, cobertura, herramientas, entorno y equipos de prueba<\/li><li>Planificar actividades<\/li><li>Adquirir\/planificar los recursos\n<ul>\n<li>Personal<\/li>\n<li>Entorno y medios de apoyo<\/li>\n<li>Costo<\/li>\n<\/ul>\n<\/li><\/ul>\n\n\n\n<h2 class=\"wp-block-heading\">Control de las Pruebas<\/h2>\n\n\n\n<p class=\"has-text-align-justify\">Se compara el progreso real con el planificado. Incluye la toma de acciones necesarias para llevar a cabo la misi\u00f3n y alcanzar los objetivos del proyecto<\/p>\n\n\n\n<p class=\"has-text-align-justify\">Para ello, el proyecto de pruebas se monitoriza a lo largo de toda su vida. Como ejemplo de m\u00e9tricas tenemos:<\/p>\n\n\n\n<ul class=\"wp-block-list\"><li>% del trabajo realizado en preparar casos de prueba<\/li><li>% de trabajo hecho en la preparaci\u00f3n del entorno<\/li><li>% Ejecuci\u00f3n de casos<\/li><li>Informaci\u00f3n de defectos<\/li><li>Cobertura de requisitos, riesgos o c\u00f3digo<\/li><li>Confianza subjetiva de los probadores en el producto<\/li><li>Fechas de los hitos de prueba<\/li><li>Costes de las pruebas<\/li><\/ul>\n\n\n\n<p>Las principales tareas que realizamos son:<\/p>\n\n\n\n<ul class=\"wp-block-list\"><li>Toma de decisiones basadas en la informaci\u00f3n que proporciona la monitorizaci\u00f3n de las pruebas<\/li><li>Repriorizar las pruebas cuando aparece un riesgo identificado<\/li><li>Cambiar la planificaci\u00f3n seg\u00fan las disponibilidad del entorno<\/li><\/ul>\n\n\n\n<h2 class=\"wp-block-heading\">An\u00e1lisis y Dise\u00f1o de las Pruebas<\/h2>\n\n\n\n<p class=\"has-text-align-justify\">Se analiza la documentaci\u00f3n en base a la que se van a generar los casos de prueba. Se eval\u00faa la capacidad de los objetos a ser probados. Se dise\u00f1a y prioriza los casos de prueba l\u00f3gicos, en base a los m\u00e9todos establecidos en la estrategia de pruebas. Se identifican los datos de prueba. A menudo son necesarios datos \u201can\u00f3nimos\u201d por temas de Privacidad de la Informaci\u00f3n. Se establecen las condiciones marco. Se dise\u00f1a\/adapta el entorno de pruebas y se identifica la infraestructura necesaria y se define la operaci\u00f3n del entorno de prueba, incluyendo la administraci\u00f3n de los usuarios.<\/p>\n\n\n\n<h2 class=\"wp-block-heading\">Implementaci\u00f3n de las pruebas<\/h2>\n\n\n\n<p class=\"has-text-align-justify\">Se desarrollan, implementan y priorizan los casos de prueba. Si es necesario se desarrollan scripts de pruebas automatizadas.<\/p>\n\n\n\n<p class=\"has-text-align-justify\">Se crean secuencias de prueba para mejorar la eficiencia de la ejecuci\u00f3n.<\/p>\n\n\n\n<p class=\"has-text-align-justify\">Se implementan controladores de las pruebas y se configura y verifica el entorno de pruebas, se instalan las herramientas y se integran los datos de prueba.<\/p>\n\n\n\n<h2 class=\"wp-block-heading\">Ejecuci\u00f3n de las Pruebas<\/h2>\n\n\n\n<p class=\"has-text-align-justify\">Se ejecutan los casos\/secuencias de prueba. Con ellos se registran y analizan los resultados de (objeto de la prueba, tester, datos de prueba, resutado)<\/p>\n\n\n\n<p class=\"has-text-align-justify\">Con esto se comparan los resultados obtenidos con los esperados y se informa sobre las discrepancias, se analizan y se establece su origen (error en c\u00f3digo, en los datos de prueba, en el caso de prueba, en la forma de ejecutar la prueba,\u2026)<\/p>\n\n\n\n<p class=\"has-text-align-justify\">Finalmente se repiten las acciones de prueba seg\u00fan la acci\u00f3n que se lleve a cabo para cada discrepancia.<\/p>\n\n\n\n<h2 class=\"wp-block-heading\">Evaluaci\u00f3n y Documentaci\u00f3n de las Pruebas<\/h2>\n\n\n\n<p class=\"has-text-align-justify\">Si no se cumplen los criterios, habr\u00e1 que comprobar si realmente es posible cumplirlos o si se necesita adaptar la planificaci\u00f3n de las pruebas.<\/p>\n\n\n\n<p class=\"has-text-align-justify\">Con los errores encontrados se genera un nuevo ciclo de pruebas, empezando por la especificaci\u00f3n de los casos de prueba.<\/p>\n\n\n\n<p class=\"has-text-align-justify\">Se proporciona informaci\u00f3n suficiente para ayudar a la decisi\u00f3n de si se ha de continuar o no con las pruebas y se genera un informa final de las pruebas dirigido a las \u00e1reas afectadas.<\/p>\n\n\n\n<h2 class=\"wp-block-heading\">Actividades de cierre<\/h2>\n\n\n\n<p class=\"has-text-align-justify\">Se recogen los datos de las actividades de prueba completadas para consolidar la experiencia. Se cierran los informes de incidencias o apertura de solicitudes de cambio para todos los puntos que sigan abiertos. Se comprueba que los entregables se hayan entregado efectivamente. Se documenta la aceptaci\u00f3n del sistema, se archivan las pruebas, el entorno de pruebas y la infraestructura de pruebas para su posterior reutilizaci\u00f3n.<\/p>\n\n\n\n<p class=\"has-text-align-justify\">Finalmente para cerrar se hace un an\u00e1lisis de las lecciones aprendidas para futuros proyectos.<\/p>\n\n\n\n<p>Ll\u00e1manos y agenda una cita<\/p>\n\n\n\n<p><a role=\"button\" href=\"https:\/\/www.blmovil.com\/contacto\"><br>Cont\u00e1ctanos<br><\/a><\/p>\n","protected":false},"excerpt":{"rendered":"excerpt","protected":false},"author":1,"featured_media":0,"parent":0,"menu_order":0,"comment_status":"closed","ping_status":"closed","template":"","meta":{"_acf_changed":false,"_uag_custom_page_level_css":"","_trash_the_other_posts":false,"_editorskit_title_hidden":false,"_editorskit_reading_time":3,"_editorskit_is_block_options_detached":false,"_editorskit_block_options_position":"{}","site-sidebar-layout":"default","site-content-layout":"","ast-site-content-layout":"default","site-content-style":"default","site-sidebar-style":"default","ast-global-header-display":"","ast-banner-title-visibility":"","ast-main-header-display":"","ast-hfb-above-header-display":"","ast-hfb-below-header-display":"","ast-hfb-mobile-header-display":"","site-post-title":"","ast-breadcrumbs-content":"","ast-featured-img":"","footer-sml-layout":"","ast-disable-related-posts":"","theme-transparent-header-meta":"","adv-header-id-meta":"","stick-header-meta":"","header-above-stick-meta":"","header-main-stick-meta":"","header-below-stick-meta":"","astra-migrate-meta-layouts":"default","ast-page-background-enabled":"default","ast-page-background-meta":{"desktop":{"background-color":"var(--ast-global-color-4)","background-image":"","background-repeat":"repeat","background-position":"center center","background-size":"auto","background-attachment":"scroll","background-type":"","background-media":"","overlay-type":"","overlay-color":"","overlay-opacity":"","overlay-gradient":""},"tablet":{"background-color":"","background-image":"","background-repeat":"repeat","background-position":"center center","background-size":"auto","background-attachment":"scroll","background-type":"","background-media":"","overlay-type":"","overlay-color":"","overlay-opacity":"","overlay-gradient":""},"mobile":{"background-color":"","background-image":"","background-repeat":"repeat","background-position":"center center","background-size":"auto","background-attachment":"scroll","background-type":"","background-media":"","overlay-type":"","overlay-color":"","overlay-opacity":"","overlay-gradient":""}},"ast-content-background-meta":{"desktop":{"background-color":"var(--ast-global-color-5)","background-image":"","background-repeat":"repeat","background-position":"center center","background-size":"auto","background-attachment":"scroll","background-type":"","background-media":"","overlay-type":"","overlay-color":"","overlay-opacity":"","overlay-gradient":""},"tablet":{"background-color":"var(--ast-global-color-5)","background-image":"","background-repeat":"repeat","background-position":"center center","background-size":"auto","background-attachment":"scroll","background-type":"","background-media":"","overlay-type":"","overlay-color":"","overlay-opacity":"","overlay-gradient":""},"mobile":{"background-color":"var(--ast-global-color-5)","background-image":"","background-repeat":"repeat","background-position":"center center","background-size":"auto","background-attachment":"scroll","background-type":"","background-media":"","overlay-type":"","overlay-color":"","overlay-opacity":"","overlay-gradient":""}},"episode_type":"","audio_file":"","podmotor_file_id":"","podmotor_episode_id":"","cover_image":"","cover_image_id":"","duration":"","filesize":"","filesize_raw":"","date_recorded":"","explicit":"","block":"","itunes_episode_number":"","itunes_title":"","itunes_season_number":"","itunes_episode_type":"","footnotes":""},"class_list":["post-9070","page","type-page","status-publish","hentry"],"acf":[],"yoast_head":"<!-- This site is optimized with the Yoast SEO plugin v27.3 - https:\/\/yoast.com\/product\/yoast-seo-wordpress\/ -->\n<title>TESTING FACTORY - BLMovil<\/title>\n<meta name=\"description\" content=\"BLMovil dispone de un servicio de testing factory, que permite mejorar la calidad de las aplicaciones, tanto en el \u00e1rea funcional, como t\u00e9cnica y de seguridad de las aplicaciones.\" \/>\n<meta name=\"robots\" content=\"index, follow, max-snippet:-1, max-image-preview:large, max-video-preview:-1\" \/>\n<link rel=\"canonical\" href=\"https:\/\/www.blmovil.com\/en\/testing-factory2\/\" \/>\n<meta property=\"og:locale\" content=\"en_US\" \/>\n<meta property=\"og:type\" content=\"article\" \/>\n<meta property=\"og:title\" content=\"TESTING FACTORY - BLMovil\" \/>\n<meta property=\"og:description\" content=\"BLMovil dispone de un servicio de testing factory, que permite mejorar la calidad de las aplicaciones, tanto en el \u00e1rea funcional, como t\u00e9cnica y de seguridad de las aplicaciones.\" \/>\n<meta property=\"og:url\" content=\"https:\/\/www.blmovil.com\/en\/testing-factory2\/\" \/>\n<meta property=\"og:site_name\" content=\"BLMovil\" \/>\n<meta property=\"article:publisher\" content=\"https:\/\/www.facebook.com\/BLMovil\" \/>\n<meta property=\"article:modified_time\" content=\"2023-12-29T18:04:36+00:00\" \/>\n<meta property=\"og:image\" content=\"https:\/\/www.blmovil.com\/wp-content\/uploads\/sites\/3\/2020\/10\/testing-factorym.jpg\" \/>\n<meta name=\"twitter:card\" content=\"summary_large_image\" \/>\n<meta name=\"twitter:label1\" content=\"Est. reading time\" \/>\n\t<meta name=\"twitter:data1\" content=\"4 minutes\" \/>\n<script type=\"application\/ld+json\" class=\"yoast-schema-graph\">{\"@context\":\"https:\\\/\\\/schema.org\",\"@graph\":[{\"@type\":\"WebPage\",\"@id\":\"https:\\\/\\\/www.blmovil.com\\\/en\\\/testing-factory2\\\/\",\"url\":\"https:\\\/\\\/www.blmovil.com\\\/en\\\/testing-factory2\\\/\",\"name\":\"TESTING FACTORY - BLMovil\",\"isPartOf\":{\"@id\":\"https:\\\/\\\/www.blmovil.com\\\/en\\\/#website\"},\"primaryImageOfPage\":{\"@id\":\"https:\\\/\\\/www.blmovil.com\\\/en\\\/testing-factory2\\\/#primaryimage\"},\"image\":{\"@id\":\"https:\\\/\\\/www.blmovil.com\\\/en\\\/testing-factory2\\\/#primaryimage\"},\"thumbnailUrl\":\"https:\\\/\\\/www.blmovil.com\\\/wp-content\\\/uploads\\\/sites\\\/3\\\/2020\\\/10\\\/testing-factorym.jpg\",\"datePublished\":\"2020-09-26T21:02:22+00:00\",\"dateModified\":\"2023-12-29T18:04:36+00:00\",\"description\":\"BLMovil dispone de un servicio de testing factory, que permite mejorar la calidad de las aplicaciones, tanto en el \u00e1rea funcional, como t\u00e9cnica y de seguridad de las aplicaciones.\",\"breadcrumb\":{\"@id\":\"https:\\\/\\\/www.blmovil.com\\\/en\\\/testing-factory2\\\/#breadcrumb\"},\"inLanguage\":\"en-US\",\"potentialAction\":[{\"@type\":\"ReadAction\",\"target\":[\"https:\\\/\\\/www.blmovil.com\\\/en\\\/testing-factory2\\\/\"]}]},{\"@type\":\"ImageObject\",\"inLanguage\":\"en-US\",\"@id\":\"https:\\\/\\\/www.blmovil.com\\\/en\\\/testing-factory2\\\/#primaryimage\",\"url\":\"https:\\\/\\\/www.blmovil.com\\\/wp-content\\\/uploads\\\/sites\\\/3\\\/2020\\\/10\\\/testing-factorym.jpg\",\"contentUrl\":\"https:\\\/\\\/www.blmovil.com\\\/wp-content\\\/uploads\\\/sites\\\/3\\\/2020\\\/10\\\/testing-factorym.jpg\"},{\"@type\":\"BreadcrumbList\",\"@id\":\"https:\\\/\\\/www.blmovil.com\\\/en\\\/testing-factory2\\\/#breadcrumb\",\"itemListElement\":[{\"@type\":\"ListItem\",\"position\":1,\"name\":\"Inicio\",\"item\":\"https:\\\/\\\/www.blmovil.com\\\/en\\\/\"},{\"@type\":\"ListItem\",\"position\":2,\"name\":\"TESTING FACTORY\"}]},{\"@type\":\"WebSite\",\"@id\":\"https:\\\/\\\/www.blmovil.com\\\/en\\\/#website\",\"url\":\"https:\\\/\\\/www.blmovil.com\\\/en\\\/\",\"name\":\"BLMovil\",\"description\":\"Si tienes una idea nosotros te la desarrollamos\",\"publisher\":{\"@id\":\"https:\\\/\\\/www.blmovil.com\\\/en\\\/#organization\"},\"potentialAction\":[{\"@type\":\"SearchAction\",\"target\":{\"@type\":\"EntryPoint\",\"urlTemplate\":\"https:\\\/\\\/www.blmovil.com\\\/en\\\/?s={search_term_string}\"},\"query-input\":{\"@type\":\"PropertyValueSpecification\",\"valueRequired\":true,\"valueName\":\"search_term_string\"}}],\"inLanguage\":\"en-US\"},{\"@type\":\"Organization\",\"@id\":\"https:\\\/\\\/www.blmovil.com\\\/en\\\/#organization\",\"name\":\"BLMovil\",\"url\":\"https:\\\/\\\/www.blmovil.com\\\/en\\\/\",\"logo\":{\"@type\":\"ImageObject\",\"inLanguage\":\"en-US\",\"@id\":\"https:\\\/\\\/www.blmovil.com\\\/en\\\/#\\\/schema\\\/logo\\\/image\\\/\",\"url\":\"https:\\\/\\\/www.blmovil.com\\\/wp-content\\\/uploads\\\/sites\\\/3\\\/2019\\\/10\\\/favicon.png\",\"contentUrl\":\"https:\\\/\\\/www.blmovil.com\\\/wp-content\\\/uploads\\\/sites\\\/3\\\/2019\\\/10\\\/favicon.png\",\"width\":128,\"height\":128,\"caption\":\"BLMovil\"},\"image\":{\"@id\":\"https:\\\/\\\/www.blmovil.com\\\/en\\\/#\\\/schema\\\/logo\\\/image\\\/\"},\"sameAs\":[\"https:\\\/\\\/www.facebook.com\\\/BLMovil\"]}]}<\/script>\n<!-- \/ Yoast SEO plugin. -->","yoast_head_json":{"title":"TESTING FACTORY - BLMovil","description":"BLMovil dispone de un servicio de testing factory, que permite mejorar la calidad de las aplicaciones, tanto en el \u00e1rea funcional, como t\u00e9cnica y de seguridad de las aplicaciones.","robots":{"index":"index","follow":"follow","max-snippet":"max-snippet:-1","max-image-preview":"max-image-preview:large","max-video-preview":"max-video-preview:-1"},"canonical":"https:\/\/www.blmovil.com\/en\/testing-factory2\/","og_locale":"en_US","og_type":"article","og_title":"TESTING FACTORY - BLMovil","og_description":"BLMovil dispone de un servicio de testing factory, que permite mejorar la calidad de las aplicaciones, tanto en el \u00e1rea funcional, como t\u00e9cnica y de seguridad de las aplicaciones.","og_url":"https:\/\/www.blmovil.com\/en\/testing-factory2\/","og_site_name":"BLMovil","article_publisher":"https:\/\/www.facebook.com\/BLMovil","article_modified_time":"2023-12-29T18:04:36+00:00","og_image":[{"url":"https:\/\/www.blmovil.com\/wp-content\/uploads\/sites\/3\/2020\/10\/testing-factorym.jpg","type":"","width":"","height":""}],"twitter_card":"summary_large_image","twitter_misc":{"Est. reading time":"4 minutes"},"schema":{"@context":"https:\/\/schema.org","@graph":[{"@type":"WebPage","@id":"https:\/\/www.blmovil.com\/en\/testing-factory2\/","url":"https:\/\/www.blmovil.com\/en\/testing-factory2\/","name":"TESTING FACTORY - BLMovil","isPartOf":{"@id":"https:\/\/www.blmovil.com\/en\/#website"},"primaryImageOfPage":{"@id":"https:\/\/www.blmovil.com\/en\/testing-factory2\/#primaryimage"},"image":{"@id":"https:\/\/www.blmovil.com\/en\/testing-factory2\/#primaryimage"},"thumbnailUrl":"https:\/\/www.blmovil.com\/wp-content\/uploads\/sites\/3\/2020\/10\/testing-factorym.jpg","datePublished":"2020-09-26T21:02:22+00:00","dateModified":"2023-12-29T18:04:36+00:00","description":"BLMovil dispone de un servicio de testing factory, que permite mejorar la calidad de las aplicaciones, tanto en el \u00e1rea funcional, como t\u00e9cnica y de seguridad de las aplicaciones.","breadcrumb":{"@id":"https:\/\/www.blmovil.com\/en\/testing-factory2\/#breadcrumb"},"inLanguage":"en-US","potentialAction":[{"@type":"ReadAction","target":["https:\/\/www.blmovil.com\/en\/testing-factory2\/"]}]},{"@type":"ImageObject","inLanguage":"en-US","@id":"https:\/\/www.blmovil.com\/en\/testing-factory2\/#primaryimage","url":"https:\/\/www.blmovil.com\/wp-content\/uploads\/sites\/3\/2020\/10\/testing-factorym.jpg","contentUrl":"https:\/\/www.blmovil.com\/wp-content\/uploads\/sites\/3\/2020\/10\/testing-factorym.jpg"},{"@type":"BreadcrumbList","@id":"https:\/\/www.blmovil.com\/en\/testing-factory2\/#breadcrumb","itemListElement":[{"@type":"ListItem","position":1,"name":"Inicio","item":"https:\/\/www.blmovil.com\/en\/"},{"@type":"ListItem","position":2,"name":"TESTING FACTORY"}]},{"@type":"WebSite","@id":"https:\/\/www.blmovil.com\/en\/#website","url":"https:\/\/www.blmovil.com\/en\/","name":"BLMovil","description":"Si tienes una idea nosotros te la desarrollamos","publisher":{"@id":"https:\/\/www.blmovil.com\/en\/#organization"},"potentialAction":[{"@type":"SearchAction","target":{"@type":"EntryPoint","urlTemplate":"https:\/\/www.blmovil.com\/en\/?s={search_term_string}"},"query-input":{"@type":"PropertyValueSpecification","valueRequired":true,"valueName":"search_term_string"}}],"inLanguage":"en-US"},{"@type":"Organization","@id":"https:\/\/www.blmovil.com\/en\/#organization","name":"BLMovil","url":"https:\/\/www.blmovil.com\/en\/","logo":{"@type":"ImageObject","inLanguage":"en-US","@id":"https:\/\/www.blmovil.com\/en\/#\/schema\/logo\/image\/","url":"https:\/\/www.blmovil.com\/wp-content\/uploads\/sites\/3\/2019\/10\/favicon.png","contentUrl":"https:\/\/www.blmovil.com\/wp-content\/uploads\/sites\/3\/2019\/10\/favicon.png","width":128,"height":128,"caption":"BLMovil"},"image":{"@id":"https:\/\/www.blmovil.com\/en\/#\/schema\/logo\/image\/"},"sameAs":["https:\/\/www.facebook.com\/BLMovil"]}]}},"featured_image_src":null,"featured_image_src_square":null,"uagb_featured_image_src":{"full":false,"thumbnail":false,"medium":false,"medium_large":false,"large":false,"course_archive_thumbnail":false,"course_single_thumbnail":false,"lesson_archive_thumbnail":false,"lesson_single_thumbnail":false,"1536x1536":false,"2048x2048":false,"gb-block-post-grid-landscape":false,"gb-block-post-grid-square":false,"woocommerce_thumbnail":false,"woocommerce_single":false,"woocommerce_gallery_thumbnail":false,"awb_sm":false,"awb_md":false,"awb_lg":false,"awb_xl":false},"uagb_author_info":{"display_name":"Jorge Bernal","author_link":"https:\/\/www.blmovil.com\/en\/author\/hovait\/"},"uagb_comment_info":0,"uagb_excerpt":"Aseguramiento de la Calidad del Software Los servicios y soluciones que ofrece BLMovil a sus clientes para asegurar la calidad de sus desarrollos son los siguientes: Calidad T\u00e9cnica Auditor\u00eda de C\u00f3digo Deuda tecnol\u00f3gica Mejores pr\u00e1cticas, seguridad, mantenibilidad, rendimiento Relaciones entre elementos Evaluaci\u00f3n de proveedores externos Pruebas de rendimiento Calidad Funcional Automatizaci\u00f3n de pruebas Factor\u00edas de&hellip;","_links":{"self":[{"href":"https:\/\/www.blmovil.com\/en\/wp-json\/wp\/v2\/pages\/9070","targetHints":{"allow":["GET"]}}],"collection":[{"href":"https:\/\/www.blmovil.com\/en\/wp-json\/wp\/v2\/pages"}],"about":[{"href":"https:\/\/www.blmovil.com\/en\/wp-json\/wp\/v2\/types\/page"}],"author":[{"embeddable":true,"href":"https:\/\/www.blmovil.com\/en\/wp-json\/wp\/v2\/users\/1"}],"replies":[{"embeddable":true,"href":"https:\/\/www.blmovil.com\/en\/wp-json\/wp\/v2\/comments?post=9070"}],"version-history":[{"count":4,"href":"https:\/\/www.blmovil.com\/en\/wp-json\/wp\/v2\/pages\/9070\/revisions"}],"predecessor-version":[{"id":10730,"href":"https:\/\/www.blmovil.com\/en\/wp-json\/wp\/v2\/pages\/9070\/revisions\/10730"}],"wp:attachment":[{"href":"https:\/\/www.blmovil.com\/en\/wp-json\/wp\/v2\/media?parent=9070"}],"curies":[{"name":"wp","href":"https:\/\/api.w.org\/{rel}","templated":true}]}}