{"id":9028,"date":"2020-09-25T22:38:40","date_gmt":"2020-09-26T03:38:40","guid":{"rendered":"https:\/\/www.blmovil.com\/?page_id=9028"},"modified":"2022-06-06T10:31:18","modified_gmt":"2022-06-06T15:31:18","slug":"blmonboarding","status":"publish","type":"page","link":"https:\/\/www.blmovil.com\/en\/blmonboarding\/","title":{"rendered":"BLMONBOARDING"},"content":{"rendered":"<p><img decoding=\"async\" width=\"1024\" height=\"327\" src=\"https:\/\/www.blmovil.com\/wp-content\/uploads\/sites\/3\/2020\/10\/Blm-borading-1024x327.jpg\" alt=\"\" loading=\"lazy\"><\/p>\n<h2>Este sistema integra la soluci\u00f3n de Gesti\u00f3n del Capital Humano y la de B-Learning, de forma que cuando se vaya a contratar a una persona en la empresa, el futuro empleado se pueda certificar en los conocimientos que necesite su puesto antes de entrar en la empresa, generando ahorros a la empresa en la capacitaci\u00f3n on-site del empleado y permite que se pueda seleccionar a los mejores empleados seg\u00fan sus calificaciones.<\/h2>\n<p><strong>BLMOnBoarding es un m\u00f3dulo adicional a BLMHRM. Las funcionalidades del producto son las siguientes:<\/strong><\/p>\n<ol>\n<li>Por cada candidatos a un puesto en el m\u00f3dulo de reclutamiento, se genera un usuario en el sistema de BLearningMovil<\/li>\n<li>Se le asigna al curso o cursos correspondientes al puesto asignado al candidato y se le env\u00eda un email con los datos de acceso<\/li>\n<li>El usuario realiza los cursos correspondientes y las calificaciones obtenidas en los cursos son exportadas a la ficha del candidato.<\/li>\n<\/ol>\n<p><strong>Esto posibilita que en el proceso de reclutamiento se obtengan los siguientes beneficios<\/strong><\/p>\n<ol>\n<li>Ahorro de costos en la capacitaci\u00f3n del candidato, en las aulas, profesores, vi\u00e1ticos, etc.<\/li>\n<li>Posibilidad de seleccionar a los empleados con mejores puntuaciones<\/li>\n<li>Capacitaci\u00f3n del empleado antes de entrar en el puesto de trabajo, con lo que es operativo desde el d\u00eda 1<\/li>\n<li>Menor rotaci\u00f3n del personal reci\u00e9n incorporado, porque ya conocen sus funciones desde el primer d\u00eda<\/li>\n<li>Permite que los candidatos se puedan capacitar desde cualquier sitio y en cualquier momento<\/li>\n<\/ol>\n<p>Ll\u00e1manos y agenda una cita<\/p>\n<p><a href=\"https:\/\/www.blmovil.com\/contacto\/\" role=\"button\"><br \/>\nCont\u00e1ctanos<br \/>\n<\/a><\/p>\n","protected":false},"excerpt":{"rendered":"excerpt","protected":false},"author":1,"featured_media":0,"parent":0,"menu_order":0,"comment_status":"closed","ping_status":"closed","template":"","meta":{"_acf_changed":false,"_uag_custom_page_level_css":"","_trash_the_other_posts":false,"_editorskit_title_hidden":false,"_editorskit_reading_time":1,"_editorskit_is_block_options_detached":false,"_editorskit_block_options_position":"{}","site-sidebar-layout":"default","site-content-layout":"","ast-site-content-layout":"default","site-content-style":"default","site-sidebar-style":"default","ast-global-header-display":"","ast-banner-title-visibility":"","ast-main-header-display":"","ast-hfb-above-header-display":"","ast-hfb-below-header-display":"","ast-hfb-mobile-header-display":"","site-post-title":"","ast-breadcrumbs-content":"","ast-featured-img":"","footer-sml-layout":"","ast-disable-related-posts":"","theme-transparent-header-meta":"","adv-header-id-meta":"","stick-header-meta":"","header-above-stick-meta":"","header-main-stick-meta":"","header-below-stick-meta":"","astra-migrate-meta-layouts":"default","ast-page-background-enabled":"default","ast-page-background-meta":{"desktop":{"background-color":"var(--ast-global-color-4)","background-image":"","background-repeat":"repeat","background-position":"center center","background-size":"auto","background-attachment":"scroll","background-type":"","background-media":"","overlay-type":"","overlay-color":"","overlay-opacity":"","overlay-gradient":""},"tablet":{"background-color":"","background-image":"","background-repeat":"repeat","background-position":"center center","background-size":"auto","background-attachment":"scroll","background-type":"","background-media":"","overlay-type":"","overlay-color":"","overlay-opacity":"","overlay-gradient":""},"mobile":{"background-color":"","background-image":"","background-repeat":"repeat","background-position":"center center","background-size":"auto","background-attachment":"scroll","background-type":"","background-media":"","overlay-type":"","overlay-color":"","overlay-opacity":"","overlay-gradient":""}},"ast-content-background-meta":{"desktop":{"background-color":"var(--ast-global-color-5)","background-image":"","background-repeat":"repeat","background-position":"center center","background-size":"auto","background-attachment":"scroll","background-type":"","background-media":"","overlay-type":"","overlay-color":"","overlay-opacity":"","overlay-gradient":""},"tablet":{"background-color":"var(--ast-global-color-5)","background-image":"","background-repeat":"repeat","background-position":"center center","background-size":"auto","background-attachment":"scroll","background-type":"","background-media":"","overlay-type":"","overlay-color":"","overlay-opacity":"","overlay-gradient":""},"mobile":{"background-color":"var(--ast-global-color-5)","background-image":"","background-repeat":"repeat","background-position":"center center","background-size":"auto","background-attachment":"scroll","background-type":"","background-media":"","overlay-type":"","overlay-color":"","overlay-opacity":"","overlay-gradient":""}},"episode_type":"","audio_file":"","podmotor_file_id":"","podmotor_episode_id":"","cover_image":"","cover_image_id":"","duration":"","filesize":"","filesize_raw":"","date_recorded":"","explicit":"","block":"","itunes_episode_number":"","itunes_title":"","itunes_season_number":"","itunes_episode_type":"","footnotes":""},"class_list":["post-9028","page","type-page","status-publish","hentry"],"acf":[],"yoast_head":"<!-- This site is optimized with the Yoast SEO plugin v27.1.1 - https:\/\/yoast.com\/product\/yoast-seo-wordpress\/ -->\n<title>BLMONBOARDING - BLMovil<\/title>\n<meta name=\"description\" content=\"Este sistema integra la soluci\u00f3n de Gesti\u00f3n del Capital Humano y la de B-Learning, de forma que cuando se vaya a contratar a una persona en la empresa, el futuro empleado se pueda certificar en los conocimientos que necesite su puesto\" \/>\n<meta name=\"robots\" content=\"index, follow, max-snippet:-1, max-image-preview:large, max-video-preview:-1\" \/>\n<link rel=\"canonical\" href=\"https:\/\/www.blmovil.com\/en\/blmonboarding\/\" \/>\n<meta property=\"og:locale\" content=\"en_US\" \/>\n<meta property=\"og:type\" content=\"article\" \/>\n<meta property=\"og:title\" content=\"BLMONBOARDING - BLMovil\" \/>\n<meta property=\"og:description\" content=\"Este sistema integra la soluci\u00f3n de Gesti\u00f3n del Capital Humano y la de B-Learning, de forma que cuando se vaya a contratar a una persona en la empresa, el futuro empleado se pueda certificar en los conocimientos que necesite su puesto\" \/>\n<meta property=\"og:url\" content=\"https:\/\/www.blmovil.com\/en\/blmonboarding\/\" \/>\n<meta property=\"og:site_name\" content=\"BLMovil\" \/>\n<meta property=\"article:publisher\" content=\"https:\/\/www.facebook.com\/BLMovil\" \/>\n<meta property=\"article:modified_time\" content=\"2022-06-06T15:31:18+00:00\" \/>\n<meta property=\"og:image\" content=\"https:\/\/www.blmovil.com\/wp-content\/uploads\/sites\/3\/2020\/10\/Blm-borading-1024x327.jpg\" \/>\n<meta name=\"twitter:card\" content=\"summary_large_image\" \/>\n<meta name=\"twitter:label1\" content=\"Est. reading time\" \/>\n\t<meta name=\"twitter:data1\" content=\"2 minutes\" \/>\n<script type=\"application\/ld+json\" class=\"yoast-schema-graph\">{\"@context\":\"https:\/\/schema.org\",\"@graph\":[{\"@type\":\"WebPage\",\"@id\":\"https:\/\/www.blmovil.com\/en\/blmonboarding\/\",\"url\":\"https:\/\/www.blmovil.com\/en\/blmonboarding\/\",\"name\":\"BLMONBOARDING - BLMovil\",\"isPartOf\":{\"@id\":\"https:\/\/www.blmovil.com\/en\/#website\"},\"primaryImageOfPage\":{\"@id\":\"https:\/\/www.blmovil.com\/en\/blmonboarding\/#primaryimage\"},\"image\":{\"@id\":\"https:\/\/www.blmovil.com\/en\/blmonboarding\/#primaryimage\"},\"thumbnailUrl\":\"https:\/\/www.blmovil.com\/wp-content\/uploads\/sites\/3\/2020\/10\/Blm-borading-1024x327.jpg\",\"datePublished\":\"2020-09-26T03:38:40+00:00\",\"dateModified\":\"2022-06-06T15:31:18+00:00\",\"description\":\"Este sistema integra la soluci\u00f3n de Gesti\u00f3n del Capital Humano y la de B-Learning, de forma que cuando se vaya a contratar a una persona en la empresa, el futuro empleado se pueda certificar en los conocimientos que necesite su puesto\",\"breadcrumb\":{\"@id\":\"https:\/\/www.blmovil.com\/en\/blmonboarding\/#breadcrumb\"},\"inLanguage\":\"en-US\",\"potentialAction\":[{\"@type\":\"ReadAction\",\"target\":[\"https:\/\/www.blmovil.com\/en\/blmonboarding\/\"]}]},{\"@type\":\"ImageObject\",\"inLanguage\":\"en-US\",\"@id\":\"https:\/\/www.blmovil.com\/en\/blmonboarding\/#primaryimage\",\"url\":\"https:\/\/www.blmovil.com\/wp-content\/uploads\/sites\/3\/2020\/10\/Blm-borading-1024x327.jpg\",\"contentUrl\":\"https:\/\/www.blmovil.com\/wp-content\/uploads\/sites\/3\/2020\/10\/Blm-borading-1024x327.jpg\"},{\"@type\":\"BreadcrumbList\",\"@id\":\"https:\/\/www.blmovil.com\/en\/blmonboarding\/#breadcrumb\",\"itemListElement\":[{\"@type\":\"ListItem\",\"position\":1,\"name\":\"Inicio\",\"item\":\"https:\/\/www.blmovil.com\/en\/\"},{\"@type\":\"ListItem\",\"position\":2,\"name\":\"BLMONBOARDING\"}]},{\"@type\":\"WebSite\",\"@id\":\"https:\/\/www.blmovil.com\/en\/#website\",\"url\":\"https:\/\/www.blmovil.com\/en\/\",\"name\":\"BLMovil\",\"description\":\"Si tienes una idea nosotros te la desarrollamos\",\"publisher\":{\"@id\":\"https:\/\/www.blmovil.com\/en\/#organization\"},\"potentialAction\":[{\"@type\":\"SearchAction\",\"target\":{\"@type\":\"EntryPoint\",\"urlTemplate\":\"https:\/\/www.blmovil.com\/en\/?s={search_term_string}\"},\"query-input\":{\"@type\":\"PropertyValueSpecification\",\"valueRequired\":true,\"valueName\":\"search_term_string\"}}],\"inLanguage\":\"en-US\"},{\"@type\":\"Organization\",\"@id\":\"https:\/\/www.blmovil.com\/en\/#organization\",\"name\":\"BLMovil\",\"url\":\"https:\/\/www.blmovil.com\/en\/\",\"logo\":{\"@type\":\"ImageObject\",\"inLanguage\":\"en-US\",\"@id\":\"https:\/\/www.blmovil.com\/en\/#\/schema\/logo\/image\/\",\"url\":\"https:\/\/www.blmovil.com\/wp-content\/uploads\/sites\/3\/2019\/10\/favicon.png\",\"contentUrl\":\"https:\/\/www.blmovil.com\/wp-content\/uploads\/sites\/3\/2019\/10\/favicon.png\",\"width\":128,\"height\":128,\"caption\":\"BLMovil\"},\"image\":{\"@id\":\"https:\/\/www.blmovil.com\/en\/#\/schema\/logo\/image\/\"},\"sameAs\":[\"https:\/\/www.facebook.com\/BLMovil\"]}]}<\/script>\n<!-- \/ Yoast SEO plugin. -->","yoast_head_json":{"title":"BLMONBOARDING - BLMovil","description":"Este sistema integra la soluci\u00f3n de Gesti\u00f3n del Capital Humano y la de B-Learning, de forma que cuando se vaya a contratar a una persona en la empresa, el futuro empleado se pueda certificar en los conocimientos que necesite su puesto","robots":{"index":"index","follow":"follow","max-snippet":"max-snippet:-1","max-image-preview":"max-image-preview:large","max-video-preview":"max-video-preview:-1"},"canonical":"https:\/\/www.blmovil.com\/en\/blmonboarding\/","og_locale":"en_US","og_type":"article","og_title":"BLMONBOARDING - BLMovil","og_description":"Este sistema integra la soluci\u00f3n de Gesti\u00f3n del Capital Humano y la de B-Learning, de forma que cuando se vaya a contratar a una persona en la empresa, el futuro empleado se pueda certificar en los conocimientos que necesite su puesto","og_url":"https:\/\/www.blmovil.com\/en\/blmonboarding\/","og_site_name":"BLMovil","article_publisher":"https:\/\/www.facebook.com\/BLMovil","article_modified_time":"2022-06-06T15:31:18+00:00","og_image":[{"url":"https:\/\/www.blmovil.com\/wp-content\/uploads\/sites\/3\/2020\/10\/Blm-borading-1024x327.jpg","type":"","width":"","height":""}],"twitter_card":"summary_large_image","twitter_misc":{"Est. reading time":"2 minutes"},"schema":{"@context":"https:\/\/schema.org","@graph":[{"@type":"WebPage","@id":"https:\/\/www.blmovil.com\/en\/blmonboarding\/","url":"https:\/\/www.blmovil.com\/en\/blmonboarding\/","name":"BLMONBOARDING - BLMovil","isPartOf":{"@id":"https:\/\/www.blmovil.com\/en\/#website"},"primaryImageOfPage":{"@id":"https:\/\/www.blmovil.com\/en\/blmonboarding\/#primaryimage"},"image":{"@id":"https:\/\/www.blmovil.com\/en\/blmonboarding\/#primaryimage"},"thumbnailUrl":"https:\/\/www.blmovil.com\/wp-content\/uploads\/sites\/3\/2020\/10\/Blm-borading-1024x327.jpg","datePublished":"2020-09-26T03:38:40+00:00","dateModified":"2022-06-06T15:31:18+00:00","description":"Este sistema integra la soluci\u00f3n de Gesti\u00f3n del Capital Humano y la de B-Learning, de forma que cuando se vaya a contratar a una persona en la empresa, el futuro empleado se pueda certificar en los conocimientos que necesite su puesto","breadcrumb":{"@id":"https:\/\/www.blmovil.com\/en\/blmonboarding\/#breadcrumb"},"inLanguage":"en-US","potentialAction":[{"@type":"ReadAction","target":["https:\/\/www.blmovil.com\/en\/blmonboarding\/"]}]},{"@type":"ImageObject","inLanguage":"en-US","@id":"https:\/\/www.blmovil.com\/en\/blmonboarding\/#primaryimage","url":"https:\/\/www.blmovil.com\/wp-content\/uploads\/sites\/3\/2020\/10\/Blm-borading-1024x327.jpg","contentUrl":"https:\/\/www.blmovil.com\/wp-content\/uploads\/sites\/3\/2020\/10\/Blm-borading-1024x327.jpg"},{"@type":"BreadcrumbList","@id":"https:\/\/www.blmovil.com\/en\/blmonboarding\/#breadcrumb","itemListElement":[{"@type":"ListItem","position":1,"name":"Inicio","item":"https:\/\/www.blmovil.com\/en\/"},{"@type":"ListItem","position":2,"name":"BLMONBOARDING"}]},{"@type":"WebSite","@id":"https:\/\/www.blmovil.com\/en\/#website","url":"https:\/\/www.blmovil.com\/en\/","name":"BLMovil","description":"Si tienes una idea nosotros te la desarrollamos","publisher":{"@id":"https:\/\/www.blmovil.com\/en\/#organization"},"potentialAction":[{"@type":"SearchAction","target":{"@type":"EntryPoint","urlTemplate":"https:\/\/www.blmovil.com\/en\/?s={search_term_string}"},"query-input":{"@type":"PropertyValueSpecification","valueRequired":true,"valueName":"search_term_string"}}],"inLanguage":"en-US"},{"@type":"Organization","@id":"https:\/\/www.blmovil.com\/en\/#organization","name":"BLMovil","url":"https:\/\/www.blmovil.com\/en\/","logo":{"@type":"ImageObject","inLanguage":"en-US","@id":"https:\/\/www.blmovil.com\/en\/#\/schema\/logo\/image\/","url":"https:\/\/www.blmovil.com\/wp-content\/uploads\/sites\/3\/2019\/10\/favicon.png","contentUrl":"https:\/\/www.blmovil.com\/wp-content\/uploads\/sites\/3\/2019\/10\/favicon.png","width":128,"height":128,"caption":"BLMovil"},"image":{"@id":"https:\/\/www.blmovil.com\/en\/#\/schema\/logo\/image\/"},"sameAs":["https:\/\/www.facebook.com\/BLMovil"]}]}},"featured_image_src":null,"featured_image_src_square":null,"uagb_featured_image_src":{"full":false,"thumbnail":false,"medium":false,"medium_large":false,"large":false,"course_archive_thumbnail":false,"course_single_thumbnail":false,"lesson_archive_thumbnail":false,"lesson_single_thumbnail":false,"1536x1536":false,"2048x2048":false,"gb-block-post-grid-landscape":false,"gb-block-post-grid-square":false,"woocommerce_thumbnail":false,"woocommerce_single":false,"woocommerce_gallery_thumbnail":false,"awb_sm":false,"awb_md":false,"awb_lg":false,"awb_xl":false},"uagb_author_info":{"display_name":"Jorge Bernal","author_link":"https:\/\/www.blmovil.com\/en\/author\/hovait\/"},"uagb_comment_info":0,"uagb_excerpt":"Este sistema integra la soluci\u00f3n de Gesti\u00f3n del Capital Humano y la de B-Learning, de forma que cuando se vaya a contratar a una persona en la empresa, el futuro empleado se pueda certificar en los conocimientos que necesite su puesto antes de entrar en la empresa, generando ahorros a la empresa en la capacitaci\u00f3n&hellip;","_links":{"self":[{"href":"https:\/\/www.blmovil.com\/en\/wp-json\/wp\/v2\/pages\/9028","targetHints":{"allow":["GET"]}}],"collection":[{"href":"https:\/\/www.blmovil.com\/en\/wp-json\/wp\/v2\/pages"}],"about":[{"href":"https:\/\/www.blmovil.com\/en\/wp-json\/wp\/v2\/types\/page"}],"author":[{"embeddable":true,"href":"https:\/\/www.blmovil.com\/en\/wp-json\/wp\/v2\/users\/1"}],"replies":[{"embeddable":true,"href":"https:\/\/www.blmovil.com\/en\/wp-json\/wp\/v2\/comments?post=9028"}],"version-history":[{"count":9,"href":"https:\/\/www.blmovil.com\/en\/wp-json\/wp\/v2\/pages\/9028\/revisions"}],"predecessor-version":[{"id":10051,"href":"https:\/\/www.blmovil.com\/en\/wp-json\/wp\/v2\/pages\/9028\/revisions\/10051"}],"wp:attachment":[{"href":"https:\/\/www.blmovil.com\/en\/wp-json\/wp\/v2\/media?parent=9028"}],"curies":[{"name":"wp","href":"https:\/\/api.w.org\/{rel}","templated":true}]}}