{"id":9020,"date":"2020-09-25T22:17:52","date_gmt":"2020-09-26T03:17:52","guid":{"rendered":"https:\/\/www.blmovil.com\/?page_id=9020"},"modified":"2022-06-06T13:12:12","modified_gmt":"2022-06-06T18:12:12","slug":"gestion-de-citas","status":"publish","type":"page","link":"https:\/\/www.blmovil.com\/en\/gestion-de-citas\/","title":{"rendered":"BLMCITAS"},"content":{"rendered":"\n<figure class=\"wp-block-image\"><img decoding=\"async\" src=\"https:\/\/www.blmovil.com\/wp-content\/uploads\/sites\/3\/2020\/10\/Blm-citasl-1024x327.jpg\" alt=\"\"\/><\/figure>\n\n\n\n<p class=\"has-text-align-center has-medium-font-size\"><strong>En BLMovil hemos desarrollado un sistema de Gesti\u00f3n de Citas que se puede aplicar a cualquier sector que necesite una gesti\u00f3n de citas para el p\u00fablico en general. El sistema est\u00e1 dise\u00f1ado para poderlo adaptar a cualquier p\u00e1gina.<\/strong><\/p>\n\n\n\n<p><strong>EL SISTEMA PERMITE GESTIONAR LOS SIGUIENTES APARTADOS:<\/strong><\/p>\n\n\n\n<p><a>EMPLEADOS<\/a><br><a>SERVICIOS<\/a><br><a>GESTI\u00d3N DE RESERVAS<\/a><br><a>COBRO POR TARJETA<\/a><br><a class=\"ek-link\">GESTION DE LOS CLIENTE<\/a><a class=\"ek-link\">S<\/a><\/p>\n\n\n\n<p><br><strong>EMPLEADOS<\/strong><\/p>\n\n\n\n<p class=\"has-text-align-justify\">El sistema permite gestionar los empleados de la empresa, los servicios que proporcionan, el precio de los mismos y el calendario de trabajo de cada uno de ellos.<\/p>\n\n\n\n<p><strong>SERVICIOS<\/strong><\/p>\n\n\n\n<p class=\"has-text-align-justify\">El sistema posibilitar indicar los servicios que presta la empresa, indicando el precio, las personas que lo pueden proporcionar, la duraci\u00f3n del servicio, el tiempo previo de preparaci\u00f3n del servicio y el tiempo posterior al servicio para ordenar las herramientas utilizadas, o para desplazamiento tras el servicio.<\/p>\n\n\n\n<p><strong>GESTI\u00d3N DE RESERVAS<\/strong><\/p>\n\n\n\n<p class=\"has-text-align-justify\">El administrador del sistema puede ver todas las reservas del d\u00eda y a qui\u00e9n est\u00e1n asignadas, puede crear nuevas reservas (por ejemplo para llamadas telef\u00f3nicas o reservas en sitio) y puede realizar el cobro de los servicios desde el propio sistema.<\/p>\n\n\n\n<p><strong>COBRO POR TARJETA<\/strong><\/p>\n\n\n\n<p class=\"has-text-align-justify\">El sistema est\u00e1 preparado para el cobro por tarjeta, tanto de un porcentaje del servicio en el momento de la reserva, como del servicio completo. La pasarela que se proporciona por defecto es Paypal.<\/p>\n\n\n\n<p><strong>GESTI\u00d3N DE LOS CLIENTES<\/strong><\/p>\n\n\n\n<p class=\"has-text-align-justify\">El sistema almacena los datos de los clientes para poder realizar acciones de fidelizaci\u00f3n, como descuentos u ofertas especiales<\/p>\n\n\n\n<h2 class=\"wp-block-heading\">PROPUESTA DE SERVICIO<\/h2>\n\n\n\n<p class=\"has-text-align-justify\">La propuesta de BLMovil es el despliegue de la soluci\u00f3n en la nube, con una p\u00e1gina web de la empresa que muestre unas fotos del local y\/o de los servicios realizados, se indique el \u201cQuienes somos\u201d de la empresa y los \u201cDatos de contacto\u201d, direcci\u00f3n, tel\u00e9fono y correo electr\u00f3nico, todo esto por un pago m\u00ednimo mensual, que cubre la publicaci\u00f3n de la p\u00e1gina monitoreo del sistema 8\u00d75, copias de seguridad de los datos y un<br>dominio personalizado de la empresa.<\/p>\n\n\n\n<h2 class=\"wp-block-heading\">SECTORES A LOS QUE APLICA<\/h2>\n\n\n\n<p class=\"has-text-align-justify\">La aplicaci\u00f3n est\u00e1 orientada a cualquier empresa que necesite una gesti\u00f3n de citas, entre otros sectores puede aplicar :<\/p>\n\n\n\n<ul class=\"wp-block-list\"><li>Est\u00e9ticas<\/li><li>Peluquer\u00edas<\/li><li>M\u00e9dicos<\/li><li>Talleres<\/li><li>Reaparaciones a domicilio<\/li><li>Servicios a domicilio<\/li><li>Gobierno (Citas para renovar licencias, pago de impuestos, reuniones con encargados de servicios,\u2026)<\/li><\/ul>\n\n\n\n<p><a role=\"button\" href=\"https:\/\/www.blmovil.com\/presentacion-blmcitas\/\"><br>Presentaci\u00f3n del producto<br><\/a><\/p>\n\n\n\n<p class=\"has-text-align-center\"><strong>Agenda una cita<\/strong><\/p>\n\n\n\n<div style=\"height:30px\" aria-hidden=\"true\" class=\"wp-block-spacer\"><\/div>\n\n\n\n<div class=\"wp-block-buttons is-layout-flex wp-block-buttons-is-layout-flex\">\n<div class=\"wp-block-button aligncenter\"><a class=\"wp-block-button__link has-white-color has-vivid-cyan-blue-background-color has-text-color has-background\" href=\"https:\/\/www.blmovil.com\/contacto\/\">Cont\u00e1ctanos<\/a><\/div>\n<\/div>\n","protected":false},"excerpt":{"rendered":"excerpt","protected":false},"author":1,"featured_media":0,"parent":0,"menu_order":0,"comment_status":"closed","ping_status":"closed","template":"","meta":{"_acf_changed":false,"_uag_custom_page_level_css":"","_trash_the_other_posts":false,"_editorskit_title_hidden":false,"_editorskit_reading_time":2,"_editorskit_is_block_options_detached":false,"_editorskit_block_options_position":"{}","site-sidebar-layout":"default","site-content-layout":"","ast-site-content-layout":"default","site-content-style":"default","site-sidebar-style":"default","ast-global-header-display":"","ast-banner-title-visibility":"","ast-main-header-display":"","ast-hfb-above-header-display":"","ast-hfb-below-header-display":"","ast-hfb-mobile-header-display":"","site-post-title":"","ast-breadcrumbs-content":"","ast-featured-img":"","footer-sml-layout":"","ast-disable-related-posts":"","theme-transparent-header-meta":"","adv-header-id-meta":"","stick-header-meta":"","header-above-stick-meta":"","header-main-stick-meta":"","header-below-stick-meta":"","astra-migrate-meta-layouts":"default","ast-page-background-enabled":"default","ast-page-background-meta":{"desktop":{"background-color":"var(--ast-global-color-4)","background-image":"","background-repeat":"repeat","background-position":"center center","background-size":"auto","background-attachment":"scroll","background-type":"","background-media":"","overlay-type":"","overlay-color":"","overlay-opacity":"","overlay-gradient":""},"tablet":{"background-color":"","background-image":"","background-repeat":"repeat","background-position":"center center","background-size":"auto","background-attachment":"scroll","background-type":"","background-media":"","overlay-type":"","overlay-color":"","overlay-opacity":"","overlay-gradient":""},"mobile":{"background-color":"","background-image":"","background-repeat":"repeat","background-position":"center center","background-size":"auto","background-attachment":"scroll","background-type":"","background-media":"","overlay-type":"","overlay-color":"","overlay-opacity":"","overlay-gradient":""}},"ast-content-background-meta":{"desktop":{"background-color":"var(--ast-global-color-5)","background-image":"","background-repeat":"repeat","background-position":"center center","background-size":"auto","background-attachment":"scroll","background-type":"","background-media":"","overlay-type":"","overlay-color":"","overlay-opacity":"","overlay-gradient":""},"tablet":{"background-color":"var(--ast-global-color-5)","background-image":"","background-repeat":"repeat","background-position":"center center","background-size":"auto","background-attachment":"scroll","background-type":"","background-media":"","overlay-type":"","overlay-color":"","overlay-opacity":"","overlay-gradient":""},"mobile":{"background-color":"var(--ast-global-color-5)","background-image":"","background-repeat":"repeat","background-position":"center center","background-size":"auto","background-attachment":"scroll","background-type":"","background-media":"","overlay-type":"","overlay-color":"","overlay-opacity":"","overlay-gradient":""}},"episode_type":"","audio_file":"","podmotor_file_id":"","podmotor_episode_id":"","cover_image":"","cover_image_id":"","duration":"","filesize":"","filesize_raw":"","date_recorded":"","explicit":"","block":"","itunes_episode_number":"","itunes_title":"","itunes_season_number":"","itunes_episode_type":"","footnotes":""},"class_list":["post-9020","page","type-page","status-publish","hentry"],"acf":[],"yoast_head":"<!-- This site is optimized with the Yoast SEO plugin v27.3 - https:\/\/yoast.com\/product\/yoast-seo-wordpress\/ -->\n<title>BLMCITAS - BLMovil<\/title>\n<meta name=\"description\" content=\"En BLMovil hemos desarrollado un sistema de Gesti\u00f3n de Citas que se puede aplicar a cualquier sector que necesite una gesti\u00f3n de citas para el p\u00fablico en general\" \/>\n<meta name=\"robots\" content=\"index, follow, max-snippet:-1, max-image-preview:large, max-video-preview:-1\" \/>\n<link rel=\"canonical\" href=\"https:\/\/www.blmovil.com\/en\/gestion-de-citas\/\" \/>\n<meta property=\"og:locale\" content=\"en_US\" \/>\n<meta property=\"og:type\" content=\"article\" \/>\n<meta property=\"og:title\" content=\"BLMCITAS - BLMovil\" \/>\n<meta property=\"og:description\" content=\"En BLMovil hemos desarrollado un sistema de Gesti\u00f3n de Citas que se puede aplicar a cualquier sector que necesite una gesti\u00f3n de citas para el p\u00fablico en general\" \/>\n<meta property=\"og:url\" content=\"https:\/\/www.blmovil.com\/en\/gestion-de-citas\/\" \/>\n<meta property=\"og:site_name\" content=\"BLMovil\" \/>\n<meta property=\"article:publisher\" content=\"https:\/\/www.facebook.com\/BLMovil\" \/>\n<meta property=\"article:modified_time\" content=\"2022-06-06T18:12:12+00:00\" \/>\n<meta property=\"og:image\" content=\"https:\/\/www.blmovil.com\/wp-content\/uploads\/sites\/3\/2020\/10\/Blm-citasl-1024x327.jpg\" \/>\n<meta name=\"twitter:card\" content=\"summary_large_image\" \/>\n<meta name=\"twitter:label1\" content=\"Est. reading time\" \/>\n\t<meta name=\"twitter:data1\" content=\"2 minutes\" \/>\n<script type=\"application\/ld+json\" class=\"yoast-schema-graph\">{\"@context\":\"https:\\\/\\\/schema.org\",\"@graph\":[{\"@type\":\"WebPage\",\"@id\":\"https:\\\/\\\/www.blmovil.com\\\/en\\\/gestion-de-citas\\\/\",\"url\":\"https:\\\/\\\/www.blmovil.com\\\/en\\\/gestion-de-citas\\\/\",\"name\":\"BLMCITAS - BLMovil\",\"isPartOf\":{\"@id\":\"https:\\\/\\\/www.blmovil.com\\\/en\\\/#website\"},\"primaryImageOfPage\":{\"@id\":\"https:\\\/\\\/www.blmovil.com\\\/en\\\/gestion-de-citas\\\/#primaryimage\"},\"image\":{\"@id\":\"https:\\\/\\\/www.blmovil.com\\\/en\\\/gestion-de-citas\\\/#primaryimage\"},\"thumbnailUrl\":\"https:\\\/\\\/www.blmovil.com\\\/wp-content\\\/uploads\\\/sites\\\/3\\\/2020\\\/10\\\/Blm-citasl-1024x327.jpg\",\"datePublished\":\"2020-09-26T03:17:52+00:00\",\"dateModified\":\"2022-06-06T18:12:12+00:00\",\"description\":\"En BLMovil hemos desarrollado un sistema de Gesti\u00f3n de Citas que se puede aplicar a cualquier sector que necesite una gesti\u00f3n de citas para el p\u00fablico en general\",\"breadcrumb\":{\"@id\":\"https:\\\/\\\/www.blmovil.com\\\/en\\\/gestion-de-citas\\\/#breadcrumb\"},\"inLanguage\":\"en-US\",\"potentialAction\":[{\"@type\":\"ReadAction\",\"target\":[\"https:\\\/\\\/www.blmovil.com\\\/en\\\/gestion-de-citas\\\/\"]}]},{\"@type\":\"ImageObject\",\"inLanguage\":\"en-US\",\"@id\":\"https:\\\/\\\/www.blmovil.com\\\/en\\\/gestion-de-citas\\\/#primaryimage\",\"url\":\"https:\\\/\\\/www.blmovil.com\\\/wp-content\\\/uploads\\\/sites\\\/3\\\/2020\\\/10\\\/Blm-citasl-1024x327.jpg\",\"contentUrl\":\"https:\\\/\\\/www.blmovil.com\\\/wp-content\\\/uploads\\\/sites\\\/3\\\/2020\\\/10\\\/Blm-citasl-1024x327.jpg\"},{\"@type\":\"BreadcrumbList\",\"@id\":\"https:\\\/\\\/www.blmovil.com\\\/en\\\/gestion-de-citas\\\/#breadcrumb\",\"itemListElement\":[{\"@type\":\"ListItem\",\"position\":1,\"name\":\"Inicio\",\"item\":\"https:\\\/\\\/www.blmovil.com\\\/en\\\/\"},{\"@type\":\"ListItem\",\"position\":2,\"name\":\"BLMCITAS\"}]},{\"@type\":\"WebSite\",\"@id\":\"https:\\\/\\\/www.blmovil.com\\\/en\\\/#website\",\"url\":\"https:\\\/\\\/www.blmovil.com\\\/en\\\/\",\"name\":\"BLMovil\",\"description\":\"Si tienes una idea nosotros te la desarrollamos\",\"publisher\":{\"@id\":\"https:\\\/\\\/www.blmovil.com\\\/en\\\/#organization\"},\"potentialAction\":[{\"@type\":\"SearchAction\",\"target\":{\"@type\":\"EntryPoint\",\"urlTemplate\":\"https:\\\/\\\/www.blmovil.com\\\/en\\\/?s={search_term_string}\"},\"query-input\":{\"@type\":\"PropertyValueSpecification\",\"valueRequired\":true,\"valueName\":\"search_term_string\"}}],\"inLanguage\":\"en-US\"},{\"@type\":\"Organization\",\"@id\":\"https:\\\/\\\/www.blmovil.com\\\/en\\\/#organization\",\"name\":\"BLMovil\",\"url\":\"https:\\\/\\\/www.blmovil.com\\\/en\\\/\",\"logo\":{\"@type\":\"ImageObject\",\"inLanguage\":\"en-US\",\"@id\":\"https:\\\/\\\/www.blmovil.com\\\/en\\\/#\\\/schema\\\/logo\\\/image\\\/\",\"url\":\"https:\\\/\\\/www.blmovil.com\\\/wp-content\\\/uploads\\\/sites\\\/3\\\/2019\\\/10\\\/favicon.png\",\"contentUrl\":\"https:\\\/\\\/www.blmovil.com\\\/wp-content\\\/uploads\\\/sites\\\/3\\\/2019\\\/10\\\/favicon.png\",\"width\":128,\"height\":128,\"caption\":\"BLMovil\"},\"image\":{\"@id\":\"https:\\\/\\\/www.blmovil.com\\\/en\\\/#\\\/schema\\\/logo\\\/image\\\/\"},\"sameAs\":[\"https:\\\/\\\/www.facebook.com\\\/BLMovil\"]}]}<\/script>\n<!-- \/ Yoast SEO plugin. -->","yoast_head_json":{"title":"BLMCITAS - BLMovil","description":"En BLMovil hemos desarrollado un sistema de Gesti\u00f3n de Citas que se puede aplicar a cualquier sector que necesite una gesti\u00f3n de citas para el p\u00fablico en general","robots":{"index":"index","follow":"follow","max-snippet":"max-snippet:-1","max-image-preview":"max-image-preview:large","max-video-preview":"max-video-preview:-1"},"canonical":"https:\/\/www.blmovil.com\/en\/gestion-de-citas\/","og_locale":"en_US","og_type":"article","og_title":"BLMCITAS - BLMovil","og_description":"En BLMovil hemos desarrollado un sistema de Gesti\u00f3n de Citas que se puede aplicar a cualquier sector que necesite una gesti\u00f3n de citas para el p\u00fablico en general","og_url":"https:\/\/www.blmovil.com\/en\/gestion-de-citas\/","og_site_name":"BLMovil","article_publisher":"https:\/\/www.facebook.com\/BLMovil","article_modified_time":"2022-06-06T18:12:12+00:00","og_image":[{"url":"https:\/\/www.blmovil.com\/wp-content\/uploads\/sites\/3\/2020\/10\/Blm-citasl-1024x327.jpg","type":"","width":"","height":""}],"twitter_card":"summary_large_image","twitter_misc":{"Est. reading time":"2 minutes"},"schema":{"@context":"https:\/\/schema.org","@graph":[{"@type":"WebPage","@id":"https:\/\/www.blmovil.com\/en\/gestion-de-citas\/","url":"https:\/\/www.blmovil.com\/en\/gestion-de-citas\/","name":"BLMCITAS - BLMovil","isPartOf":{"@id":"https:\/\/www.blmovil.com\/en\/#website"},"primaryImageOfPage":{"@id":"https:\/\/www.blmovil.com\/en\/gestion-de-citas\/#primaryimage"},"image":{"@id":"https:\/\/www.blmovil.com\/en\/gestion-de-citas\/#primaryimage"},"thumbnailUrl":"https:\/\/www.blmovil.com\/wp-content\/uploads\/sites\/3\/2020\/10\/Blm-citasl-1024x327.jpg","datePublished":"2020-09-26T03:17:52+00:00","dateModified":"2022-06-06T18:12:12+00:00","description":"En BLMovil hemos desarrollado un sistema de Gesti\u00f3n de Citas que se puede aplicar a cualquier sector que necesite una gesti\u00f3n de citas para el p\u00fablico en general","breadcrumb":{"@id":"https:\/\/www.blmovil.com\/en\/gestion-de-citas\/#breadcrumb"},"inLanguage":"en-US","potentialAction":[{"@type":"ReadAction","target":["https:\/\/www.blmovil.com\/en\/gestion-de-citas\/"]}]},{"@type":"ImageObject","inLanguage":"en-US","@id":"https:\/\/www.blmovil.com\/en\/gestion-de-citas\/#primaryimage","url":"https:\/\/www.blmovil.com\/wp-content\/uploads\/sites\/3\/2020\/10\/Blm-citasl-1024x327.jpg","contentUrl":"https:\/\/www.blmovil.com\/wp-content\/uploads\/sites\/3\/2020\/10\/Blm-citasl-1024x327.jpg"},{"@type":"BreadcrumbList","@id":"https:\/\/www.blmovil.com\/en\/gestion-de-citas\/#breadcrumb","itemListElement":[{"@type":"ListItem","position":1,"name":"Inicio","item":"https:\/\/www.blmovil.com\/en\/"},{"@type":"ListItem","position":2,"name":"BLMCITAS"}]},{"@type":"WebSite","@id":"https:\/\/www.blmovil.com\/en\/#website","url":"https:\/\/www.blmovil.com\/en\/","name":"BLMovil","description":"Si tienes una idea nosotros te la desarrollamos","publisher":{"@id":"https:\/\/www.blmovil.com\/en\/#organization"},"potentialAction":[{"@type":"SearchAction","target":{"@type":"EntryPoint","urlTemplate":"https:\/\/www.blmovil.com\/en\/?s={search_term_string}"},"query-input":{"@type":"PropertyValueSpecification","valueRequired":true,"valueName":"search_term_string"}}],"inLanguage":"en-US"},{"@type":"Organization","@id":"https:\/\/www.blmovil.com\/en\/#organization","name":"BLMovil","url":"https:\/\/www.blmovil.com\/en\/","logo":{"@type":"ImageObject","inLanguage":"en-US","@id":"https:\/\/www.blmovil.com\/en\/#\/schema\/logo\/image\/","url":"https:\/\/www.blmovil.com\/wp-content\/uploads\/sites\/3\/2019\/10\/favicon.png","contentUrl":"https:\/\/www.blmovil.com\/wp-content\/uploads\/sites\/3\/2019\/10\/favicon.png","width":128,"height":128,"caption":"BLMovil"},"image":{"@id":"https:\/\/www.blmovil.com\/en\/#\/schema\/logo\/image\/"},"sameAs":["https:\/\/www.facebook.com\/BLMovil"]}]}},"featured_image_src":null,"featured_image_src_square":null,"uagb_featured_image_src":{"full":false,"thumbnail":false,"medium":false,"medium_large":false,"large":false,"course_archive_thumbnail":false,"course_single_thumbnail":false,"lesson_archive_thumbnail":false,"lesson_single_thumbnail":false,"1536x1536":false,"2048x2048":false,"gb-block-post-grid-landscape":false,"gb-block-post-grid-square":false,"woocommerce_thumbnail":false,"woocommerce_single":false,"woocommerce_gallery_thumbnail":false,"awb_sm":false,"awb_md":false,"awb_lg":false,"awb_xl":false},"uagb_author_info":{"display_name":"Jorge Bernal","author_link":"https:\/\/www.blmovil.com\/en\/author\/hovait\/"},"uagb_comment_info":0,"uagb_excerpt":"En BLMovil hemos desarrollado un sistema de Gesti\u00f3n de Citas que se puede aplicar a cualquier sector que necesite una gesti\u00f3n de citas para el p\u00fablico en general. El sistema est\u00e1 dise\u00f1ado para poderlo adaptar a cualquier p\u00e1gina. EL SISTEMA PERMITE GESTIONAR LOS SIGUIENTES APARTADOS: EMPLEADOSSERVICIOSGESTI\u00d3N DE RESERVASCOBRO POR TARJETAGESTION DE LOS CLIENTES EMPLEADOS El&hellip;","_links":{"self":[{"href":"https:\/\/www.blmovil.com\/en\/wp-json\/wp\/v2\/pages\/9020","targetHints":{"allow":["GET"]}}],"collection":[{"href":"https:\/\/www.blmovil.com\/en\/wp-json\/wp\/v2\/pages"}],"about":[{"href":"https:\/\/www.blmovil.com\/en\/wp-json\/wp\/v2\/types\/page"}],"author":[{"embeddable":true,"href":"https:\/\/www.blmovil.com\/en\/wp-json\/wp\/v2\/users\/1"}],"replies":[{"embeddable":true,"href":"https:\/\/www.blmovil.com\/en\/wp-json\/wp\/v2\/comments?post=9020"}],"version-history":[{"count":5,"href":"https:\/\/www.blmovil.com\/en\/wp-json\/wp\/v2\/pages\/9020\/revisions"}],"predecessor-version":[{"id":10682,"href":"https:\/\/www.blmovil.com\/en\/wp-json\/wp\/v2\/pages\/9020\/revisions\/10682"}],"wp:attachment":[{"href":"https:\/\/www.blmovil.com\/en\/wp-json\/wp\/v2\/media?parent=9020"}],"curies":[{"name":"wp","href":"https:\/\/api.w.org\/{rel}","templated":true}]}}