{"id":9010,"date":"2020-09-25T20:54:45","date_gmt":"2020-09-26T01:54:45","guid":{"rendered":"https:\/\/www.blmovil.com\/?page_id=9010"},"modified":"2022-06-06T10:30:30","modified_gmt":"2022-06-06T15:30:30","slug":"identidad-digital","status":"publish","type":"page","link":"https:\/\/www.blmovil.com\/en\/identidad-digital\/","title":{"rendered":"BLMIDIGITAL"},"content":{"rendered":"<p><img decoding=\"async\" width=\"1024\" height=\"327\" src=\"https:\/\/www.blmovil.com\/wp-content\/uploads\/sites\/3\/2020\/10\/identidad-digitall-1024x327.jpg\" alt=\"\" loading=\"lazy\" srcset=\"https:\/\/www.blmovil.com\/wp-content\/uploads\/sites\/3\/2020\/10\/identidad-digitall-1024x327.jpg 1024w, https:\/\/www.blmovil.com\/wp-content\/uploads\/sites\/3\/2020\/10\/identidad-digitall-300x96.jpg 300w, https:\/\/www.blmovil.com\/wp-content\/uploads\/sites\/3\/2020\/10\/identidad-digitall-768x245.jpg 768w, https:\/\/www.blmovil.com\/wp-content\/uploads\/sites\/3\/2020\/10\/identidad-digitall-600x192.jpg 600w, https:\/\/www.blmovil.com\/wp-content\/uploads\/sites\/3\/2020\/10\/identidad-digitall.jpg 1408w\" sizes=\"auto, (max-width: 1024px) 100vw, 1024px\"><\/p>\n<p>BLMovil ha desarrollado una soluci\u00f3n de Identidad Digital para Gobierno, que va a permitir la gesti\u00f3n de la Identidad Digital de los ciudadanos. Esta soluci\u00f3n parte de la figura central que es el ciudadano. Del ciudadano, se obtiene uno o varios biom\u00e9tricos, que son los que nos van a permitir identificar de forma un\u00edvoca al ciudadano. Todos estos datos los va a almacenar el Registro Civil, que es el \u00fanico organismo<br \/>\nque almacena las identidades de todos los ciudadanos.<\/p>\n<p>Este almacenamiento se realiza en una plataforma totalmente securizada, que a trav\u00e9s de un sistema integrado va a permitir disponer de la Identidad Digital del ciudadano.<\/p>\n<p><img decoding=\"async\" width=\"1024\" height=\"632\" src=\"https:\/\/www.blmovil.com\/wp-content\/uploads\/sites\/3\/2020\/10\/id-1024x632.jpg\" alt=\"\" loading=\"lazy\" srcset=\"https:\/\/www.blmovil.com\/wp-content\/uploads\/sites\/3\/2020\/10\/id-1024x632.jpg 1024w, https:\/\/www.blmovil.com\/wp-content\/uploads\/sites\/3\/2020\/10\/id-300x185.jpg 300w, https:\/\/www.blmovil.com\/wp-content\/uploads\/sites\/3\/2020\/10\/id-768x474.jpg 768w, https:\/\/www.blmovil.com\/wp-content\/uploads\/sites\/3\/2020\/10\/id-600x371.jpg 600w, https:\/\/www.blmovil.com\/wp-content\/uploads\/sites\/3\/2020\/10\/id.jpg 1190w\" sizes=\"auto, (max-width: 1024px) 100vw, 1024px\"><\/p>\n<p><strong>A partir de esta identidad digital, podemos permitir acceder a la plataforma a terceros que van a permitir completar la Identidad Digital. Por ejemplo:<\/strong><\/p>\n<ul>\n<li>A nivel&nbsp;<strong>salud<\/strong>, podemos generar un expediente m\u00e9dico con m\u00faltiples fuentes tanto p\u00fablicas como privadas de forma que por un lado la informaci\u00f3n m\u00e9dica sensible est\u00e1 disociada de la informaci\u00f3n personal del paciente, con lo que aumentamos la seguridad y la confidencialidad del sistema, y por otro lado, permitimos que el paciente, con su huella acceder a todos sus registros m\u00e9dicos<br \/>\nindependientemente del organismo que los haya generado.<\/li>\n<li>Para&nbsp;<strong>Licencias<\/strong>&nbsp;de todo tipo, conducir, caza, pesca, armas, etc, por un lado se verifica al obtener la licencia, que la persona que la est\u00e1 obteniendo es la correcta, en algunos casos poder conectarse con Justicia para ver si tiene antecedentes penales, o ver si ha tenido ya una suspensi\u00f3n d ela licencia por alg\u00fan motivo. Asimismo, s\u00edmplemente con la huella, se puede comprobar que la persona tiene la licencia correspondiente y no ser\u00eda necesario llevarla todo el tiempo encima.<\/li>\n<li>En cuanto al&nbsp;<strong>Registro Civil<\/strong>, bajo nuestro punto de vista es el poseedor de la informaci\u00f3n del ciudadano y debe ser el centro del sistema de Identidad Digital<\/li>\n<li>Para&nbsp;<strong>Turismo y Cultura<\/strong>, se pueden generar accesos a museos o atracciones con precios especiales a los ciudadanos que pueden demostrar su residencia con la huella digital. Esto nos permite asimismo, poder hacer estudios demogr\u00e1ficos (totalmente impersonalizados) de las asistencias a los diferentes lugares.<\/li>\n<li>En cuanto a&nbsp;<strong>Terceros no pertenecientes a Gobierno<\/strong>, el sistema puede servir para en primer lugar, acceder a verificar la identidad de la persona, y luego, con permiso del ciudadano, poder acceder a otros datos adicionales. Por ejemplo, si se va a contratar a una persona, podemos con la huella digital comprobar que es realmente quien dice ser, pero adem\u00e1s me puedo conectar a la universidad y ver si tiene la titulaci\u00f3n que dice tener, y me puedo conectar con el Departamento de Tr\u00e1fico o Movilidad y ver si tiene la licencia de conducir adecuada a su puesto de trabajo y su caducidad, conectarme con el Departamento de Justicia y ver si tiene antecedentes penales, y todo sin necesidad de que el ciudadano se tenga que desplazar a todos estos lugares.<\/li>\n<li>En cuanto a&nbsp;<strong>Educaci\u00f3n<\/strong>, por un lado para la inscripci\u00f3n del alumno, para comprobar que realmente es la persona que dice ser. Y por otro lado el centro educativo puede certificar el nivel de estudios que se ha alcanzado. Esto permite por un lado que los traslados de expediente sean totalmente transparentes, y por otro lado para validar las titulaciones desde el primer momento.<\/li>\n<li>Para el&nbsp;<strong>Departamento de Justicia<\/strong>, permite llevar el control de todos los antecedentes penales con la huella digital. Si en un futuro se guarda como biom\u00e9trico una huella de ADN, puede utilizarse el sistema para poder identificar personas.<\/li>\n<li>En cuanto a las&nbsp;<strong>Escrituras y Notar\u00edas<\/strong>, el sistema permite llegar a un formato de escritura digital, donde las personas que lo firman firman con su huella digital, lo que en un primer momento te asegura de que la persona que firma es quien dice ser, y por otro, sustituimos las escrituras en papel por escrituras electr\u00f3nicas que pueden ser consultadas en cualquier momento.<\/li>\n<li>Para&nbsp;<strong>Hacienda<\/strong>&nbsp;permite identificar al ciudadano con su huella digital, de forma que la firma de cualquier acto impositivo se puede realizar con la huella digital y queda todo registrado.<\/li>\n<li>En cuanto a Seguridad, por ejemplo, si se captura la huella del beb\u00e9 en el paritorio, si alguien intercambia o secuestra a un ni\u00f1o, en el primer momento que ese ni\u00f1o tenga que registrarse en una guarder\u00eda o en el colegio, el sistema va a indicar que ese ni\u00f1o est\u00e1 desaparecido.<\/li>\n<\/ul>\n<h2>Beneficios<\/h2>\n<h2>Para el ciudadano<\/h2>\n<ul>\n<li>Controlar mejor el flujo de SUS datos personales<\/li>\n<li>Incremento de la privacidad (es el usuario quien decide a qui\u00e9n permite acceder a sus datos)<\/li>\n<li>Gestionar la identidad y las credenciales de todos los servicios a trav\u00e9s de un \u00fanico \u201cmonedero\/credencial digital\u201d<\/li>\n<\/ul>\n<h2>Para los verificadores de identidad<\/h2>\n<ul>\n<li>Establecer relaciones con m\u00e1s confianza<\/li>\n<li>Simplificar y reducir el tiempo necesario para conocer a la persona\/ciudadano\/cliente<\/li>\n<li>Garantizar el cumplimiento normativo<\/li>\n<\/ul>\n<h2>Para el Gobierno<\/h2>\n<ul>\n<li>Estandarizar la emisi\u00f3n de la identidad digital y credenciales<\/li>\n<li>Personalizar los esquemas de identidad con una r\u00e1pida capacidad de respuesta<\/li>\n<li>Emitir, actualizar y revocar r\u00e1pidamente. (Por ejemplo, si un ciudadano fallece, fallece en todos los sistemas y los familiares no podr\u00edan cobrar sus pensiones, ya que se necesitar\u00eda la huella de la persona para poder cobrarlas)<\/li>\n<li>Captaci\u00f3n de mayores ingresos<\/li>\n<li>Ahorro por bases de datos \u00fanicas de ciudadanos para todos los departamentos (salud, justicia, hacienda, educaci\u00f3n, etc.)<\/li>\n<\/ul>\n<p>Agenda una cita<\/p>\n<p><a href=\"https:\/\/www.blmovil.com\/contacto\/\" role=\"button\"><br \/>\nContacto<br \/>\n<\/a><\/p>\n","protected":false},"excerpt":{"rendered":"excerpt","protected":false},"author":1,"featured_media":0,"parent":0,"menu_order":0,"comment_status":"closed","ping_status":"closed","template":"","meta":{"_acf_changed":false,"_uag_custom_page_level_css":"","_trash_the_other_posts":false,"_editorskit_title_hidden":false,"_editorskit_reading_time":3,"_editorskit_is_block_options_detached":false,"_editorskit_block_options_position":"{}","site-sidebar-layout":"default","site-content-layout":"","ast-site-content-layout":"default","site-content-style":"default","site-sidebar-style":"default","ast-global-header-display":"","ast-banner-title-visibility":"","ast-main-header-display":"","ast-hfb-above-header-display":"","ast-hfb-below-header-display":"","ast-hfb-mobile-header-display":"","site-post-title":"","ast-breadcrumbs-content":"","ast-featured-img":"","footer-sml-layout":"","ast-disable-related-posts":"","theme-transparent-header-meta":"","adv-header-id-meta":"","stick-header-meta":"","header-above-stick-meta":"","header-main-stick-meta":"","header-below-stick-meta":"","astra-migrate-meta-layouts":"default","ast-page-background-enabled":"default","ast-page-background-meta":{"desktop":{"background-color":"var(--ast-global-color-4)","background-image":"","background-repeat":"repeat","background-position":"center center","background-size":"auto","background-attachment":"scroll","background-type":"","background-media":"","overlay-type":"","overlay-color":"","overlay-opacity":"","overlay-gradient":""},"tablet":{"background-color":"","background-image":"","background-repeat":"repeat","background-position":"center center","background-size":"auto","background-attachment":"scroll","background-type":"","background-media":"","overlay-type":"","overlay-color":"","overlay-opacity":"","overlay-gradient":""},"mobile":{"background-color":"","background-image":"","background-repeat":"repeat","background-position":"center center","background-size":"auto","background-attachment":"scroll","background-type":"","background-media":"","overlay-type":"","overlay-color":"","overlay-opacity":"","overlay-gradient":""}},"ast-content-background-meta":{"desktop":{"background-color":"var(--ast-global-color-5)","background-image":"","background-repeat":"repeat","background-position":"center center","background-size":"auto","background-attachment":"scroll","background-type":"","background-media":"","overlay-type":"","overlay-color":"","overlay-opacity":"","overlay-gradient":""},"tablet":{"background-color":"var(--ast-global-color-5)","background-image":"","background-repeat":"repeat","background-position":"center center","background-size":"auto","background-attachment":"scroll","background-type":"","background-media":"","overlay-type":"","overlay-color":"","overlay-opacity":"","overlay-gradient":""},"mobile":{"background-color":"var(--ast-global-color-5)","background-image":"","background-repeat":"repeat","background-position":"center center","background-size":"auto","background-attachment":"scroll","background-type":"","background-media":"","overlay-type":"","overlay-color":"","overlay-opacity":"","overlay-gradient":""}},"episode_type":"","audio_file":"","podmotor_file_id":"","podmotor_episode_id":"","cover_image":"","cover_image_id":"","duration":"","filesize":"","filesize_raw":"","date_recorded":"","explicit":"","block":"","itunes_episode_number":"","itunes_title":"","itunes_season_number":"","itunes_episode_type":"","footnotes":""},"class_list":["post-9010","page","type-page","status-publish","hentry"],"acf":[],"yoast_head":"<!-- This site is optimized with the Yoast SEO plugin v27.1.1 - https:\/\/yoast.com\/product\/yoast-seo-wordpress\/ -->\n<title>BLMIDIGITAL - BLMovil<\/title>\n<meta name=\"description\" content=\"BLMovil ha desarrollado una soluci\u00f3n de Identidad Digital para Gobierno, que va a permitir la gesti\u00f3n de la Identidad Digital de los ciudadanos. Esta soluci\u00f3n parte de la figura central que es el ciudadano. Del ciudadano, se obtiene uno o varios biom\u00e9tricos, que son los que nos van a permitir identificar de forma un\u00edvoca al ciudadano.\" \/>\n<meta name=\"robots\" content=\"index, follow, max-snippet:-1, max-image-preview:large, max-video-preview:-1\" \/>\n<link rel=\"canonical\" href=\"https:\/\/www.blmovil.com\/en\/identidad-digital\/\" \/>\n<meta property=\"og:locale\" content=\"en_US\" \/>\n<meta property=\"og:type\" content=\"article\" \/>\n<meta property=\"og:title\" content=\"BLMIDIGITAL - BLMovil\" \/>\n<meta property=\"og:description\" content=\"BLMovil ha desarrollado una soluci\u00f3n de Identidad Digital para Gobierno, que va a permitir la gesti\u00f3n de la Identidad Digital de los ciudadanos. Esta soluci\u00f3n parte de la figura central que es el ciudadano. Del ciudadano, se obtiene uno o varios biom\u00e9tricos, que son los que nos van a permitir identificar de forma un\u00edvoca al ciudadano.\" \/>\n<meta property=\"og:url\" content=\"https:\/\/www.blmovil.com\/en\/identidad-digital\/\" \/>\n<meta property=\"og:site_name\" content=\"BLMovil\" \/>\n<meta property=\"article:publisher\" content=\"https:\/\/www.facebook.com\/BLMovil\" \/>\n<meta property=\"article:modified_time\" content=\"2022-06-06T15:30:30+00:00\" \/>\n<meta property=\"og:image\" content=\"https:\/\/www.blmovil.com\/wp-content\/uploads\/sites\/3\/2020\/10\/identidad-digitall-1024x327.jpg\" \/>\n<meta name=\"twitter:card\" content=\"summary_large_image\" \/>\n<meta name=\"twitter:label1\" content=\"Est. reading time\" \/>\n\t<meta name=\"twitter:data1\" content=\"5 minutes\" \/>\n<script type=\"application\/ld+json\" class=\"yoast-schema-graph\">{\"@context\":\"https:\/\/schema.org\",\"@graph\":[{\"@type\":\"WebPage\",\"@id\":\"https:\/\/www.blmovil.com\/en\/identidad-digital\/\",\"url\":\"https:\/\/www.blmovil.com\/en\/identidad-digital\/\",\"name\":\"BLMIDIGITAL - BLMovil\",\"isPartOf\":{\"@id\":\"https:\/\/www.blmovil.com\/en\/#website\"},\"primaryImageOfPage\":{\"@id\":\"https:\/\/www.blmovil.com\/en\/identidad-digital\/#primaryimage\"},\"image\":{\"@id\":\"https:\/\/www.blmovil.com\/en\/identidad-digital\/#primaryimage\"},\"thumbnailUrl\":\"https:\/\/www.blmovil.com\/wp-content\/uploads\/sites\/3\/2020\/10\/identidad-digitall-1024x327.jpg\",\"datePublished\":\"2020-09-26T01:54:45+00:00\",\"dateModified\":\"2022-06-06T15:30:30+00:00\",\"description\":\"BLMovil ha desarrollado una soluci\u00f3n de Identidad Digital para Gobierno, que va a permitir la gesti\u00f3n de la Identidad Digital de los ciudadanos. Esta soluci\u00f3n parte de la figura central que es el ciudadano. Del ciudadano, se obtiene uno o varios biom\u00e9tricos, que son los que nos van a permitir identificar de forma un\u00edvoca al ciudadano.\",\"breadcrumb\":{\"@id\":\"https:\/\/www.blmovil.com\/en\/identidad-digital\/#breadcrumb\"},\"inLanguage\":\"en-US\",\"potentialAction\":[{\"@type\":\"ReadAction\",\"target\":[\"https:\/\/www.blmovil.com\/en\/identidad-digital\/\"]}]},{\"@type\":\"ImageObject\",\"inLanguage\":\"en-US\",\"@id\":\"https:\/\/www.blmovil.com\/en\/identidad-digital\/#primaryimage\",\"url\":\"https:\/\/www.blmovil.com\/wp-content\/uploads\/sites\/3\/2020\/10\/identidad-digitall-1024x327.jpg\",\"contentUrl\":\"https:\/\/www.blmovil.com\/wp-content\/uploads\/sites\/3\/2020\/10\/identidad-digitall-1024x327.jpg\"},{\"@type\":\"BreadcrumbList\",\"@id\":\"https:\/\/www.blmovil.com\/en\/identidad-digital\/#breadcrumb\",\"itemListElement\":[{\"@type\":\"ListItem\",\"position\":1,\"name\":\"Inicio\",\"item\":\"https:\/\/www.blmovil.com\/en\/\"},{\"@type\":\"ListItem\",\"position\":2,\"name\":\"BLMIDIGITAL\"}]},{\"@type\":\"WebSite\",\"@id\":\"https:\/\/www.blmovil.com\/en\/#website\",\"url\":\"https:\/\/www.blmovil.com\/en\/\",\"name\":\"BLMovil\",\"description\":\"Si tienes una idea nosotros te la desarrollamos\",\"publisher\":{\"@id\":\"https:\/\/www.blmovil.com\/en\/#organization\"},\"potentialAction\":[{\"@type\":\"SearchAction\",\"target\":{\"@type\":\"EntryPoint\",\"urlTemplate\":\"https:\/\/www.blmovil.com\/en\/?s={search_term_string}\"},\"query-input\":{\"@type\":\"PropertyValueSpecification\",\"valueRequired\":true,\"valueName\":\"search_term_string\"}}],\"inLanguage\":\"en-US\"},{\"@type\":\"Organization\",\"@id\":\"https:\/\/www.blmovil.com\/en\/#organization\",\"name\":\"BLMovil\",\"url\":\"https:\/\/www.blmovil.com\/en\/\",\"logo\":{\"@type\":\"ImageObject\",\"inLanguage\":\"en-US\",\"@id\":\"https:\/\/www.blmovil.com\/en\/#\/schema\/logo\/image\/\",\"url\":\"https:\/\/www.blmovil.com\/wp-content\/uploads\/sites\/3\/2019\/10\/favicon.png\",\"contentUrl\":\"https:\/\/www.blmovil.com\/wp-content\/uploads\/sites\/3\/2019\/10\/favicon.png\",\"width\":128,\"height\":128,\"caption\":\"BLMovil\"},\"image\":{\"@id\":\"https:\/\/www.blmovil.com\/en\/#\/schema\/logo\/image\/\"},\"sameAs\":[\"https:\/\/www.facebook.com\/BLMovil\"]}]}<\/script>\n<!-- \/ Yoast SEO plugin. -->","yoast_head_json":{"title":"BLMIDIGITAL - BLMovil","description":"BLMovil ha desarrollado una soluci\u00f3n de Identidad Digital para Gobierno, que va a permitir la gesti\u00f3n de la Identidad Digital de los ciudadanos. Esta soluci\u00f3n parte de la figura central que es el ciudadano. Del ciudadano, se obtiene uno o varios biom\u00e9tricos, que son los que nos van a permitir identificar de forma un\u00edvoca al ciudadano.","robots":{"index":"index","follow":"follow","max-snippet":"max-snippet:-1","max-image-preview":"max-image-preview:large","max-video-preview":"max-video-preview:-1"},"canonical":"https:\/\/www.blmovil.com\/en\/identidad-digital\/","og_locale":"en_US","og_type":"article","og_title":"BLMIDIGITAL - BLMovil","og_description":"BLMovil ha desarrollado una soluci\u00f3n de Identidad Digital para Gobierno, que va a permitir la gesti\u00f3n de la Identidad Digital de los ciudadanos. Esta soluci\u00f3n parte de la figura central que es el ciudadano. Del ciudadano, se obtiene uno o varios biom\u00e9tricos, que son los que nos van a permitir identificar de forma un\u00edvoca al ciudadano.","og_url":"https:\/\/www.blmovil.com\/en\/identidad-digital\/","og_site_name":"BLMovil","article_publisher":"https:\/\/www.facebook.com\/BLMovil","article_modified_time":"2022-06-06T15:30:30+00:00","og_image":[{"url":"https:\/\/www.blmovil.com\/wp-content\/uploads\/sites\/3\/2020\/10\/identidad-digitall-1024x327.jpg","type":"","width":"","height":""}],"twitter_card":"summary_large_image","twitter_misc":{"Est. reading time":"5 minutes"},"schema":{"@context":"https:\/\/schema.org","@graph":[{"@type":"WebPage","@id":"https:\/\/www.blmovil.com\/en\/identidad-digital\/","url":"https:\/\/www.blmovil.com\/en\/identidad-digital\/","name":"BLMIDIGITAL - BLMovil","isPartOf":{"@id":"https:\/\/www.blmovil.com\/en\/#website"},"primaryImageOfPage":{"@id":"https:\/\/www.blmovil.com\/en\/identidad-digital\/#primaryimage"},"image":{"@id":"https:\/\/www.blmovil.com\/en\/identidad-digital\/#primaryimage"},"thumbnailUrl":"https:\/\/www.blmovil.com\/wp-content\/uploads\/sites\/3\/2020\/10\/identidad-digitall-1024x327.jpg","datePublished":"2020-09-26T01:54:45+00:00","dateModified":"2022-06-06T15:30:30+00:00","description":"BLMovil ha desarrollado una soluci\u00f3n de Identidad Digital para Gobierno, que va a permitir la gesti\u00f3n de la Identidad Digital de los ciudadanos. Esta soluci\u00f3n parte de la figura central que es el ciudadano. Del ciudadano, se obtiene uno o varios biom\u00e9tricos, que son los que nos van a permitir identificar de forma un\u00edvoca al ciudadano.","breadcrumb":{"@id":"https:\/\/www.blmovil.com\/en\/identidad-digital\/#breadcrumb"},"inLanguage":"en-US","potentialAction":[{"@type":"ReadAction","target":["https:\/\/www.blmovil.com\/en\/identidad-digital\/"]}]},{"@type":"ImageObject","inLanguage":"en-US","@id":"https:\/\/www.blmovil.com\/en\/identidad-digital\/#primaryimage","url":"https:\/\/www.blmovil.com\/wp-content\/uploads\/sites\/3\/2020\/10\/identidad-digitall-1024x327.jpg","contentUrl":"https:\/\/www.blmovil.com\/wp-content\/uploads\/sites\/3\/2020\/10\/identidad-digitall-1024x327.jpg"},{"@type":"BreadcrumbList","@id":"https:\/\/www.blmovil.com\/en\/identidad-digital\/#breadcrumb","itemListElement":[{"@type":"ListItem","position":1,"name":"Inicio","item":"https:\/\/www.blmovil.com\/en\/"},{"@type":"ListItem","position":2,"name":"BLMIDIGITAL"}]},{"@type":"WebSite","@id":"https:\/\/www.blmovil.com\/en\/#website","url":"https:\/\/www.blmovil.com\/en\/","name":"BLMovil","description":"Si tienes una idea nosotros te la desarrollamos","publisher":{"@id":"https:\/\/www.blmovil.com\/en\/#organization"},"potentialAction":[{"@type":"SearchAction","target":{"@type":"EntryPoint","urlTemplate":"https:\/\/www.blmovil.com\/en\/?s={search_term_string}"},"query-input":{"@type":"PropertyValueSpecification","valueRequired":true,"valueName":"search_term_string"}}],"inLanguage":"en-US"},{"@type":"Organization","@id":"https:\/\/www.blmovil.com\/en\/#organization","name":"BLMovil","url":"https:\/\/www.blmovil.com\/en\/","logo":{"@type":"ImageObject","inLanguage":"en-US","@id":"https:\/\/www.blmovil.com\/en\/#\/schema\/logo\/image\/","url":"https:\/\/www.blmovil.com\/wp-content\/uploads\/sites\/3\/2019\/10\/favicon.png","contentUrl":"https:\/\/www.blmovil.com\/wp-content\/uploads\/sites\/3\/2019\/10\/favicon.png","width":128,"height":128,"caption":"BLMovil"},"image":{"@id":"https:\/\/www.blmovil.com\/en\/#\/schema\/logo\/image\/"},"sameAs":["https:\/\/www.facebook.com\/BLMovil"]}]}},"featured_image_src":null,"featured_image_src_square":null,"uagb_featured_image_src":{"full":false,"thumbnail":false,"medium":false,"medium_large":false,"large":false,"course_archive_thumbnail":false,"course_single_thumbnail":false,"lesson_archive_thumbnail":false,"lesson_single_thumbnail":false,"1536x1536":false,"2048x2048":false,"gb-block-post-grid-landscape":false,"gb-block-post-grid-square":false,"woocommerce_thumbnail":false,"woocommerce_single":false,"woocommerce_gallery_thumbnail":false,"awb_sm":false,"awb_md":false,"awb_lg":false,"awb_xl":false},"uagb_author_info":{"display_name":"Jorge Bernal","author_link":"https:\/\/www.blmovil.com\/en\/author\/hovait\/"},"uagb_comment_info":0,"uagb_excerpt":"BLMovil ha desarrollado una soluci\u00f3n de Identidad Digital para Gobierno, que va a permitir la gesti\u00f3n de la Identidad Digital de los ciudadanos. Esta soluci\u00f3n parte de la figura central que es el ciudadano. Del ciudadano, se obtiene uno o varios biom\u00e9tricos, que son los que nos van a permitir identificar de forma un\u00edvoca al&hellip;","_links":{"self":[{"href":"https:\/\/www.blmovil.com\/en\/wp-json\/wp\/v2\/pages\/9010","targetHints":{"allow":["GET"]}}],"collection":[{"href":"https:\/\/www.blmovil.com\/en\/wp-json\/wp\/v2\/pages"}],"about":[{"href":"https:\/\/www.blmovil.com\/en\/wp-json\/wp\/v2\/types\/page"}],"author":[{"embeddable":true,"href":"https:\/\/www.blmovil.com\/en\/wp-json\/wp\/v2\/users\/1"}],"replies":[{"embeddable":true,"href":"https:\/\/www.blmovil.com\/en\/wp-json\/wp\/v2\/comments?post=9010"}],"version-history":[{"count":5,"href":"https:\/\/www.blmovil.com\/en\/wp-json\/wp\/v2\/pages\/9010\/revisions"}],"predecessor-version":[{"id":10650,"href":"https:\/\/www.blmovil.com\/en\/wp-json\/wp\/v2\/pages\/9010\/revisions\/10650"}],"wp:attachment":[{"href":"https:\/\/www.blmovil.com\/en\/wp-json\/wp\/v2\/media?parent=9010"}],"curies":[{"name":"wp","href":"https:\/\/api.w.org\/{rel}","templated":true}]}}