{"id":8931,"date":"2020-09-25T13:46:47","date_gmt":"2020-09-25T18:46:47","guid":{"rendered":"https:\/\/www.blmovil.com\/?page_id=8931"},"modified":"2022-06-06T10:36:34","modified_gmt":"2022-06-06T15:36:34","slug":"ofertas-de-trabajo","status":"publish","type":"page","link":"https:\/\/www.blmovil.com\/en\/ofertas-de-trabajo\/","title":{"rendered":"OFERTAS DE TRABAJO"},"content":{"rendered":"<h2>Debido a nuestro continuo crecimiento, estamos buscando programadores que trabajen tanto desde nuestras oficinas, como de forma remota. Creeemos firmemente en el teletrabajo, y contamos con herramientas que nos permiten trabajar con equipos distribuidos en varias localidades e incluso en diferentes pa\u00edses.<\/h2>\n<p><img decoding=\"async\" width=\"390\" height=\"307\" src=\"https:\/\/www.blmovil.com\/wp-content\/uploads\/sites\/3\/2020\/10\/gg.jpg\" alt=\"\" loading=\"lazy\" srcset=\"https:\/\/www.blmovil.com\/wp-content\/uploads\/sites\/3\/2020\/10\/gg.jpg 390w, https:\/\/www.blmovil.com\/wp-content\/uploads\/sites\/3\/2020\/10\/gg-300x236.jpg 300w\" sizes=\"auto, (max-width: 390px) 100vw, 390px\"><\/p>\n<p>Nuestra metodolog\u00eda de trabajo es totalmente \u00e1gil, basada en&nbsp;<strong>SCRUM<\/strong>, y con reuniones diarias de seguimiento mediante videoconferencia entre el equipo y el Product Owner, lo que nos permite mantener un proceso optimizado de desarrollo.<\/p>\n<p>Tanto si est\u00e1s buscando&nbsp;<strong>trabajar full time<\/strong>, como s<strong>uplementar tus actuales ingresos<\/strong>&nbsp;con desarrollos adicionales a los que est\u00e1s haciendo en tu actual trabajo, o quieres implicarte en el desarrollo de&nbsp;<strong>proyectos opensource<\/strong>&nbsp;y apoyar a la comunidad, rellena el formulario que hay a continuaci\u00f3n y nos pondremos en contacto contigo para ver los proyectos en los que podemos colaborar.<\/p>\n<p>Estamos desarrollando tanto proyectos para nuestros clientes, producto propio, como apoyando en proyectos opensource, ayudando a crecer la comunidad opensource con nuestro apoyo, y queremos contar contigo en nuestros proyectos.<\/p>\n<p>A continuaci\u00f3n hay varios de los perfiles que estamos buscando en la actualidad para estos proyectos.<\/p>\n<h5 id=\"elementor-tab-title-1251\" data-tab=\"1\" role=\"tab\" aria-controls=\"elementor-tab-content-1251\" aria-expanded=\"false\">\n\t\t\t\t\t\t\t\t\t\t\t\t<a href=\"\">Programador Magento Senior<\/a><\/h5>\n<p>Buscamos programadores con m\u00e1s de 4 a\u00f1os demostrables de experiencia en desarrollo para Magento para participar en proyectos internacionales.<\/p>\n<h5 id=\"elementor-tab-title-1252\" data-tab=\"2\" role=\"tab\" aria-controls=\"elementor-tab-content-1252\" aria-expanded=\"false\">\n\t\t\t\t\t\t\t\t\t\t\t\t<a href=\"\">Programador VB.Net y MS SQL Server<\/a><\/h5>\n<p>Buscamos programadores senior con m\u00e1s de 4 a\u00f1os de experiencia demostrable en desarrollo en Visual Basic .NET y MS SQL Server para proyecto internacional a largo plazo.<\/p>\n<h5 id=\"elementor-tab-title-1253\" data-tab=\"3\" role=\"tab\" aria-controls=\"elementor-tab-content-1253\" aria-expanded=\"false\">\n\t\t\t\t\t\t\t\t\t\t\t\t<a href=\"\">Experto en Tableau y Qlickview<\/a><\/h5>\n<p>BLMovil busca expertos en Tableau y Qlickview con m\u00e1s de 4 a\u00f1os de experiencia demostrable para proyecto Internacional.<\/p>\n<h5 id=\"elementor-tab-title-1254\" data-tab=\"4\" role=\"tab\" aria-controls=\"elementor-tab-content-1254\" aria-expanded=\"false\">\n\t\t\t\t\t\t\t\t\t\t\t\t<a href=\"\">Programador Android<\/a><\/h5>\n<p><strong>Requisitos<\/strong>:<\/p>\n<ul>\n<li>Al menos 2 a\u00f1os de experiencia<\/li>\n<li>Conocimientos de\n<ul>\n<li>Desarrollo nativo Android<\/li>\n<li>Consumo de Servicios REST y SOAP<\/li>\n<li>Uso de APIs de Googlee como Maps, Analytics<\/li>\n<li>Notificaciones push, FireBase,&nbsp; Realm, Fragments<\/li>\n<\/ul>\n<\/li>\n<li>Bases de datos\n<ul>\n<li>Sqlite<\/li>\n<\/ul>\n<\/li>\n<\/ul>\n<p><strong>Habilidades<\/strong><\/p>\n<ul>\n<li>Facilidad de an\u00e1lisis de&nbsp;problemas de procesos<\/li>\n<li>Trabajo en equipo y trabajo bajo presi\u00f3n.<\/li>\n<li>Organizado<\/li>\n<li>Proactivo.<\/li>\n<\/ul>\n<h5 id=\"elementor-tab-title-1255\" data-tab=\"5\" role=\"tab\" aria-controls=\"elementor-tab-content-1255\" aria-expanded=\"false\">\n\t\t\t\t\t\t\t\t\t\t\t\t<a href=\"\">Programador iOS<\/a><\/h5>\n<p><strong>Requisitos:<\/strong><\/p>\n<ul>\n<li>Al menos 2 a\u00f1os de experiencia<\/li>\n<li>Conocimientos de\n<ul>\n<li>Desarrollo nativo iOS<\/li>\n<li>Xcode (desarrollo iOS Preferentemente)<\/li>\n<li>Objective C (Indispensable)<\/li>\n<li>Swift<\/li>\n<li>jQuery<\/li>\n<\/ul>\n<\/li>\n<\/ul>\n<p><strong>Habilidades<\/strong><\/p>\n<ul>\n<li>Facilidad de an\u00e1lisis de&nbsp;problemas de procesos<\/li>\n<li>Trabajo en equipo y trabajo bajo presi\u00f3n.<\/li>\n<li>Organizado<\/li>\n<li>Proactivo.<\/li>\n<\/ul>\n<h5 id=\"elementor-tab-title-1256\" data-tab=\"6\" role=\"tab\" aria-controls=\"elementor-tab-content-1256\" aria-expanded=\"false\">\n\t\t\t\t\t\t\t\t\t\t\t\t<a href=\"\">Programador Java<\/a><\/h5>\n<p><strong>Requisitos:<\/strong><\/p>\n<ul>\n<li>Al menos 2 a\u00f1os de experiencia<\/li>\n<li>Conocimientos de\n<ul>\n<li>Java 8<\/li>\n<li>J2EE<\/li>\n<li>Spring<\/li>\n<li>WebServices<\/li>\n<li>Struts<\/li>\n<\/ul>\n<\/li>\n<li>Bases de datos\n<ul>\n<li>MySQL<\/li>\n<li>MS SQL Server<\/li>\n<li>Posgresql<\/li>\n<li>Oracle<\/li>\n<li>Conocimientos en bases de datos No SQL (Deseable)<\/li>\n<\/ul>\n<\/li>\n<\/ul>\n<p><strong>Habilidades<\/strong><\/p>\n<ul>\n<li>Facilidad de an\u00e1lisis de&nbsp;problemas de procesos<\/li>\n<li>Trabajo en equipo y trabajo bajo presi\u00f3n.<\/li>\n<li>Organizado<\/li>\n<li>Proactivo.<\/li>\n<\/ul>\n<h5 id=\"elementor-tab-title-1257\" data-tab=\"7\" role=\"tab\" aria-controls=\"elementor-tab-content-1257\" aria-expanded=\"false\">\n\t\t\t\t\t\t\t\t\t\t\t\t<a href=\"\">Programador PHP<\/a><\/h5>\n<p>Requisitos:<\/p>\n<ul>\n<li>Al menos 2 a\u00f1os de experiencia<\/li>\n<li>Conocimientos de\n<ul>\n<li>PHP 7+, POO, MVC<\/li>\n<li>CSS3 y HTML 5<\/li>\n<li>Framework Laravel 5.7+<\/li>\n<li>Framework codelgniter 3+<\/li>\n<li>Javascript (ECMAScript 5+)<\/li>\n<li>Maquetaci\u00f3n de sitios web<\/li>\n<li>Unix (Shell scripts)<\/li>\n<li>Sistema Operativos en Windows\/Linux<\/li>\n<li>Framework Bootstrap 3+<\/li>\n<li>Manejador de versiones (GitHub y GitPocket)<\/li>\n<\/ul>\n<\/li>\n<li>Bases de datos\n<ul>\n<li>MySQL<\/li>\n<li>MS SQL Server<\/li>\n<li>Posgresql<\/li>\n<li>Oracle<\/li>\n<li>Conocimientos en bases de datos No SQL (Deseable)<\/li>\n<\/ul>\n<\/li>\n<\/ul>\n<p><strong>Habilidades<\/strong><\/p>\n<ul>\n<li>Facilidad de an\u00e1lisis de&nbsp;problemas de procesos<\/li>\n<li>Trabajo en equipo y trabajo bajo presi\u00f3n.<\/li>\n<li>Organizado<\/li>\n<li>Proactivo.<\/li>\n<\/ul>\n<h5 id=\"elementor-tab-title-1258\" data-tab=\"8\" role=\"tab\" aria-controls=\"elementor-tab-content-1258\" aria-expanded=\"false\">\n\t\t\t\t\t\t\t\t\t\t\t\t<a href=\"\">Programador Python<\/a><\/h5>\n<p>Requisitos:<\/p>\n<ul>\n<li>Al menos 2 a\u00f1os de experiencia<\/li>\n<li>Conocimientos de\n<ul>\n<li>Python<\/li>\n<li>Dyango<\/li>\n<li>Viewflow<\/li>\n<li>Bottle<\/li>\n<li>Flask<\/li>\n<li>HTML\/XML\/JSON<\/li>\n<li>jQuery<\/li>\n<li>Knockout<\/li>\n<li>Bootstrap<\/li>\n<li>React<\/li>\n<li>Angular<\/li>\n<\/ul>\n<\/li>\n<li>Bases de datos\n<ul>\n<li>MySQL<\/li>\n<li>MS SQL Server<\/li>\n<li>Posgresql<\/li>\n<li>Oracle<\/li>\n<li>Conocimientos en bases de datos No SQL (Deseable)<\/li>\n<\/ul>\n<\/li>\n<\/ul>\n<p><strong>Habilidades<\/strong><\/p>\n<ul>\n<li>Facilidad de an\u00e1lisis de&nbsp;problemas de procesos<\/li>\n<li>Trabajo en equipo y trabajo bajo presi\u00f3n.<\/li>\n<li>Organizado<\/li>\n<li>Proactivo.<\/li>\n<\/ul>\n<h5 id=\"elementor-tab-title-1259\" data-tab=\"9\" role=\"tab\" aria-controls=\"elementor-tab-content-1259\" aria-expanded=\"false\">\n\t\t\t\t\t\t\t\t\t\t\t\t<a href=\"\">Programador Flutter<\/a><\/h5>\n<p>Requisitos:<\/p>\n<ul>\n<li>Al menos 2 a\u00f1os de experiencia<\/li>\n<li>Conocimientos de\n<ul>\n<li>Kotlin<\/li>\n<li>Swift<\/li>\n<li>GraphQL<\/li>\n<\/ul>\n<\/li>\n<li>Bases de datos\n<ul>\n<li>MySQL<\/li>\n<li>MS SQL Server<\/li>\n<li>Posgresql<\/li>\n<li>Oracle<\/li>\n<li>Conocimientos en bases de datos No SQL (Deseable)<\/li>\n<\/ul>\n<\/li>\n<\/ul>\n<p><strong>Habilidades<\/strong><\/p>\n<ul>\n<li>Facilidad de an\u00e1lisis de&nbsp;problemas de procesos<\/li>\n<li>Trabajo en equipo y trabajo bajo presi\u00f3n.<\/li>\n<li>Organizado<\/li>\n<li>Proactivo.<\/li>\n<\/ul>\n<p><img decoding=\"async\" src=\"https:\/\/www.blmovil.com\/wp-content\/uploads\/sites\/3\/2020\/09\/Captura-de-Pantalla-2020-09-25-a-las-13.49.20.png\" title=\"\" alt=\"\"><\/p>\n","protected":false},"excerpt":{"rendered":"excerpt","protected":false},"author":1,"featured_media":0,"parent":0,"menu_order":0,"comment_status":"closed","ping_status":"closed","template":"","meta":{"_acf_changed":false,"_uag_custom_page_level_css":"","_trash_the_other_posts":false,"_editorskit_title_hidden":false,"_editorskit_reading_time":2,"_editorskit_is_block_options_detached":false,"_editorskit_block_options_position":"{}","site-sidebar-layout":"default","site-content-layout":"","ast-site-content-layout":"default","site-content-style":"default","site-sidebar-style":"default","ast-global-header-display":"","ast-banner-title-visibility":"","ast-main-header-display":"","ast-hfb-above-header-display":"","ast-hfb-below-header-display":"","ast-hfb-mobile-header-display":"","site-post-title":"","ast-breadcrumbs-content":"","ast-featured-img":"","footer-sml-layout":"","ast-disable-related-posts":"","theme-transparent-header-meta":"","adv-header-id-meta":"","stick-header-meta":"","header-above-stick-meta":"","header-main-stick-meta":"","header-below-stick-meta":"","astra-migrate-meta-layouts":"default","ast-page-background-enabled":"default","ast-page-background-meta":{"desktop":{"background-color":"var(--ast-global-color-4)","background-image":"","background-repeat":"repeat","background-position":"center center","background-size":"auto","background-attachment":"scroll","background-type":"","background-media":"","overlay-type":"","overlay-color":"","overlay-opacity":"","overlay-gradient":""},"tablet":{"background-color":"","background-image":"","background-repeat":"repeat","background-position":"center center","background-size":"auto","background-attachment":"scroll","background-type":"","background-media":"","overlay-type":"","overlay-color":"","overlay-opacity":"","overlay-gradient":""},"mobile":{"background-color":"","background-image":"","background-repeat":"repeat","background-position":"center center","background-size":"auto","background-attachment":"scroll","background-type":"","background-media":"","overlay-type":"","overlay-color":"","overlay-opacity":"","overlay-gradient":""}},"ast-content-background-meta":{"desktop":{"background-color":"var(--ast-global-color-5)","background-image":"","background-repeat":"repeat","background-position":"center center","background-size":"auto","background-attachment":"scroll","background-type":"","background-media":"","overlay-type":"","overlay-color":"","overlay-opacity":"","overlay-gradient":""},"tablet":{"background-color":"var(--ast-global-color-5)","background-image":"","background-repeat":"repeat","background-position":"center center","background-size":"auto","background-attachment":"scroll","background-type":"","background-media":"","overlay-type":"","overlay-color":"","overlay-opacity":"","overlay-gradient":""},"mobile":{"background-color":"var(--ast-global-color-5)","background-image":"","background-repeat":"repeat","background-position":"center center","background-size":"auto","background-attachment":"scroll","background-type":"","background-media":"","overlay-type":"","overlay-color":"","overlay-opacity":"","overlay-gradient":""}},"episode_type":"","audio_file":"","podmotor_file_id":"","podmotor_episode_id":"","cover_image":"","cover_image_id":"","duration":"","filesize":"","filesize_raw":"","date_recorded":"","explicit":"","block":"","itunes_episode_number":"","itunes_title":"","itunes_season_number":"","itunes_episode_type":"","footnotes":""},"class_list":["post-8931","page","type-page","status-publish","hentry"],"acf":[],"yoast_head":"<!-- This site is optimized with the Yoast SEO plugin v27.3 - https:\/\/yoast.com\/product\/yoast-seo-wordpress\/ -->\n<title>OFERTAS DE TRABAJO - BLMovil<\/title>\n<meta name=\"description\" content=\"Debido a nuestro continuo crecimiento, estamos buscando programadores que trabajen tanto desde nuestras oficinas, como de forma remota. Creemos firmemente en el teletrabajo, y contamos con herramientas que nos permiten trabajar con equipos distribuidos en varias localidades e incluso en diferentes pa\u00edses.\" \/>\n<meta name=\"robots\" content=\"index, follow, max-snippet:-1, max-image-preview:large, max-video-preview:-1\" \/>\n<link rel=\"canonical\" href=\"https:\/\/www.blmovil.com\/en\/ofertas-de-trabajo\/\" \/>\n<meta property=\"og:locale\" content=\"en_US\" \/>\n<meta property=\"og:type\" content=\"article\" \/>\n<meta property=\"og:title\" content=\"OFERTAS DE TRABAJO - BLMovil\" \/>\n<meta property=\"og:description\" content=\"Debido a nuestro continuo crecimiento, estamos buscando programadores que trabajen tanto desde nuestras oficinas, como de forma remota. Creemos firmemente en el teletrabajo, y contamos con herramientas que nos permiten trabajar con equipos distribuidos en varias localidades e incluso en diferentes pa\u00edses.\" \/>\n<meta property=\"og:url\" content=\"https:\/\/www.blmovil.com\/en\/ofertas-de-trabajo\/\" \/>\n<meta property=\"og:site_name\" content=\"BLMovil\" \/>\n<meta property=\"article:publisher\" content=\"https:\/\/www.facebook.com\/BLMovil\" \/>\n<meta property=\"article:modified_time\" content=\"2022-06-06T15:36:34+00:00\" \/>\n<meta property=\"og:image\" content=\"https:\/\/www.blmovil.com\/wp-content\/uploads\/sites\/3\/2020\/10\/gg.jpg\" \/>\n<meta name=\"twitter:card\" content=\"summary_large_image\" \/>\n<meta name=\"twitter:label1\" content=\"Est. reading time\" \/>\n\t<meta name=\"twitter:data1\" content=\"4 minutes\" \/>\n<script type=\"application\/ld+json\" class=\"yoast-schema-graph\">{\"@context\":\"https:\\\/\\\/schema.org\",\"@graph\":[{\"@type\":\"WebPage\",\"@id\":\"https:\\\/\\\/www.blmovil.com\\\/en\\\/ofertas-de-trabajo\\\/\",\"url\":\"https:\\\/\\\/www.blmovil.com\\\/en\\\/ofertas-de-trabajo\\\/\",\"name\":\"OFERTAS DE TRABAJO - BLMovil\",\"isPartOf\":{\"@id\":\"https:\\\/\\\/www.blmovil.com\\\/en\\\/#website\"},\"primaryImageOfPage\":{\"@id\":\"https:\\\/\\\/www.blmovil.com\\\/en\\\/ofertas-de-trabajo\\\/#primaryimage\"},\"image\":{\"@id\":\"https:\\\/\\\/www.blmovil.com\\\/en\\\/ofertas-de-trabajo\\\/#primaryimage\"},\"thumbnailUrl\":\"https:\\\/\\\/www.blmovil.com\\\/wp-content\\\/uploads\\\/sites\\\/3\\\/2020\\\/10\\\/gg.jpg\",\"datePublished\":\"2020-09-25T18:46:47+00:00\",\"dateModified\":\"2022-06-06T15:36:34+00:00\",\"description\":\"Debido a nuestro continuo crecimiento, estamos buscando programadores que trabajen tanto desde nuestras oficinas, como de forma remota. Creemos firmemente en el teletrabajo, y contamos con herramientas que nos permiten trabajar con equipos distribuidos en varias localidades e incluso en diferentes pa\u00edses.\",\"breadcrumb\":{\"@id\":\"https:\\\/\\\/www.blmovil.com\\\/en\\\/ofertas-de-trabajo\\\/#breadcrumb\"},\"inLanguage\":\"en-US\",\"potentialAction\":[{\"@type\":\"ReadAction\",\"target\":[\"https:\\\/\\\/www.blmovil.com\\\/en\\\/ofertas-de-trabajo\\\/\"]}]},{\"@type\":\"ImageObject\",\"inLanguage\":\"en-US\",\"@id\":\"https:\\\/\\\/www.blmovil.com\\\/en\\\/ofertas-de-trabajo\\\/#primaryimage\",\"url\":\"https:\\\/\\\/www.blmovil.com\\\/wp-content\\\/uploads\\\/sites\\\/3\\\/2020\\\/10\\\/gg.jpg\",\"contentUrl\":\"https:\\\/\\\/www.blmovil.com\\\/wp-content\\\/uploads\\\/sites\\\/3\\\/2020\\\/10\\\/gg.jpg\"},{\"@type\":\"BreadcrumbList\",\"@id\":\"https:\\\/\\\/www.blmovil.com\\\/en\\\/ofertas-de-trabajo\\\/#breadcrumb\",\"itemListElement\":[{\"@type\":\"ListItem\",\"position\":1,\"name\":\"Inicio\",\"item\":\"https:\\\/\\\/www.blmovil.com\\\/en\\\/\"},{\"@type\":\"ListItem\",\"position\":2,\"name\":\"OFERTAS DE TRABAJO\"}]},{\"@type\":\"WebSite\",\"@id\":\"https:\\\/\\\/www.blmovil.com\\\/en\\\/#website\",\"url\":\"https:\\\/\\\/www.blmovil.com\\\/en\\\/\",\"name\":\"BLMovil\",\"description\":\"Si tienes una idea nosotros te la desarrollamos\",\"publisher\":{\"@id\":\"https:\\\/\\\/www.blmovil.com\\\/en\\\/#organization\"},\"potentialAction\":[{\"@type\":\"SearchAction\",\"target\":{\"@type\":\"EntryPoint\",\"urlTemplate\":\"https:\\\/\\\/www.blmovil.com\\\/en\\\/?s={search_term_string}\"},\"query-input\":{\"@type\":\"PropertyValueSpecification\",\"valueRequired\":true,\"valueName\":\"search_term_string\"}}],\"inLanguage\":\"en-US\"},{\"@type\":\"Organization\",\"@id\":\"https:\\\/\\\/www.blmovil.com\\\/en\\\/#organization\",\"name\":\"BLMovil\",\"url\":\"https:\\\/\\\/www.blmovil.com\\\/en\\\/\",\"logo\":{\"@type\":\"ImageObject\",\"inLanguage\":\"en-US\",\"@id\":\"https:\\\/\\\/www.blmovil.com\\\/en\\\/#\\\/schema\\\/logo\\\/image\\\/\",\"url\":\"https:\\\/\\\/www.blmovil.com\\\/wp-content\\\/uploads\\\/sites\\\/3\\\/2019\\\/10\\\/favicon.png\",\"contentUrl\":\"https:\\\/\\\/www.blmovil.com\\\/wp-content\\\/uploads\\\/sites\\\/3\\\/2019\\\/10\\\/favicon.png\",\"width\":128,\"height\":128,\"caption\":\"BLMovil\"},\"image\":{\"@id\":\"https:\\\/\\\/www.blmovil.com\\\/en\\\/#\\\/schema\\\/logo\\\/image\\\/\"},\"sameAs\":[\"https:\\\/\\\/www.facebook.com\\\/BLMovil\"]}]}<\/script>\n<!-- \/ Yoast SEO plugin. -->","yoast_head_json":{"title":"OFERTAS DE TRABAJO - BLMovil","description":"Debido a nuestro continuo crecimiento, estamos buscando programadores que trabajen tanto desde nuestras oficinas, como de forma remota. Creemos firmemente en el teletrabajo, y contamos con herramientas que nos permiten trabajar con equipos distribuidos en varias localidades e incluso en diferentes pa\u00edses.","robots":{"index":"index","follow":"follow","max-snippet":"max-snippet:-1","max-image-preview":"max-image-preview:large","max-video-preview":"max-video-preview:-1"},"canonical":"https:\/\/www.blmovil.com\/en\/ofertas-de-trabajo\/","og_locale":"en_US","og_type":"article","og_title":"OFERTAS DE TRABAJO - BLMovil","og_description":"Debido a nuestro continuo crecimiento, estamos buscando programadores que trabajen tanto desde nuestras oficinas, como de forma remota. Creemos firmemente en el teletrabajo, y contamos con herramientas que nos permiten trabajar con equipos distribuidos en varias localidades e incluso en diferentes pa\u00edses.","og_url":"https:\/\/www.blmovil.com\/en\/ofertas-de-trabajo\/","og_site_name":"BLMovil","article_publisher":"https:\/\/www.facebook.com\/BLMovil","article_modified_time":"2022-06-06T15:36:34+00:00","og_image":[{"url":"https:\/\/www.blmovil.com\/wp-content\/uploads\/sites\/3\/2020\/10\/gg.jpg","type":"","width":"","height":""}],"twitter_card":"summary_large_image","twitter_misc":{"Est. reading time":"4 minutes"},"schema":{"@context":"https:\/\/schema.org","@graph":[{"@type":"WebPage","@id":"https:\/\/www.blmovil.com\/en\/ofertas-de-trabajo\/","url":"https:\/\/www.blmovil.com\/en\/ofertas-de-trabajo\/","name":"OFERTAS DE TRABAJO - BLMovil","isPartOf":{"@id":"https:\/\/www.blmovil.com\/en\/#website"},"primaryImageOfPage":{"@id":"https:\/\/www.blmovil.com\/en\/ofertas-de-trabajo\/#primaryimage"},"image":{"@id":"https:\/\/www.blmovil.com\/en\/ofertas-de-trabajo\/#primaryimage"},"thumbnailUrl":"https:\/\/www.blmovil.com\/wp-content\/uploads\/sites\/3\/2020\/10\/gg.jpg","datePublished":"2020-09-25T18:46:47+00:00","dateModified":"2022-06-06T15:36:34+00:00","description":"Debido a nuestro continuo crecimiento, estamos buscando programadores que trabajen tanto desde nuestras oficinas, como de forma remota. Creemos firmemente en el teletrabajo, y contamos con herramientas que nos permiten trabajar con equipos distribuidos en varias localidades e incluso en diferentes pa\u00edses.","breadcrumb":{"@id":"https:\/\/www.blmovil.com\/en\/ofertas-de-trabajo\/#breadcrumb"},"inLanguage":"en-US","potentialAction":[{"@type":"ReadAction","target":["https:\/\/www.blmovil.com\/en\/ofertas-de-trabajo\/"]}]},{"@type":"ImageObject","inLanguage":"en-US","@id":"https:\/\/www.blmovil.com\/en\/ofertas-de-trabajo\/#primaryimage","url":"https:\/\/www.blmovil.com\/wp-content\/uploads\/sites\/3\/2020\/10\/gg.jpg","contentUrl":"https:\/\/www.blmovil.com\/wp-content\/uploads\/sites\/3\/2020\/10\/gg.jpg"},{"@type":"BreadcrumbList","@id":"https:\/\/www.blmovil.com\/en\/ofertas-de-trabajo\/#breadcrumb","itemListElement":[{"@type":"ListItem","position":1,"name":"Inicio","item":"https:\/\/www.blmovil.com\/en\/"},{"@type":"ListItem","position":2,"name":"OFERTAS DE TRABAJO"}]},{"@type":"WebSite","@id":"https:\/\/www.blmovil.com\/en\/#website","url":"https:\/\/www.blmovil.com\/en\/","name":"BLMovil","description":"Si tienes una idea nosotros te la desarrollamos","publisher":{"@id":"https:\/\/www.blmovil.com\/en\/#organization"},"potentialAction":[{"@type":"SearchAction","target":{"@type":"EntryPoint","urlTemplate":"https:\/\/www.blmovil.com\/en\/?s={search_term_string}"},"query-input":{"@type":"PropertyValueSpecification","valueRequired":true,"valueName":"search_term_string"}}],"inLanguage":"en-US"},{"@type":"Organization","@id":"https:\/\/www.blmovil.com\/en\/#organization","name":"BLMovil","url":"https:\/\/www.blmovil.com\/en\/","logo":{"@type":"ImageObject","inLanguage":"en-US","@id":"https:\/\/www.blmovil.com\/en\/#\/schema\/logo\/image\/","url":"https:\/\/www.blmovil.com\/wp-content\/uploads\/sites\/3\/2019\/10\/favicon.png","contentUrl":"https:\/\/www.blmovil.com\/wp-content\/uploads\/sites\/3\/2019\/10\/favicon.png","width":128,"height":128,"caption":"BLMovil"},"image":{"@id":"https:\/\/www.blmovil.com\/en\/#\/schema\/logo\/image\/"},"sameAs":["https:\/\/www.facebook.com\/BLMovil"]}]}},"featured_image_src":null,"featured_image_src_square":null,"uagb_featured_image_src":{"full":false,"thumbnail":false,"medium":false,"medium_large":false,"large":false,"course_archive_thumbnail":false,"course_single_thumbnail":false,"lesson_archive_thumbnail":false,"lesson_single_thumbnail":false,"1536x1536":false,"2048x2048":false,"gb-block-post-grid-landscape":false,"gb-block-post-grid-square":false,"woocommerce_thumbnail":false,"woocommerce_single":false,"woocommerce_gallery_thumbnail":false,"awb_sm":false,"awb_md":false,"awb_lg":false,"awb_xl":false},"uagb_author_info":{"display_name":"Jorge Bernal","author_link":"https:\/\/www.blmovil.com\/en\/author\/hovait\/"},"uagb_comment_info":0,"uagb_excerpt":"Debido a nuestro continuo crecimiento, estamos buscando programadores que trabajen tanto desde nuestras oficinas, como de forma remota. Creeemos firmemente en el teletrabajo, y contamos con herramientas que nos permiten trabajar con equipos distribuidos en varias localidades e incluso en diferentes pa\u00edses. Nuestra metodolog\u00eda de trabajo es totalmente \u00e1gil, basada en&nbsp;SCRUM, y con reuniones diarias&hellip;","_links":{"self":[{"href":"https:\/\/www.blmovil.com\/en\/wp-json\/wp\/v2\/pages\/8931","targetHints":{"allow":["GET"]}}],"collection":[{"href":"https:\/\/www.blmovil.com\/en\/wp-json\/wp\/v2\/pages"}],"about":[{"href":"https:\/\/www.blmovil.com\/en\/wp-json\/wp\/v2\/types\/page"}],"author":[{"embeddable":true,"href":"https:\/\/www.blmovil.com\/en\/wp-json\/wp\/v2\/users\/1"}],"replies":[{"embeddable":true,"href":"https:\/\/www.blmovil.com\/en\/wp-json\/wp\/v2\/comments?post=8931"}],"version-history":[{"count":36,"href":"https:\/\/www.blmovil.com\/en\/wp-json\/wp\/v2\/pages\/8931\/revisions"}],"predecessor-version":[{"id":10534,"href":"https:\/\/www.blmovil.com\/en\/wp-json\/wp\/v2\/pages\/8931\/revisions\/10534"}],"wp:attachment":[{"href":"https:\/\/www.blmovil.com\/en\/wp-json\/wp\/v2\/media?parent=8931"}],"curies":[{"name":"wp","href":"https:\/\/api.w.org\/{rel}","templated":true}]}}