{"id":10784,"date":"2022-08-25T10:10:46","date_gmt":"2022-08-25T15:10:46","guid":{"rendered":"https:\/\/www.blmovil.com\/?page_id=10784"},"modified":"2022-08-25T10:14:06","modified_gmt":"2022-08-25T15:14:06","slug":"blmams","status":"publish","type":"page","link":"https:\/\/www.blmovil.com\/en\/blmams\/","title":{"rendered":"BLMAMS"},"content":{"rendered":"\n<p class=\"has-text-align-justify\">BLMAMS es un sistema de Gesti\u00f3n de Alertas, desarrollado principalmente para la gesti\u00f3n de alertas en empresas de manufactura, aunque puede utilizarse en m\u00faltiples sectores.<\/p>\n\n\n\n<p>El sistema permite definir las tipolog\u00edas de las alertas y los SLA y escalamientos por cada tipo de alerta. Cada alerta va a disponer de un responsable, la fecha de la incidencia, los clientes que se ven afectados, la descripci\u00f3n de la alerta, as\u00ed como las personas a las que notificar de los cambios en el estado, las personas  a las que escalar en un primer y segundo nivel, indicando los d\u00edas en los que hay que escalar las alertas.<\/p>\n\n\n\n<figure class=\"wp-block-image aligncenter size-large\"><img loading=\"lazy\" decoding=\"async\" width=\"1024\" height=\"608\" src=\"https:\/\/www.blmovil.com\/wp-content\/uploads\/sites\/3\/2022\/08\/AMS1-1024x608.jpg\" alt=\"\" class=\"wp-image-10785\" srcset=\"https:\/\/www.blmovil.com\/en\/wp-content\/uploads\/sites\/28\/2022\/08\/AMS1-1024x608.jpg 1024w, https:\/\/www.blmovil.com\/en\/wp-content\/uploads\/sites\/28\/2022\/08\/AMS1-300x178.jpg 300w, https:\/\/www.blmovil.com\/en\/wp-content\/uploads\/sites\/28\/2022\/08\/AMS1-768x456.jpg 768w, https:\/\/www.blmovil.com\/en\/wp-content\/uploads\/sites\/28\/2022\/08\/AMS1-1536x912.jpg 1536w, https:\/\/www.blmovil.com\/en\/wp-content\/uploads\/sites\/28\/2022\/08\/AMS1-500x297.jpg 500w, https:\/\/www.blmovil.com\/en\/wp-content\/uploads\/sites\/28\/2022\/08\/AMS1-800x475.jpg 800w, https:\/\/www.blmovil.com\/en\/wp-content\/uploads\/sites\/28\/2022\/08\/AMS1-1280x760.jpg 1280w, https:\/\/www.blmovil.com\/en\/wp-content\/uploads\/sites\/28\/2022\/08\/AMS1-600x356.jpg 600w, https:\/\/www.blmovil.com\/en\/wp-content\/uploads\/sites\/28\/2022\/08\/AMS1.jpg 1575w\" sizes=\"auto, (max-width: 1024px) 100vw, 1024px\" \/><\/figure>\n\n\n\n<p>Al acceder al sistema, se muestra el listado de las alertas abiertas en cada momento, mostrando mediante colores el estado de las alertas y si se encuentran en plazo o no. Se muestra el plazo transcurrido desde la incidencia, el plan de acci\u00f3n, con las tareas que se est\u00e1n realizando para mitigar el problema y se dispondr\u00e1 de un acceso a la lecci\u00f3n aprendida.<\/p>\n\n\n\n<figure class=\"wp-block-image aligncenter size-large\"><img loading=\"lazy\" decoding=\"async\" width=\"1024\" height=\"315\" src=\"https:\/\/www.blmovil.com\/wp-content\/uploads\/sites\/3\/2022\/08\/AMS2-1024x315.jpg\" alt=\"\" class=\"wp-image-10786\" srcset=\"https:\/\/www.blmovil.com\/en\/wp-content\/uploads\/sites\/28\/2022\/08\/AMS2-1024x315.jpg 1024w, https:\/\/www.blmovil.com\/en\/wp-content\/uploads\/sites\/28\/2022\/08\/AMS2-300x92.jpg 300w, https:\/\/www.blmovil.com\/en\/wp-content\/uploads\/sites\/28\/2022\/08\/AMS2-768x236.jpg 768w, https:\/\/www.blmovil.com\/en\/wp-content\/uploads\/sites\/28\/2022\/08\/AMS2-1536x473.jpg 1536w, https:\/\/www.blmovil.com\/en\/wp-content\/uploads\/sites\/28\/2022\/08\/AMS2-500x154.jpg 500w, https:\/\/www.blmovil.com\/en\/wp-content\/uploads\/sites\/28\/2022\/08\/AMS2-800x246.jpg 800w, https:\/\/www.blmovil.com\/en\/wp-content\/uploads\/sites\/28\/2022\/08\/AMS2-1280x394.jpg 1280w, https:\/\/www.blmovil.com\/en\/wp-content\/uploads\/sites\/28\/2022\/08\/AMS2-600x185.jpg 600w, https:\/\/www.blmovil.com\/en\/wp-content\/uploads\/sites\/28\/2022\/08\/AMS2.jpg 1911w\" sizes=\"auto, (max-width: 1024px) 100vw, 1024px\" \/><\/figure>\n\n\n\n<p><\/p>\n","protected":false},"excerpt":{"rendered":"excerpt","protected":false},"author":1,"featured_media":0,"parent":0,"menu_order":0,"comment_status":"closed","ping_status":"closed","template":"","meta":{"_acf_changed":false,"_uag_custom_page_level_css":"","_trash_the_other_posts":false,"_editorskit_title_hidden":false,"_editorskit_reading_time":1,"_editorskit_is_block_options_detached":false,"_editorskit_block_options_position":"{}","site-sidebar-layout":"default","site-content-layout":"","ast-site-content-layout":"default","site-content-style":"default","site-sidebar-style":"default","ast-global-header-display":"","ast-banner-title-visibility":"","ast-main-header-display":"","ast-hfb-above-header-display":"","ast-hfb-below-header-display":"","ast-hfb-mobile-header-display":"","site-post-title":"","ast-breadcrumbs-content":"","ast-featured-img":"","footer-sml-layout":"","ast-disable-related-posts":"","theme-transparent-header-meta":"","adv-header-id-meta":"","stick-header-meta":"","header-above-stick-meta":"","header-main-stick-meta":"","header-below-stick-meta":"","astra-migrate-meta-layouts":"default","ast-page-background-enabled":"default","ast-page-background-meta":{"desktop":{"background-color":"var(--ast-global-color-4)","background-image":"","background-repeat":"repeat","background-position":"center center","background-size":"auto","background-attachment":"scroll","background-type":"","background-media":"","overlay-type":"","overlay-color":"","overlay-opacity":"","overlay-gradient":""},"tablet":{"background-color":"","background-image":"","background-repeat":"repeat","background-position":"center center","background-size":"auto","background-attachment":"scroll","background-type":"","background-media":"","overlay-type":"","overlay-color":"","overlay-opacity":"","overlay-gradient":""},"mobile":{"background-color":"","background-image":"","background-repeat":"repeat","background-position":"center center","background-size":"auto","background-attachment":"scroll","background-type":"","background-media":"","overlay-type":"","overlay-color":"","overlay-opacity":"","overlay-gradient":""}},"ast-content-background-meta":{"desktop":{"background-color":"var(--ast-global-color-5)","background-image":"","background-repeat":"repeat","background-position":"center center","background-size":"auto","background-attachment":"scroll","background-type":"","background-media":"","overlay-type":"","overlay-color":"","overlay-opacity":"","overlay-gradient":""},"tablet":{"background-color":"var(--ast-global-color-5)","background-image":"","background-repeat":"repeat","background-position":"center center","background-size":"auto","background-attachment":"scroll","background-type":"","background-media":"","overlay-type":"","overlay-color":"","overlay-opacity":"","overlay-gradient":""},"mobile":{"background-color":"var(--ast-global-color-5)","background-image":"","background-repeat":"repeat","background-position":"center center","background-size":"auto","background-attachment":"scroll","background-type":"","background-media":"","overlay-type":"","overlay-color":"","overlay-opacity":"","overlay-gradient":""}},"episode_type":"","audio_file":"","podmotor_file_id":"","podmotor_episode_id":"","cover_image":"","cover_image_id":"","duration":"","filesize":"","filesize_raw":"","date_recorded":"","explicit":"","block":"","itunes_episode_number":"","itunes_title":"","itunes_season_number":"","itunes_episode_type":"","footnotes":""},"class_list":["post-10784","page","type-page","status-publish","hentry"],"acf":[],"yoast_head":"<!-- This site is optimized with the Yoast SEO plugin v27.3 - https:\/\/yoast.com\/product\/yoast-seo-wordpress\/ -->\n<title>BLMAMS - BLMovil<\/title>\n<meta name=\"description\" content=\"BLMAMS es un sistema de gesti\u00f3n de alertas de producci\u00f3n, especializado para empresas de manufactura, que le van a permitir gestionar las alertas m\u00e1s eficazmente\" \/>\n<meta name=\"robots\" content=\"index, follow, max-snippet:-1, max-image-preview:large, max-video-preview:-1\" \/>\n<link rel=\"canonical\" href=\"https:\/\/www.blmovil.com\/en\/blmams\/\" \/>\n<meta property=\"og:locale\" content=\"en_US\" \/>\n<meta property=\"og:type\" content=\"article\" \/>\n<meta property=\"og:title\" content=\"BLMAMS - BLMovil\" \/>\n<meta property=\"og:description\" content=\"BLMAMS es un sistema de gesti\u00f3n de alertas de producci\u00f3n, especializado para empresas de manufactura, que le van a permitir gestionar las alertas m\u00e1s eficazmente\" \/>\n<meta property=\"og:url\" content=\"https:\/\/www.blmovil.com\/en\/blmams\/\" \/>\n<meta property=\"og:site_name\" content=\"BLMovil\" \/>\n<meta property=\"article:publisher\" content=\"https:\/\/www.facebook.com\/BLMovil\" \/>\n<meta property=\"article:modified_time\" content=\"2022-08-25T15:14:06+00:00\" \/>\n<meta property=\"og:image\" content=\"https:\/\/www.blmovil.com\/wp-content\/uploads\/sites\/3\/2022\/08\/AMS1-1024x608.jpg\" \/>\n<meta name=\"twitter:card\" content=\"summary_large_image\" \/>\n<meta name=\"twitter:label1\" content=\"Est. reading time\" \/>\n\t<meta name=\"twitter:data1\" content=\"2 minutes\" \/>\n<script type=\"application\/ld+json\" class=\"yoast-schema-graph\">{\"@context\":\"https:\\\/\\\/schema.org\",\"@graph\":[{\"@type\":\"WebPage\",\"@id\":\"https:\\\/\\\/www.blmovil.com\\\/en\\\/blmams\\\/\",\"url\":\"https:\\\/\\\/www.blmovil.com\\\/en\\\/blmams\\\/\",\"name\":\"BLMAMS - BLMovil\",\"isPartOf\":{\"@id\":\"https:\\\/\\\/www.blmovil.com\\\/en\\\/#website\"},\"primaryImageOfPage\":{\"@id\":\"https:\\\/\\\/www.blmovil.com\\\/en\\\/blmams\\\/#primaryimage\"},\"image\":{\"@id\":\"https:\\\/\\\/www.blmovil.com\\\/en\\\/blmams\\\/#primaryimage\"},\"thumbnailUrl\":\"https:\\\/\\\/www.blmovil.com\\\/wp-content\\\/uploads\\\/sites\\\/3\\\/2022\\\/08\\\/AMS1-1024x608.jpg\",\"datePublished\":\"2022-08-25T15:10:46+00:00\",\"dateModified\":\"2022-08-25T15:14:06+00:00\",\"description\":\"BLMAMS es un sistema de gesti\u00f3n de alertas de producci\u00f3n, especializado para empresas de manufactura, que le van a permitir gestionar las alertas m\u00e1s eficazmente\",\"breadcrumb\":{\"@id\":\"https:\\\/\\\/www.blmovil.com\\\/en\\\/blmams\\\/#breadcrumb\"},\"inLanguage\":\"en-US\",\"potentialAction\":[{\"@type\":\"ReadAction\",\"target\":[\"https:\\\/\\\/www.blmovil.com\\\/en\\\/blmams\\\/\"]}]},{\"@type\":\"ImageObject\",\"inLanguage\":\"en-US\",\"@id\":\"https:\\\/\\\/www.blmovil.com\\\/en\\\/blmams\\\/#primaryimage\",\"url\":\"https:\\\/\\\/www.blmovil.com\\\/wp-content\\\/uploads\\\/sites\\\/3\\\/2022\\\/08\\\/AMS1-1024x608.jpg\",\"contentUrl\":\"https:\\\/\\\/www.blmovil.com\\\/wp-content\\\/uploads\\\/sites\\\/3\\\/2022\\\/08\\\/AMS1-1024x608.jpg\"},{\"@type\":\"BreadcrumbList\",\"@id\":\"https:\\\/\\\/www.blmovil.com\\\/en\\\/blmams\\\/#breadcrumb\",\"itemListElement\":[{\"@type\":\"ListItem\",\"position\":1,\"name\":\"Inicio\",\"item\":\"https:\\\/\\\/www.blmovil.com\\\/en\\\/\"},{\"@type\":\"ListItem\",\"position\":2,\"name\":\"BLMAMS\"}]},{\"@type\":\"WebSite\",\"@id\":\"https:\\\/\\\/www.blmovil.com\\\/en\\\/#website\",\"url\":\"https:\\\/\\\/www.blmovil.com\\\/en\\\/\",\"name\":\"BLMovil\",\"description\":\"Si tienes una idea nosotros te la desarrollamos\",\"publisher\":{\"@id\":\"https:\\\/\\\/www.blmovil.com\\\/en\\\/#organization\"},\"potentialAction\":[{\"@type\":\"SearchAction\",\"target\":{\"@type\":\"EntryPoint\",\"urlTemplate\":\"https:\\\/\\\/www.blmovil.com\\\/en\\\/?s={search_term_string}\"},\"query-input\":{\"@type\":\"PropertyValueSpecification\",\"valueRequired\":true,\"valueName\":\"search_term_string\"}}],\"inLanguage\":\"en-US\"},{\"@type\":\"Organization\",\"@id\":\"https:\\\/\\\/www.blmovil.com\\\/en\\\/#organization\",\"name\":\"BLMovil\",\"url\":\"https:\\\/\\\/www.blmovil.com\\\/en\\\/\",\"logo\":{\"@type\":\"ImageObject\",\"inLanguage\":\"en-US\",\"@id\":\"https:\\\/\\\/www.blmovil.com\\\/en\\\/#\\\/schema\\\/logo\\\/image\\\/\",\"url\":\"https:\\\/\\\/www.blmovil.com\\\/wp-content\\\/uploads\\\/sites\\\/3\\\/2019\\\/10\\\/favicon.png\",\"contentUrl\":\"https:\\\/\\\/www.blmovil.com\\\/wp-content\\\/uploads\\\/sites\\\/3\\\/2019\\\/10\\\/favicon.png\",\"width\":128,\"height\":128,\"caption\":\"BLMovil\"},\"image\":{\"@id\":\"https:\\\/\\\/www.blmovil.com\\\/en\\\/#\\\/schema\\\/logo\\\/image\\\/\"},\"sameAs\":[\"https:\\\/\\\/www.facebook.com\\\/BLMovil\"]}]}<\/script>\n<!-- \/ Yoast SEO plugin. -->","yoast_head_json":{"title":"BLMAMS - BLMovil","description":"BLMAMS es un sistema de gesti\u00f3n de alertas de producci\u00f3n, especializado para empresas de manufactura, que le van a permitir gestionar las alertas m\u00e1s eficazmente","robots":{"index":"index","follow":"follow","max-snippet":"max-snippet:-1","max-image-preview":"max-image-preview:large","max-video-preview":"max-video-preview:-1"},"canonical":"https:\/\/www.blmovil.com\/en\/blmams\/","og_locale":"en_US","og_type":"article","og_title":"BLMAMS - BLMovil","og_description":"BLMAMS es un sistema de gesti\u00f3n de alertas de producci\u00f3n, especializado para empresas de manufactura, que le van a permitir gestionar las alertas m\u00e1s eficazmente","og_url":"https:\/\/www.blmovil.com\/en\/blmams\/","og_site_name":"BLMovil","article_publisher":"https:\/\/www.facebook.com\/BLMovil","article_modified_time":"2022-08-25T15:14:06+00:00","og_image":[{"url":"https:\/\/www.blmovil.com\/wp-content\/uploads\/sites\/3\/2022\/08\/AMS1-1024x608.jpg","type":"","width":"","height":""}],"twitter_card":"summary_large_image","twitter_misc":{"Est. reading time":"2 minutes"},"schema":{"@context":"https:\/\/schema.org","@graph":[{"@type":"WebPage","@id":"https:\/\/www.blmovil.com\/en\/blmams\/","url":"https:\/\/www.blmovil.com\/en\/blmams\/","name":"BLMAMS - BLMovil","isPartOf":{"@id":"https:\/\/www.blmovil.com\/en\/#website"},"primaryImageOfPage":{"@id":"https:\/\/www.blmovil.com\/en\/blmams\/#primaryimage"},"image":{"@id":"https:\/\/www.blmovil.com\/en\/blmams\/#primaryimage"},"thumbnailUrl":"https:\/\/www.blmovil.com\/wp-content\/uploads\/sites\/3\/2022\/08\/AMS1-1024x608.jpg","datePublished":"2022-08-25T15:10:46+00:00","dateModified":"2022-08-25T15:14:06+00:00","description":"BLMAMS es un sistema de gesti\u00f3n de alertas de producci\u00f3n, especializado para empresas de manufactura, que le van a permitir gestionar las alertas m\u00e1s eficazmente","breadcrumb":{"@id":"https:\/\/www.blmovil.com\/en\/blmams\/#breadcrumb"},"inLanguage":"en-US","potentialAction":[{"@type":"ReadAction","target":["https:\/\/www.blmovil.com\/en\/blmams\/"]}]},{"@type":"ImageObject","inLanguage":"en-US","@id":"https:\/\/www.blmovil.com\/en\/blmams\/#primaryimage","url":"https:\/\/www.blmovil.com\/wp-content\/uploads\/sites\/3\/2022\/08\/AMS1-1024x608.jpg","contentUrl":"https:\/\/www.blmovil.com\/wp-content\/uploads\/sites\/3\/2022\/08\/AMS1-1024x608.jpg"},{"@type":"BreadcrumbList","@id":"https:\/\/www.blmovil.com\/en\/blmams\/#breadcrumb","itemListElement":[{"@type":"ListItem","position":1,"name":"Inicio","item":"https:\/\/www.blmovil.com\/en\/"},{"@type":"ListItem","position":2,"name":"BLMAMS"}]},{"@type":"WebSite","@id":"https:\/\/www.blmovil.com\/en\/#website","url":"https:\/\/www.blmovil.com\/en\/","name":"BLMovil","description":"Si tienes una idea nosotros te la desarrollamos","publisher":{"@id":"https:\/\/www.blmovil.com\/en\/#organization"},"potentialAction":[{"@type":"SearchAction","target":{"@type":"EntryPoint","urlTemplate":"https:\/\/www.blmovil.com\/en\/?s={search_term_string}"},"query-input":{"@type":"PropertyValueSpecification","valueRequired":true,"valueName":"search_term_string"}}],"inLanguage":"en-US"},{"@type":"Organization","@id":"https:\/\/www.blmovil.com\/en\/#organization","name":"BLMovil","url":"https:\/\/www.blmovil.com\/en\/","logo":{"@type":"ImageObject","inLanguage":"en-US","@id":"https:\/\/www.blmovil.com\/en\/#\/schema\/logo\/image\/","url":"https:\/\/www.blmovil.com\/wp-content\/uploads\/sites\/3\/2019\/10\/favicon.png","contentUrl":"https:\/\/www.blmovil.com\/wp-content\/uploads\/sites\/3\/2019\/10\/favicon.png","width":128,"height":128,"caption":"BLMovil"},"image":{"@id":"https:\/\/www.blmovil.com\/en\/#\/schema\/logo\/image\/"},"sameAs":["https:\/\/www.facebook.com\/BLMovil"]}]}},"featured_image_src":null,"featured_image_src_square":null,"uagb_featured_image_src":{"full":false,"thumbnail":false,"medium":false,"medium_large":false,"large":false,"course_archive_thumbnail":false,"course_single_thumbnail":false,"lesson_archive_thumbnail":false,"lesson_single_thumbnail":false,"1536x1536":false,"2048x2048":false,"gb-block-post-grid-landscape":false,"gb-block-post-grid-square":false,"woocommerce_thumbnail":false,"woocommerce_single":false,"woocommerce_gallery_thumbnail":false,"awb_sm":false,"awb_md":false,"awb_lg":false,"awb_xl":false},"uagb_author_info":{"display_name":"Jorge Bernal","author_link":"https:\/\/www.blmovil.com\/en\/author\/hovait\/"},"uagb_comment_info":0,"uagb_excerpt":"BLMAMS es un sistema de Gesti\u00f3n de Alertas, desarrollado principalmente para la gesti\u00f3n de alertas en empresas de manufactura, aunque puede utilizarse en m\u00faltiples sectores. El sistema permite definir las tipolog\u00edas de las alertas y los SLA y escalamientos por cada tipo de alerta. Cada alerta va a disponer de un responsable, la fecha de&hellip;","_links":{"self":[{"href":"https:\/\/www.blmovil.com\/en\/wp-json\/wp\/v2\/pages\/10784","targetHints":{"allow":["GET"]}}],"collection":[{"href":"https:\/\/www.blmovil.com\/en\/wp-json\/wp\/v2\/pages"}],"about":[{"href":"https:\/\/www.blmovil.com\/en\/wp-json\/wp\/v2\/types\/page"}],"author":[{"embeddable":true,"href":"https:\/\/www.blmovil.com\/en\/wp-json\/wp\/v2\/users\/1"}],"replies":[{"embeddable":true,"href":"https:\/\/www.blmovil.com\/en\/wp-json\/wp\/v2\/comments?post=10784"}],"version-history":[{"count":2,"href":"https:\/\/www.blmovil.com\/en\/wp-json\/wp\/v2\/pages\/10784\/revisions"}],"predecessor-version":[{"id":10790,"href":"https:\/\/www.blmovil.com\/en\/wp-json\/wp\/v2\/pages\/10784\/revisions\/10790"}],"wp:attachment":[{"href":"https:\/\/www.blmovil.com\/en\/wp-json\/wp\/v2\/media?parent=10784"}],"curies":[{"name":"wp","href":"https:\/\/api.w.org\/{rel}","templated":true}]}}